{"id":155600,"date":"2021-03-16T08:27:47","date_gmt":"2021-03-16T13:27:47","guid":{"rendered":"https:\/\/www.acrartex.com\/products\/resqflare-sikkerhetssett-elektronisk-led-nodsignal-og-signal-for-bat\/"},"modified":"2025-12-19T00:00:42","modified_gmt":"2025-12-19T05:00:42","slug":"resqflare-sikkerhetssett-elektronisk-led-nodsignal-og-signal-for-bat","status":"publish","type":"product","link":"https:\/\/www.acrartex.com\/no\/products\/resqflare-sikkerhetssett-elektronisk-led-nodsignal-og-signal-for-bat\/","title":{"rendered":"ResQFlare sikkerhetssett \u2013 Elektronisk LED-n\u00f8dsignal og -signal for b\u00e5t"},"content":{"rendered":"<h2>B\u00e5tbluss har blitt mye tryggere med det nye ResQFlare sikkerhetssettet<\/h2>\n<p style=\"margin: 0in;\"><span style=\"font-size: 10pt;\"><span style=\"font-size: 11.0pt;\"><span style=\"background: white;\"><span style=\"color: black;\">Denne pakken inneholder f\u00f8lgende viktige sikkerhetsprodukter:<\/span><\/span><\/span><\/span><\/p>\n<ul>\n<li style=\"margin-top: 0in; margin-right: 13.5pt; margin-bottom: .0001pt; margin: 0in;\"><a href=\"https:\/\/www.acrartex.com\/es\/products\/resqflare-bengala-electronica-led-de-emergencia-para-embarcaciones\/\"><span style=\"font-size: 10pt;\"><span style=\"background: white;\"><span style=\"font-size: 11.0pt;\"><span style=\"background: white;\"><span style=\"color: black;\">ResQFlare \u2122 Elektronisk n\u00f8dsignal for b\u00e5t<\/span><\/span><\/span><\/span><\/span><\/a><\/li>\n<li style=\"margin-top: 0in; margin-right: 13.5pt; margin-bottom: .0001pt; margin: 0in;\"><a href=\"https:\/\/www.acrartex.com\/es\/products\/resqflare-bengala-electronica-led-de-emergencia-para-embarcaciones\/\"><span style=\"font-size: 10pt;\"><span style=\"background: white;\"><span style=\"font-size: 11.0pt;\"><span style=\"background: white;\"><span style=\"color: black;\">ACR -n\u00f8dflagg<\/span><\/span><\/span><\/span><\/span><\/a><\/li>\n<li style=\"margin-top: 0in; margin-right: 13.5pt; margin-bottom: .0001pt; margin: 0in;\"><a href=\"https:\/\/www.acrartex.com\/es\/products\/c-focos\/\"><span style=\"font-size: 10pt;\"><span style=\"background: white;\"><span style=\"font-size: 11.0pt;\"><span style=\"background: white;\"><span style=\"color: black;\">C-Strobe\u2122 redningslys<\/span><\/span><\/span><\/span><\/span><\/a><\/li>\n<li style=\"margin-top: 0in; margin-right: 13.5pt; margin-bottom: .0001pt; margin: 0in;\"><span style=\"font-size: 10pt;\"><span style=\"background: white;\"><span style=\"font-size: 11.0pt;\"><span style=\"background: white;\"><span style=\"color: black;\">Signalspeil<\/span><\/span><\/span><\/span><\/span><\/li>\n<li style=\"margin-top: 0in; margin-right: 13.5pt; margin-bottom: .0001pt; margin: 0in;\"><span style=\"font-size: 10pt;\"><span style=\"background: white;\"><span style=\"font-size: 11.0pt;\"><span style=\"color: black;\">RapidDitch t\u00f8rrpose<\/span><\/span><\/span><\/span><\/li>\n<\/ul>\n<p style=\"margin: 0in;\"><span style=\"font-size: 10pt;\"><span style=\"font-size: 11.0pt;\"><span style=\"background: white;\"><span style=\"color: black;\"><a href=\"https:\/\/www.acrartex.com\/es\/products\/resqflare-bengala-electronica-led-de-emergencia-para-embarcaciones\/\">L\u00e6r mer om hvordan ResQFlare og n\u00f8dflagget<\/a> ikke bare overholder USCGs forskrifter for bluss, men ogs\u00e5 holder familien din tryggere.<\/span><\/span><\/span><\/span><\/p>\n<ul>\n<li style=\"margin: 0in 0in 0.0001pt;\"><span style=\"font-size: 10pt;\"><span style=\"font-size: 11.0pt;\">Ingen utl\u00f8psdato (brukerutskiftbare C-batterier)<\/span><\/span><\/li>\n<li style=\"margin: 0in 0in 0.0001pt;\"><span style=\"font-size: 10pt;\"><span style=\"font-size: 11.0pt;\">Familiesikker (ingen brennende flamme), tryggere \u00e5 bruke med oppbl\u00e5sbare redningsvester (PFD-er) og redningsfl\u00e5ter<\/span><\/span><\/li>\n<li style=\"margin: 0in 0in 0.0001pt;\"><span style=\"font-size: 10pt;\"><span style=\"font-size: 11.0pt;\">Enkel \u00e5 betjene (slik at selv barn og f\u00f8rstegangsb\u00e5tfolk kan bruke den i n\u00f8dstilfeller)  <\/span><\/span><\/li>\n<li style=\"margin: 0in 0in 0.0001pt;\"><span style=\"font-size: 10pt;\"><span style=\"font-size: 11.0pt;\">Ingen problemer med de eksisterende strenge obligatoriske avhendingskravene for pyrotekniske bluss (lovlig ansett som farlig materiale)<\/span><\/span><\/li>\n<li style=\"margin: 0in 0in 0.0001pt;\"><span style=\"font-size: 10pt;\"><span style=\"font-size: 11.0pt;\">Vanntett og flytebestandig  <\/span><\/span><\/li>\n<li style=\"margin: 0in 0in 0.0001pt;\"><span style=\"font-size: 10pt;\"><span style=\"font-size: 11.0pt;\">Engangskj\u00f8p (mindre kostnad over produktets levetid)<\/span><\/span><\/li>\n<\/ul>\n<h2><span style=\"font-size: 10pt;\"><b><span style=\"font-size: 12.0pt;\">Produktegenskaper og fordeler med b\u00e5tutvidelsessett:<\/span><\/b><\/span><\/h2>\n<ul>\n<li style=\"margin: 0in 0in 0.0001pt;\"><span style=\"font-size: 10pt;\"><span style=\"font-size: 11.0pt;\">ResQFlare og det inkluderte n\u00f8dflagget, n\u00e5r de b\u00e6res sammen, kvalifiserer som erstatning for b\u00e6ring av USCG pyrotekniske b\u00e5tbluss og b\u00e5tblusspistoler (kun USA)<\/span><\/span><\/li>\n<li style=\"margin-right: 13.5pt; margin: 0in 0in 0.0001pt;\"><span style=\"font-size: 10pt;\"><span style=\"background: white;\"><span style=\"color: black;\"><span style=\"font-size: 11.0pt;\">Sterkt lys i alle retninger (360\u00b0 sikt) som er synlig i over 9,6 km<\/span><\/span><\/span><\/span><\/li>\n<li style=\"margin-right: 13.5pt; margin: 0in 0in 0.0001pt;\"><span style=\"font-size: 10pt;\"><span style=\"background: white;\"><span style=\"color: black;\"><span style=\"font-size: 11.0pt;\">Vanntett t\u00f8rrveske med stropp oppbevarer alt sikkerhetsutstyr p\u00e5 et praktisk sted<\/span><\/span><\/span><\/span><\/li>\n<li style=\"margin-right: 13.5pt; margin: 0in 0in 0.0001pt;\"><span style=\"color: #000000;\"><span style=\"font-size: 14.6667px;\">Signalspeil og n\u00f8dflagg gir n\u00f8dvarsling p\u00e5 dagtid<\/span><\/span><\/li>\n<li style=\"margin: 0in 0in 0.0001pt;\"><span style=\"font-size: 10pt;\"><span style=\"font-size: 11.0pt;\"><span style=\"color: black;\">Redningsvestlys hjelper med visuell n\u00f8dlokalisering<\/span><\/span><\/span><\/li>\n<\/ul>\n<h3 style=\"margin: 0in 0in 0.0001pt;\"><strong>ResQFlare i nyhetene:<\/strong><\/h3>\n<p><a href=\"https:\/\/www.sailingworld.com\/story\/gear\/safe-distress-flare-alternative\/\">Sailing World \u2013 et trygt alternativ til n\u00f8dbluss<\/a><\/p>\n<p><a href=\"https:\/\/www.greatlakesscuttlebutt.com\/news\/featured-news\/this-year-s-boating-finds\/\">Great Lakes Scuttlebutt \u2013 \u00e5rets b\u00e5tfunn<\/a><\/p>\n<p><a href=\"https:\/\/lakelandboating.com\/acr-electronics-introduces-new-alternative-to-pyrotechnic-flares\/\">Lakeland Boating \u2013 ACR Electronics introduserer nytt alternativ til pyrotekniske bluss<\/a><\/p>\n","protected":false},"excerpt":{"rendered":"<p style=\"margin: 0in;\">ResQFlare elektroniske n\u00f8dblusssett gir deg utstyret som er n\u00f8dvendig for \u00e5 holde deg trygg, og lar deg signalisere etter hjelp hvis du skulle m\u00f8te en n\u00f8dsituasjon p\u00e5 vannet. ResQFlare leveres med et n\u00f8dflagg p\u00e5 dagtid, og n\u00e5r disse to artiklene b\u00e6res sammen, oppfyller de gjeldende krav fra den amerikanske kystvakten, slik at de kan b\u00e6res i stedet for tradisjonelle pyrotekniske bluss (kun i USA). ResQFlare sikkerhetssett gir b\u00e5tf\u00f8rere bekvemmeligheten av \u00e5 ikke lenger m\u00e5tte kj\u00f8pe eller kvitte seg med pyrotekniske bluss, og blir et uvurderlig sikkerhetstilbeh\u00f8r.  <\/p>\n<h4><span style=\"color: #ff0000;\"><strong>Stolt laget i USA!<\/strong><\/span><\/h4>\n<p style=\"margin: 0in;\"><a href=\"https:\/\/www.dropbox.com\/s\/0ezw0kexbm120vv\/Prop%2065%20-%20Lead%20and%20Lead%20Compounds.pdf?dl=0\">ADVARSEL: FORSLAG 65<\/a><\/p>\n<p><a href=\"https:\/\/www.acrartex.com\/wp-content\/uploads\/2021\/03\/10_Off_Tag_.webp\"><img loading=\"lazy\" decoding=\"async\" class=\"alignnone wp-image-126151\" src=\"https:\/\/www.acrartex.com\/wp-content\/uploads\/2021\/03\/10_Off_Tag_.webp\" alt=\"\" width=\"145\" height=\"60\" srcset=\"https:\/\/www.acrartex.com\/wp-content\/uploads\/2021\/03\/10_Off_Tag_.webp 300w, https:\/\/www.acrartex.com\/wp-content\/uploads\/2021\/03\/10_Off_Tag_-60x25.webp 60w, https:\/\/www.acrartex.com\/wp-content\/uploads\/2021\/03\/10_Off_Tag_-110x45.webp 110w\" sizes=\"auto, (max-width: 145px) 100vw, 145px\" \/><\/a><\/p>\n<p style=\"margin: 0in;\">\n","protected":false},"featured_media":155900,"template":"","meta":{"_acf_changed":false,"om_disable_all_campaigns":false},"product_brand":[],"product_cat":[5858,5865,5635,5860,5862,5873,5870,5686],"product_tag":[12107,12091,12023,12037,12183,12010,12073,11998,12154,12140,12061,12128,12049,12196,11988,12163,12173,12120],"class_list":{"0":"post-155600","1":"product","2":"type-product","3":"status-publish","4":"has-post-thumbnail","6":"product_cat-inn-i-landet-no","7":"product_cat-kommersiell-no-2","8":"product_cat-marine-no","9":"product_cat-naer-kysten","10":"product_cat-offshore-no","11":"product_cat-padlesport-fiske","12":"product_cat-reiseutstyr","13":"product_cat-utendors","14":"product_tag-batbluss-no","15":"product_tag-batbluss","16":"product_tag-bluss","17":"product_tag-bluss-no","18":"product_tag-blusspistol","19":"product_tag-e-flare-no","20":"product_tag-eflare-no","21":"product_tag-elektronisk-bluss","22":"product_tag-handholdt-bluss","23":"product_tag-led-bluss","24":"product_tag-led-nodlys-no","25":"product_tag-marin-bluss","26":"product_tag-nodbluss","27":"product_tag-nodbluss-no","28":"product_tag-resqflare-no","29":"product_tag-rodt-bluss","30":"product_tag-roykbluss","31":"product_tag-signalbluss","33":"first","34":"instock","35":"taxable","36":"shipping-taxable","37":"purchasable","38":"product-type-simple"},"acf":[],"_links":{"self":[{"href":"https:\/\/www.acrartex.com\/no\/wp-json\/wp\/v2\/product\/155600","targetHints":{"allow":["GET"]}}],"collection":[{"href":"https:\/\/www.acrartex.com\/no\/wp-json\/wp\/v2\/product"}],"about":[{"href":"https:\/\/www.acrartex.com\/no\/wp-json\/wp\/v2\/types\/product"}],"wp:featuredmedia":[{"embeddable":true,"href":"https:\/\/www.acrartex.com\/no\/wp-json\/wp\/v2\/media\/155900"}],"wp:attachment":[{"href":"https:\/\/www.acrartex.com\/no\/wp-json\/wp\/v2\/media?parent=155600"}],"wp:term":[{"taxonomy":"product_brand","embeddable":true,"href":"https:\/\/www.acrartex.com\/no\/wp-json\/wp\/v2\/product_brand?post=155600"},{"taxonomy":"product_cat","embeddable":true,"href":"https:\/\/www.acrartex.com\/no\/wp-json\/wp\/v2\/product_cat?post=155600"},{"taxonomy":"product_tag","embeddable":true,"href":"https:\/\/www.acrartex.com\/no\/wp-json\/wp\/v2\/product_tag?post=155600"}],"curies":[{"name":"wp","href":"https:\/\/api.w.org\/{rel}","templated":true}]}}