{"id":155230,"date":"2021-03-16T08:17:27","date_gmt":"2021-03-16T13:17:27","guid":{"rendered":"https:\/\/www.acrartex.com\/products\/sm-2-markeringslys\/"},"modified":"2021-03-16T08:17:27","modified_gmt":"2021-03-16T13:17:27","slug":"sm-2-markeringslys","status":"publish","type":"product","link":"https:\/\/www.acrartex.com\/no\/products\/sm-2-markeringslys\/","title":{"rendered":"SM-2 markeringslys"},"content":{"rendered":"<p>Den retter seg automatisk opp og aktiveres n\u00e5r den er i vannet, og begynner \u00e5 blinke. Den fungerer i opptil 60 timer p\u00e5 et 6-volts lanternebatteri. Perfekt for kommersiell marine, petromarine, cruisers og alle bruksomr\u00e5der som trenger en p\u00e5litelig COB-lykt. <\/p>\n<ul>\n<li>Lysere lys i alle retninger<\/li>\n<li>Oppgradert polykarbonatblandingshus, forbedret slagfasthet; UV-, temperatur- og kjemikaliebestandig<\/li>\n<li>Perfekt for kommersiell marine, petromarine, dykkere, cruisere og alle bruksomr\u00e5der som trenger en p\u00e5litelig COB-lampe<\/li>\n<li>Retter seg automatisk opp og aktiveres n\u00e5r den er i vannet<\/li>\n<li>H\u00f8yintensivt xenon-strobelys gir 360\u00b0 sikt i mer enn 4,8 km<\/li>\n<li>Flyter oppreist under alle forhold<\/li>\n<li>Minimum 36 timers kontinuerlig driftstid<\/li>\n<\/ul>\n<p>Et sp\u00f8rsm\u00e5l om balanse<br \/>\n Markeringslys m\u00e5 per design flyte oppreist for maksimal synlighet. 6-volts lyktebatterier fungerer som ballast for disse lysene. Selv om batteriene kan v\u00e6re like store, f\u00f8rer de forskjellige kjemiske sammensetningene til at de har varierende vekt. Det er viktig at bare de foresl\u00e5tte 6-volts batterimodellene brukes. For lite ballast, og lykten vil ligge over p\u00e5 siden og v\u00e6re ineffektiv; for mye vekt, og lykten kan synke. Hvis det er tvil om riktig vekt p\u00e5 batteriet, test lykten ved \u00e5 plassere den p\u00e5 grunt vann. Hvis den flyter oppreist, er det bra, men hvis SM-2 synker, er batteriet for tungt.      <\/p>\n<p>Foresl\u00e5tte batterityper, skruterminalbatterier:<\/p>\n<ul>\n<li>ANSI\/NEDA: 915, 915C, 915D, 915AC<\/li>\n<li>Duracell: M915, PC915<\/li>\n<li>Rayovac\u00ae: 942, 945<\/li>\n<li>Eveready\u00ae: 510S<\/li>\n<\/ul>\n<p>Foresl\u00e5tte batterityper, fj\u00e6rpolbatterier:<\/p>\n<ul>\n<li>ANSI\/NEDA: 908, 908C, 908D, 908AC<\/li>\n<li>Duracell: M908, PC908<\/li>\n<li>Rayovac\u00ae: 941, 944<\/li>\n<li>Eveready\u00ae: 509, 1209<\/li>\n<li>Energisator: EN529 (ikke 529)<\/li>\n<li>Panasonic: W-4FD<\/li>\n<\/ul>\n","protected":false},"excerpt":{"rendered":"<p>SM-2 er utg\u00e5tt og erstattet med den <a href=\"https:\/\/www.acrartex.com\/products\/sm-3-lifebuoy-self-igniting-light\">nye SM-3 b\u00f8yemarkeringslykten (godkjent av USCG\/MED)<\/a> .<\/p>\n<p>SM-2 er et h\u00f8yintensivt xenon-strobelys som gir 360\u00b0 sikt i mer enn 4,8 km. Dette markeringslyset aktiveres automatisk og begynner \u00e5 strobe n\u00e5r det er i vannet, og fungerer i opptil 60 timer p\u00e5 et 6-volts lanternebatteri. Perfekt for kommersielle b\u00e5ter, bensinb\u00e5ter, cruisere og alle andre bruksomr\u00e5der som trenger et p\u00e5litelig COB-lys (Crew Overboard Marker). SM-2 flyter oppreist under alle forhold, slik at det fortsetter \u00e5 lyse n\u00e5r du trenger det som mest.  <\/p>\n<p>&nbsp;<\/p>\n<p><span style=\"color: #e74c3c;\">KODE: <strong>SHIPFREE20<\/strong> Gratis bakkefrakt p\u00e5 bestillinger over U$30. Gjelder ikke HI og AK <\/span><\/p>\n<p>&nbsp;<\/p>\n","protected":false},"featured_media":155334,"template":"","meta":{"_acf_changed":false,"om_disable_all_campaigns":false},"product_brand":[],"product_cat":[5635],"product_tag":[11529,11605,11509,11561,11437,11538,11593,11465,11457,11482,11447,11474,11492,11500,7982,11582,11549,11626,11616,11571,11519],"class_list":{"0":"post-155230","1":"product","2":"type-product","3":"status-publish","4":"has-post-thumbnail","6":"product_cat-marine-no","7":"product_tag-acr-elektronikk","8":"product_tag-et-strobelys","9":"product_tag-kjop-acr","10":"product_tag-marine-strobelys-no","11":"product_tag-markeringslys-no","12":"product_tag-oppblasbart-liv","13":"product_tag-salg-av-strobelys","14":"product_tag-sm-2-no-2","15":"product_tag-sm-2-no","16":"product_tag-sm-2-markeringslys-no","17":"product_tag-sm2-no","18":"product_tag-sm2-markeringslys-no","19":"product_tag-sm2-lys-no","20":"product_tag-sm2-strobe-no","21":"product_tag-strobe-no","22":"product_tag-strobe-nodlys-no","23":"product_tag-strobe-redningslys-no","24":"product_tag-strobeelektronikk","25":"product_tag-strobelysbutikk","26":"product_tag-strobelyset-no","27":"product_tag-strobesignal","28":"pa_product-arv-no","30":"first","31":"outofstock","32":"taxable","33":"shipping-taxable","34":"product-type-simple"},"acf":[],"_links":{"self":[{"href":"https:\/\/www.acrartex.com\/no\/wp-json\/wp\/v2\/product\/155230","targetHints":{"allow":["GET"]}}],"collection":[{"href":"https:\/\/www.acrartex.com\/no\/wp-json\/wp\/v2\/product"}],"about":[{"href":"https:\/\/www.acrartex.com\/no\/wp-json\/wp\/v2\/types\/product"}],"wp:featuredmedia":[{"embeddable":true,"href":"https:\/\/www.acrartex.com\/no\/wp-json\/wp\/v2\/media\/155334"}],"wp:attachment":[{"href":"https:\/\/www.acrartex.com\/no\/wp-json\/wp\/v2\/media?parent=155230"}],"wp:term":[{"taxonomy":"product_brand","embeddable":true,"href":"https:\/\/www.acrartex.com\/no\/wp-json\/wp\/v2\/product_brand?post=155230"},{"taxonomy":"product_cat","embeddable":true,"href":"https:\/\/www.acrartex.com\/no\/wp-json\/wp\/v2\/product_cat?post=155230"},{"taxonomy":"product_tag","embeddable":true,"href":"https:\/\/www.acrartex.com\/no\/wp-json\/wp\/v2\/product_tag?post=155230"}],"curies":[{"name":"wp","href":"https:\/\/api.w.org\/{rel}","templated":true}]}}