{"id":155186,"date":"2021-04-09T11:16:18","date_gmt":"2021-04-09T16:16:18","guid":{"rendered":"https:\/\/www.acrartex.com\/products\/dgl-1\/"},"modified":"2021-04-09T11:16:18","modified_gmt":"2021-04-09T16:16:18","slug":"dgl-1","status":"publish","type":"product","link":"https:\/\/www.acrartex.com\/no\/products\/dgl-1\/","title":{"rendered":"DGL-1"},"content":{"rendered":"<p>Fl\u00e5teoperat\u00f8rer vil kunne overf\u00f8re ELT-er mellom fly p\u00e5 en sv\u00e6rt effektiv og praktisk m\u00e5te. DGL-1 leveres festet til et toppdeksel. Toppdekselet og donglen forblir i flyet. N\u00e5r en ELT er installert, omprogrammerer DGL-1 ELT med flyets 24-biters adresse. DGL-1 er en perfekt match for operat\u00f8ren som \u00f8nsker automatisk programmeringsfunksjon, men ikke \u00f8nsker posisjonsdatafunksjonen til Artex ELT \/NAV-grensesnittet.    <\/p>\n<p>\u2022 Spesielt utviklet for fl\u00e5teoperat\u00f8rer<\/p>\n<p>\u2022 Eksisterende C406-1\/2-, G406-4- og B406-4-installasjoner kan enkelt oppgraderes<\/p>\n<p>\u2022 Forenkler vedlikeholdet betraktelig og reduserer nedetid<\/p>\n<p>\u2022 Installasjonen blir en del av det permanente AC-ledningsnettet<\/p>\n<p>\u2022 Fastkoblet alternativ for identifisering av fl\u00e5tefly<\/p>\n<p>\u2022 Sikrer korrekt ELT -programmering for reservedeler<\/p>\n","protected":false},"excerpt":{"rendered":"<p>Med Artex DGL-1 programmeringsdonglen vil fl\u00e5teoperat\u00f8rer effektivt kunne overf\u00f8re ELT-er fra fly til fly. DGL-1 er en perfekt match for operat\u00f8ren som \u00f8nsker automatisk programmeringsfunksjon, men ikke \u00f8nsker posisjonsdatafunksjonen til Artex ELT \/NAV-grensesnittet. DGL-1 leveres festet til et toppdeksel, som sammen med donglen forblir p\u00e5 flyet. N\u00e5r en ELT er installert, omprogrammerer DGL-1 ELT med flyets 24-biters adresse. Konklusjon: denne enheten forenkler vedlikeholdet betraktelig og reduserer nedetiden.    <\/p>\n","protected":false},"featured_media":155219,"template":"","meta":{"_acf_changed":false,"om_disable_all_campaigns":false},"product_brand":[],"product_cat":[5879,5876,8433,5571],"product_tag":[11406,11416,11380,11384,11397,11390],"class_list":{"0":"post-155186","1":"product","2":"type-product","3":"status-publish","4":"has-post-thumbnail","6":"product_cat-forretningsjet-no","7":"product_cat-generell-luftfart-no","8":"product_cat-kommersielle-fly","9":"product_cat-luftfart","10":"product_tag-dlg-no","11":"product_tag-dlg-1-no","12":"product_tag-elt-dongle-no","13":"product_tag-elt-programmeringsdongle","14":"product_tag-elt-programdongle","15":"product_tag-programmeringsdongle","17":"first","18":"instock","19":"taxable","20":"shipping-taxable","21":"product-type-simple"},"acf":[],"_links":{"self":[{"href":"https:\/\/www.acrartex.com\/no\/wp-json\/wp\/v2\/product\/155186","targetHints":{"allow":["GET"]}}],"collection":[{"href":"https:\/\/www.acrartex.com\/no\/wp-json\/wp\/v2\/product"}],"about":[{"href":"https:\/\/www.acrartex.com\/no\/wp-json\/wp\/v2\/types\/product"}],"wp:featuredmedia":[{"embeddable":true,"href":"https:\/\/www.acrartex.com\/no\/wp-json\/wp\/v2\/media\/155219"}],"wp:attachment":[{"href":"https:\/\/www.acrartex.com\/no\/wp-json\/wp\/v2\/media?parent=155186"}],"wp:term":[{"taxonomy":"product_brand","embeddable":true,"href":"https:\/\/www.acrartex.com\/no\/wp-json\/wp\/v2\/product_brand?post=155186"},{"taxonomy":"product_cat","embeddable":true,"href":"https:\/\/www.acrartex.com\/no\/wp-json\/wp\/v2\/product_cat?post=155186"},{"taxonomy":"product_tag","embeddable":true,"href":"https:\/\/www.acrartex.com\/no\/wp-json\/wp\/v2\/product_tag?post=155186"}],"curies":[{"name":"wp","href":"https:\/\/api.w.org\/{rel}","templated":true}]}}