{"id":155170,"date":"2021-04-09T11:16:10","date_gmt":"2021-04-09T16:16:10","guid":{"rendered":"https:\/\/www.acrartex.com\/products\/sarlink\/"},"modified":"2021-04-09T11:16:10","modified_gmt":"2021-04-09T16:16:10","slug":"sarlink","status":"publish","type":"product","link":"https:\/\/www.acrartex.com\/no\/products\/sarlink\/","title":{"rendered":"SARLink\u2122"},"content":{"rendered":"<p><strong>Om SARLink<\/strong><\/p>\n<p>SARLink ble utviklet for \u00e5 m\u00f8te kravene til drift i t\u00f8ffe milj\u00f8er. Enheten er vanntett ned til \u00e9n meters dybde og er klassifisert som IP-67. Ytterligere milj\u00f8testing inkluderer fall, vibrasjon, st\u00f8t, korrosjon og termisk sjokk. SARLink er robust for \u00e5 t\u00e5le oppdraget til dagens enslige arbeidere, politi, brannslukking, s\u00f8k og redning, ambulansepersonell og annet n\u00f8detatpersonell.   <\/p>\n<p>SARLink tilbyr en LCD-ber\u00f8ringsskjerm med h\u00f8y oppl\u00f8sning i farger der brukermenyalternativer vises som lett gjenkjennelige ikoner. Ber\u00f8ringsskjermen gir rask tilgang til brukermenyer og enkel tekstinntasting via et QWERTY-tastatur p\u00e5 skjermen. SARLink har to dedikerte batterier; et oppladbart litiumionbatteri for Iridium-sporing, tekstmeldinger og n\u00f8dmeldinger, og et dedikert litiumbatteri for 406 MHz-lokaliseringsfyret i samsvar med Cospas-Sarsat strenge systemkrav. Dersom Iridium-batteriet er utladet, vil det dedikerte 406 MHz-batteriet gi uavhengig n\u00f8dmelding i 24 timer.   <\/p>\n<p><strong>N\u00f8dmeldinger<\/strong><\/p>\n<p>SARLink leverer samtidig og redundant n\u00f8dvarsling gjennom b\u00e5de Cospas-Sarsat og Iridium satellittnettverk n\u00e5r SOS-knappen aktiveres. Innebygd GPS delingsteknologi lar begge varslene inkludere presise geolokasjonsdata. Toveiskommunikasjonsfunksjonen kombinert med n\u00f8dvarsling muliggj\u00f8r verifisering av n\u00f8dsituasjonen samt muligheten til \u00e5 bist\u00e5 i redningsarbeidet ved \u00e5 gi detaljert informasjon om situasjonens art.  <\/p>\n<p><strong>Sporing<\/strong><\/p>\n<p>SARLink gir muligheten til \u00e5 overf\u00f8re presis posisjonsinformasjon (PLI) med valgbare intervaller fra \u00e9n gang per minutt til \u00e9n gang per dag. Manuelt aktivert innsjekking st\u00f8ttes ogs\u00e5, og tilleggsfunksjoner inkluderer muligheten til \u00e5 opprette, lagre og sende brukerdefinerte veipunkter. SARLink bruker en \u00e5pen dataformatprotokoll og st\u00f8tter 10 byte- og 30 byte-formater, samtidig som det ogs\u00e5 inkluderer muligheten til \u00e5 konfigureres eksternt tr\u00e5dl\u00f8st.  <\/p>\n<p><strong>Toveismeldinger<\/strong><\/p>\n<p>SARLink tilbyr toveis satellittmeldinger gjennom Iridiums nettverk, som gir 100 % global dekning uten hull, kanter eller omr\u00e5der med svakt signal. SARLink kan kommunisere med andre mobile enheter, inkludert mobiltelefoner, satellittelefoner og andre SARLink-enheter, ved hjelp av toveismeldinger, som st\u00f8ttes av klientens backend-plattform. Disse meldingsalternativene inkluderer fritekst ved hjelp av det innebygde QWERTY-tastaturet, forh\u00e5ndsdefinerte meldinger og en kombinasjon av fritekst og forh\u00e5ndsdefinerte meldinger. Kortfattethetskoder st\u00f8ttes ogs\u00e5. Kontaktlister kan forh\u00e5ndsdefinertes, og forh\u00e5ndsdefinerte meldinger kan skrives av systemadministratoren og lastes inn p\u00e5 tvers av alle enheter. SARLink st\u00f8tter ogs\u00e5 e-postmeldinger.     <\/p>\n<p><strong>SARLink-bruk<\/strong><\/p>\n<p>For \u00e5 kunne bruke all SARLink-funksjonalitet, m\u00e5 406 MHz Locator Beacon registreres hos NOAA ( <a href=\"https:\/\/beaconregistration.noaa.gov\/RGDB\/registerUsername\">klikk her for \u00e5 registrere deg hos NOAA<\/a> ). I \u200b\u200btillegg m\u00e5 brukere kj\u00f8pe et abonnement p\u00e5 Iridium Airtime og samarbeide med en Backend Service Provider (BES) for \u00e5 f\u00e5 tilgang til backend-tjenesten. Uten et Iridium Airtime-abonnement eller en BES vil ikke brukere kunne bruke sporing, toveiskommunikasjon og Iridiums n\u00f8dvarslingsfunksjoner. Ta kontakt med ACR Electronics p\u00e5 954-981-3333 hvis du har sp\u00f8rsm\u00e5l ang\u00e5ende Iridium Airtime eller leverand\u00f8rer av backend-tjenester.   <\/p>\n","protected":false},"excerpt":{"rendered":"<p>Hold sikkerheten ved din side med SARLink\u2122 Dual-Mode Rescue Communication Device. Denne h\u00e5ndholdte maskinen er utstyrt med en LED-ber\u00f8ringsskjerm slik at du enkelt kan sende og motta meldinger, og global sporing slik at du kan holde deg oppdatert, selv n\u00e5r eventyrene dine tar deg utenfor allfarvei. Skulle du st\u00f8te p\u00e5 en n\u00f8dsituasjon, lar SARLink SOS-knappen deg raskt sende n\u00f8dmeldinger til satellittnettverk.  <\/p>\n<p>&nbsp;<\/p>\n<p><strong>Dette produktet er ikke tilgjengelig for kommersielt salg.<\/strong><\/p>\n<p>&nbsp;<\/p>\n","protected":false},"featured_media":155221,"template":"","meta":{"_acf_changed":false,"om_disable_all_campaigns":false},"product_brand":[],"product_cat":[5887,5883,5855,5880,5884],"product_tag":[11378,6812,5640,5693,11382,11372,11387,11401,11413,11407,11393,11396],"class_list":{"0":"post-155170","1":"product","2":"type-product","3":"status-publish","4":"has-post-thumbnail","6":"product_cat-bakken-spesialstyrker-no","7":"product_cat-luftpatrulje-no","8":"product_cat-militaer","9":"product_cat-politi-kommune","10":"product_cat-sjostyrker","11":"product_tag-acr-personlig-lokaliseringsfyr","12":"product_tag-cospas-sarsat-no","13":"product_tag-epirb-no","14":"product_tag-personlig-lokaliseringsfyr","15":"product_tag-personlig-posisjonsfyr","16":"product_tag-personlige-lokaliseringsfyr","17":"product_tag-sarlink-no","18":"product_tag-sarlink-406-no","19":"product_tag-sarlink-gps-personlig-lokasjonsbeacon","20":"product_tag-sarlink-gps-plub","21":"product_tag-sarlink-personlig-lokaliseringsfyr","22":"product_tag-sarsat-no","23":"pa_product-arv-no","25":"first","26":"outofstock","27":"taxable","28":"shipping-taxable","29":"product-type-simple"},"acf":[],"_links":{"self":[{"href":"https:\/\/www.acrartex.com\/no\/wp-json\/wp\/v2\/product\/155170","targetHints":{"allow":["GET"]}}],"collection":[{"href":"https:\/\/www.acrartex.com\/no\/wp-json\/wp\/v2\/product"}],"about":[{"href":"https:\/\/www.acrartex.com\/no\/wp-json\/wp\/v2\/types\/product"}],"wp:featuredmedia":[{"embeddable":true,"href":"https:\/\/www.acrartex.com\/no\/wp-json\/wp\/v2\/media\/155221"}],"wp:attachment":[{"href":"https:\/\/www.acrartex.com\/no\/wp-json\/wp\/v2\/media?parent=155170"}],"wp:term":[{"taxonomy":"product_brand","embeddable":true,"href":"https:\/\/www.acrartex.com\/no\/wp-json\/wp\/v2\/product_brand?post=155170"},{"taxonomy":"product_cat","embeddable":true,"href":"https:\/\/www.acrartex.com\/no\/wp-json\/wp\/v2\/product_cat?post=155170"},{"taxonomy":"product_tag","embeddable":true,"href":"https:\/\/www.acrartex.com\/no\/wp-json\/wp\/v2\/product_tag?post=155170"}],"curies":[{"name":"wp","href":"https:\/\/api.w.org\/{rel}","templated":true}]}}