{"id":155142,"date":"2021-03-16T08:16:59","date_gmt":"2021-03-16T13:16:59","guid":{"rendered":"https:\/\/www.acrartex.com\/products\/c-blitzer\/"},"modified":"2026-04-06T09:46:19","modified_gmt":"2026-04-06T14:46:19","slug":"c-blitzer","status":"publish","type":"product","link":"https:\/\/www.acrartex.com\/no\/products\/c-blitzer\/","title":{"rendered":"C-Blitzer"},"content":{"rendered":"<p>C-Strobe aktiveres manuelt med en enkel vri og av\/p\u00e5-aktivering, og C-Strobe H2O-modellen har to aktiveringsmetoder; lyset kan enkelt aktiveres med et enkelt trykk p\u00e5 av\/p\u00e5-knappen, eller n\u00e5r det er i aktiv posisjon, kan det aktiveres automatisk n\u00e5r det er nedsenket i vann. Den funksjonsrike C-Strobe H2O-modellen har ogs\u00e5 tre driftsmoduser: strobe, konstant lys og SOS. <\/p>\n<p>&nbsp;<\/p>\n<p>Det slanke, lette og allsidige designet f\u00e5r enkelt plass i lommen eller henges diskret n\u00e5r det er festet til en redningsvest eller ryggsekk. De fleksible surringsl\u00f8kkene p\u00e5 siden av produktet gir mulighet for flere monteringsalternativer, inkludert b\u00e5nd p\u00e5 ryggsekken eller stropper p\u00e5 redningsvesten. <sup>Borrel\u00e5sstroppen<\/sup> kan festes rundt surringsl\u00f8kkene og skaper utallige ekstra monteringsmuligheter. Lykten leveres ogs\u00e5 med en klips som er designet for \u00e5 enkelt gli over den oppbl\u00e5sbare redningsvestens orale oppbl\u00e5sningsr\u00f8r for oppbevaring av lykten inni redningsvesten.   <\/p>\n<p>&nbsp;<\/p>\n<p><strong>Funksjoner:<\/strong><\/p>\n<ul>\n<li>For lokaliseringshjelp i n\u00f8dsituasjoner med lite lys<\/li>\n<li>Ekstremt lyssterk hvit LED-p\u00e6re p\u00e5 45 lumen<\/li>\n<li>Den omfattende kontinuerlige driftstiden p\u00e5 mer enn 120 timer<\/li>\n<li>Vanntett \u2013 Testet i 24 timer p\u00e5 1 m<\/li>\n<li>Slagsikkert etui<\/li>\n<li>Bruker to \u00abAA\u00bb 1,5V-batterier (ikke inkludert)<\/li>\n<li>USCG\/SOLAS-godkjent<\/li>\n<li>Ideell for redningsvester, camping, sykling, bil osv.<\/li>\n<li>Inkludert borrel\u00e5sstropp (med kardeversjon) brukt sammen med integrerte surrel\u00f8kker for fleksibilitet i montering<\/li>\n<li>Inkludert PFD-klips (med kartongversjon) for enkel festing til oralfyllingsr\u00f8ret<\/li>\n<li><span style=\"color: black;\">Vannaktiveringssensorer \u2013 Automatisk aktivering ved kontakt med vann (kun med C-Light H20 (3964.1))<\/span><\/li>\n<\/ul>\n","protected":false},"excerpt":{"rendered":"<p>De kompakte, robuste og vanntette C-Strobe (ikke vannaktivert) og C-Strobe H2O (vannaktivert) er USCG\/SOLAS-godkjente og har en 45 lumen LED som vanligvis fungerer kontinuerlig i 120 timer i strobemodus. Disse personlige n\u00f8dstrobelysene har et st\u00f8tsikkert kabinett \u2013 noe som gj\u00f8r dem p\u00e5litelige og allsidige lys n\u00e5r effektiv n\u00f8dbelysning er n\u00f8dvendig. <\/p>\n<p>&nbsp;<\/p>\n<p><a href=\"https:\/\/www.dropbox.com\/s\/8343nj28z0d7bxa\/Prop%2065%20-%20BPA.pdf?dl=0\">ADVARSEL: FORSLAG 65<\/a><\/p>\n<p>&nbsp;<\/p>\n<p>&nbsp;<\/p>\n","protected":false},"featured_media":155160,"template":"","meta":{"_acf_changed":false,"om_disable_all_campaigns":false},"product_brand":[],"product_cat":[5869,5867,5858,5865,5635,5860,5862,5873,5870,7784,5686],"product_tag":[11329,9832,11296,9830,11292,11321,7806,9833,11311,11305,7281],"class_list":{"0":"post-155142","1":"product","2":"type-product","3":"status-publish","4":"has-post-thumbnail","6":"product_cat-actionsport-offroad-no","7":"product_cat-fotturer-klatring-leir-no","8":"product_cat-inn-i-landet-no","9":"product_cat-kommersiell-no-2","10":"product_cat-marine-no","11":"product_cat-naer-kysten","12":"product_cat-offshore-no","13":"product_cat-padlesport-fiske","14":"product_cat-reiseutstyr","15":"product_cat-signaleringsprodukter","16":"product_cat-utendors","17":"product_tag-acr-c-strobe-no","18":"product_tag-acr-strobe-no","19":"product_tag-acr-strobelys-no-2","20":"product_tag-marint-strobelys","21":"product_tag-nodstrobe","22":"product_tag-nodstrobelys-no-2","23":"product_tag-pfd-lys","24":"product_tag-redningslys-no","25":"product_tag-sikkerhetsstrobelys","26":"product_tag-strobe-sikkerhetslys","27":"product_tag-strobelys","28":"pa_activity-camping-no","29":"pa_activity-fiske","30":"pa_activity-fotturer","31":"pa_activity-klatring","32":"pa_activity-langrenn","33":"pa_activity-padlesport","34":"pa_activity-ski-snowboard-no","35":"pa_activity-snoscooter","36":"pa_activity-sykkel","37":"pa_activity-terrengkjoring-4x4","38":"pa_boat-size-0-20-no","39":"pa_boat-size-21-40-no","40":"pa_boat-size-40-80-no","41":"pa_boat-size-80-no","42":"pa_boat-type-charteryacht","43":"pa_boat-type-kommersielt-fiske","44":"pa_boat-type-lasteskip","45":"pa_boat-type-motorbat-no","46":"pa_boat-type-seilbat","47":"pa_boat-type-slepebat","48":"pa_boat-type-sportcraft-no","49":"pa_boat-type-yacht-no","50":"pa_product-redningslys","51":"pa_product-signaleringsprodukter","52":"pa_product-sikkerhetstilbehor","53":"pa_terrain-as-og-fjell","54":"pa_terrain-elver-vatmarker-innsjoer","55":"pa_terrain-skog-og-jungel","56":"pa_terrain-tundra-no","58":"first","59":"instock","60":"taxable","61":"shipping-taxable","62":"purchasable","63":"product-type-variable"},"acf":[],"_links":{"self":[{"href":"https:\/\/www.acrartex.com\/no\/wp-json\/wp\/v2\/product\/155142","targetHints":{"allow":["GET"]}}],"collection":[{"href":"https:\/\/www.acrartex.com\/no\/wp-json\/wp\/v2\/product"}],"about":[{"href":"https:\/\/www.acrartex.com\/no\/wp-json\/wp\/v2\/types\/product"}],"wp:featuredmedia":[{"embeddable":true,"href":"https:\/\/www.acrartex.com\/no\/wp-json\/wp\/v2\/media\/155160"}],"wp:attachment":[{"href":"https:\/\/www.acrartex.com\/no\/wp-json\/wp\/v2\/media?parent=155142"}],"wp:term":[{"taxonomy":"product_brand","embeddable":true,"href":"https:\/\/www.acrartex.com\/no\/wp-json\/wp\/v2\/product_brand?post=155142"},{"taxonomy":"product_cat","embeddable":true,"href":"https:\/\/www.acrartex.com\/no\/wp-json\/wp\/v2\/product_cat?post=155142"},{"taxonomy":"product_tag","embeddable":true,"href":"https:\/\/www.acrartex.com\/no\/wp-json\/wp\/v2\/product_tag?post=155142"}],"curies":[{"name":"wp","href":"https:\/\/api.w.org\/{rel}","templated":true}]}}