{"id":155140,"date":"2021-04-09T11:16:33","date_gmt":"2021-04-09T16:16:33","guid":{"rendered":"https:\/\/www.acrartex.com\/products\/firefly-3-vannbugs-strobelys\/"},"modified":"2021-04-09T11:16:33","modified_gmt":"2021-04-09T16:16:33","slug":"firefly-3-vannbugs-strobelys","status":"publish","type":"product","link":"https:\/\/www.acrartex.com\/no\/products\/firefly-3-vannbugs-strobelys\/","title":{"rendered":"Firefly \u00ae3 \u200b\u200bVannbugs-strobelys"},"content":{"rendered":"<p>Firefly er den toppmoderne arvingen til sine ber\u00f8mte forgjengere, Firefly og 4G.<\/p>\n<ul>\n<li>Toppmoderne lampe-\/linsekombinasjon for h\u00f8yintensitetsblits<\/li>\n<li>Stor skyvebryter muliggj\u00f8r enkel betjening med hanskede hender<\/li>\n<li>Spesialdesignet baseplattform gj\u00f8r at enheten enkelt kan st\u00e5 oppreist<\/li>\n<li>Holderen i rustfritt st\u00e5l fester batteridekselet sikkert til etuiet<\/li>\n<li>Integrerte surringsl\u00f8kker gir et sikkert forankringspunkt<\/li>\n<li>Ideell for redningsvester, sikkerhetsseler, flytejakker, arbeidsdrakter, redningsdrakter, ryggsekker og flydrakter.<\/li>\n<\/ul>\n","protected":false},"excerpt":{"rendered":"<p>Med sin spesielle vannaktiveringsfunksjon sl\u00e5s denne kraftige redningsblitzen automatisk p\u00e5 n\u00e5r den er aktivert og i kontakt med vann.<\/p>\n<p>&nbsp;<\/p>\n","protected":false},"featured_media":155149,"template":"","meta":{"_acf_changed":false,"om_disable_all_campaigns":false},"product_brand":[],"product_cat":[5635,5855,5862,5884,5686],"product_tag":[11223,11309,11298,9834,11290,7988],"class_list":{"0":"post-155140","1":"product","2":"type-product","3":"status-publish","4":"has-post-thumbnail","6":"product_cat-marine-no","7":"product_cat-militaer","8":"product_cat-offshore-no","9":"product_cat-sjostyrker","10":"product_cat-utendors","11":"product_tag-firefly-no","12":"product_tag-ildflue3","13":"product_tag-redde","14":"product_tag-redningsstrobelys","15":"product_tag-strobelys-no","16":"product_tag-vannkryp","17":"pa_product-arv-no","19":"first","20":"outofstock","21":"taxable","22":"shipping-taxable","23":"product-type-simple"},"acf":[],"_links":{"self":[{"href":"https:\/\/www.acrartex.com\/no\/wp-json\/wp\/v2\/product\/155140","targetHints":{"allow":["GET"]}}],"collection":[{"href":"https:\/\/www.acrartex.com\/no\/wp-json\/wp\/v2\/product"}],"about":[{"href":"https:\/\/www.acrartex.com\/no\/wp-json\/wp\/v2\/types\/product"}],"wp:featuredmedia":[{"embeddable":true,"href":"https:\/\/www.acrartex.com\/no\/wp-json\/wp\/v2\/media\/155149"}],"wp:attachment":[{"href":"https:\/\/www.acrartex.com\/no\/wp-json\/wp\/v2\/media?parent=155140"}],"wp:term":[{"taxonomy":"product_brand","embeddable":true,"href":"https:\/\/www.acrartex.com\/no\/wp-json\/wp\/v2\/product_brand?post=155140"},{"taxonomy":"product_cat","embeddable":true,"href":"https:\/\/www.acrartex.com\/no\/wp-json\/wp\/v2\/product_cat?post=155140"},{"taxonomy":"product_tag","embeddable":true,"href":"https:\/\/www.acrartex.com\/no\/wp-json\/wp\/v2\/product_tag?post=155140"}],"curies":[{"name":"wp","href":"https:\/\/api.w.org\/{rel}","templated":true}]}}