{"id":155081,"date":"2021-04-09T11:16:44","date_gmt":"2021-04-09T16:16:44","guid":{"rendered":"https:\/\/www.acrartex.com\/products\/firefly-2-doublefly-strobe-glodelampe-for-redning\/"},"modified":"2021-04-09T11:16:44","modified_gmt":"2021-04-09T16:16:44","slug":"firefly-2-doublefly-strobe-glodelampe-for-redning","status":"publish","type":"product","link":"https:\/\/www.acrartex.com\/no\/products\/firefly-2-doublefly-strobe-glodelampe-for-redning\/","title":{"rendered":"Firefly \u00ae 2 Doublefly Strobe-\/gl\u00f8delampe for redning"},"content":{"rendered":"<p>Xenon 360\u00b0-str\u00e5len blinker med ett sekunds intervaller i minst 8 timer (2 timer kontinuerlig drift i gl\u00f8delampemodus).<\/p>\n<ul>\n<li>Multifunksjonsbryter velger mellom strobelys for synlighet p\u00e5 lange avstander eller fast gl\u00f8delys for bergingsarbeid p\u00e5 n\u00e6rt hold<\/li>\n<li>Stor skyvebryter muliggj\u00f8r enkel betjening med hanskede hender<\/li>\n<li>Spesialdesignet baseplattform gj\u00f8r at enheten enkelt kan st\u00e5 oppreist<\/li>\n<li>Aluminiumsholder fester batteridekselet sikkert til etuiet<\/li>\n<li>H\u00f8yintensitets Xenon-stripe og gl\u00f8delampe<\/li>\n<li>Ideell for redningsvester, sikkerhetsseler, flytejakker, arbeidsdrakter, redningsdrakter, ryggsekker og flydrakter.<\/li>\n<\/ul>\n","protected":false},"excerpt":{"rendered":"<p>Doubleflys multifunksjonsbryter lar deg velge mellom et h\u00f8yintensitetsstrobelys som er synlig fra utenfor 1 nm (1,9 km), eller et stabilt gl\u00f8delys for n\u00e6rbilder.<\/p>\n","protected":false},"featured_media":155093,"template":"","meta":{"_acf_changed":false,"om_disable_all_campaigns":false},"product_brand":[],"product_cat":[5869,5867,5635,5873,5870,5686],"product_tag":[11226,11223,11230,9839,7982],"class_list":{"0":"post-155081","1":"product","2":"type-product","3":"status-publish","4":"has-post-thumbnail","6":"product_cat-actionsport-offroad-no","7":"product_cat-fotturer-klatring-leir-no","8":"product_cat-marine-no","9":"product_cat-padlesport-fiske","10":"product_cat-reiseutstyr","11":"product_cat-utendors","12":"product_tag-dobbeltfly","13":"product_tag-firefly-no","14":"product_tag-glodende","15":"product_tag-redningslys-no-2","16":"product_tag-strobe-no","17":"pa_product-arv-no","19":"first","20":"outofstock","21":"taxable","22":"shipping-taxable","23":"product-type-simple"},"acf":[],"_links":{"self":[{"href":"https:\/\/www.acrartex.com\/no\/wp-json\/wp\/v2\/product\/155081","targetHints":{"allow":["GET"]}}],"collection":[{"href":"https:\/\/www.acrartex.com\/no\/wp-json\/wp\/v2\/product"}],"about":[{"href":"https:\/\/www.acrartex.com\/no\/wp-json\/wp\/v2\/types\/product"}],"wp:featuredmedia":[{"embeddable":true,"href":"https:\/\/www.acrartex.com\/no\/wp-json\/wp\/v2\/media\/155093"}],"wp:attachment":[{"href":"https:\/\/www.acrartex.com\/no\/wp-json\/wp\/v2\/media?parent=155081"}],"wp:term":[{"taxonomy":"product_brand","embeddable":true,"href":"https:\/\/www.acrartex.com\/no\/wp-json\/wp\/v2\/product_brand?post=155081"},{"taxonomy":"product_cat","embeddable":true,"href":"https:\/\/www.acrartex.com\/no\/wp-json\/wp\/v2\/product_cat?post=155081"},{"taxonomy":"product_tag","embeddable":true,"href":"https:\/\/www.acrartex.com\/no\/wp-json\/wp\/v2\/product_tag?post=155081"}],"curies":[{"name":"wp","href":"https:\/\/api.w.org\/{rel}","templated":true}]}}