{"id":155048,"date":"2021-04-09T11:17:01","date_gmt":"2021-04-09T16:17:01","guid":{"rendered":"https:\/\/www.acrartex.com\/products\/406link-beacon-selvtestingstjeneste\/"},"modified":"2021-04-09T11:17:01","modified_gmt":"2021-04-09T16:17:01","slug":"406link-beacon-selvtestingstjeneste","status":"publish","type":"product","link":"https:\/\/www.acrartex.com\/no\/products\/406link-beacon-selvtestingstjeneste\/","title":{"rendered":"406Link Beacon selvtestingstjeneste"},"content":{"rendered":"<p>N\u00e5 kan du og fem kontakter motta forh\u00e5ndskonfigurerte satellittbekreftelsesmeldinger n\u00e5r dere tester EPIRB eller Personal Locator Beacon fra ACR , ARTEX og Ocean Signal .<\/p>\n<p>406Link er det f\u00f8rste og eneste avanserte satellitttestsystemet som kan motta selvtestvarsler fra din Personal Locator Beacon ( PLB ) og n\u00f8dradio ( EPIRB ). Denne valgfrie abonnementstjenesten er utviklet for \u00e5 forbedre funksjonaliteten til radioen din og gi deg og dine kj\u00e6re testbekreftelse fra satellittene om at radioen din fungerer som den skal. <\/p>\n<p>Merk: Et 406Link-abonnement er uavhengig av ACR produktappen som brukes sammen med GlobalFix V5- og V6-epirb-ene og ResQLink AIS PLB .<\/p>\n<p>406Link fungerer ved \u00e5 sende et spesialkodet testsignal til de stasjon\u00e6re GEO-satellittene 35 000 kilometer oppe i himmelen til et nettverk av s\u00f8k- og redningssatellitter. N\u00e5r satellittene mottar signalet, blir det plukket opp av ACR bakkestasjoner i Nord-Amerika. P\u00e5 under ett minutt behandler v\u00e5r patenterte programvare selvtestdataene dine, og sender deretter en bekreftelsesmelding og et bilde av din faktiske posisjon til deg og dine angitte kontakter via e-post og SMS.  <\/p>\n<p>N\u00e5r du utf\u00f8rer en GPS selvtest, plottes GPS koordinatene dine inn p\u00e5 et kart, og 406Link inkluderer en lenke i e-posten og\/eller SMS-meldingen din som tydelig viser posisjonen din innenfor 100 meter.<\/p>\n<p>https:\/\/www.youtube.com\/watch?v=dU_zXBAfX00<\/p>\n<p><strong>Med 406Link kan du:  <\/strong><\/p>\n<ul>\n<li>Test fyrt\u00e5rnet ditt med det samme satellittsystemet som brukes i ekte s\u00f8k og redning<\/li>\n<li>Send tilpassede bekreftelsesmeldinger via e-post og SMS til opptil 5 kontakter\n<ul>\n<li>Send GPS -posisjon (ikke tilgjengelig p\u00e5 alle beacon-modeller)<\/li>\n<\/ul>\n<\/li>\n<li>Forbedre funksjonaliteten til ACR , Ocean Signal eller Artex 406 MHz-beaconen din<\/li>\n<li>Skap sinnsro for deg og dine kj\u00e6re<\/li>\n<li>406Link er ikke en \u00abinnsjekkingstjeneste\u00bb eller \u00abJeg har det bra\u00bb-tjeneste, det er en enveis bekreftelsestest som viser at selvtestmeldingen din fra beaconen ble mottatt av de samme s\u00f8k- og redningssatellittene som ble brukt i en faktisk n\u00f8dsituasjon.<\/li>\n<\/ul>\n<p><strong>For \u00f8yeblikket kun tilgjengelig i USA.<\/strong><\/p>\n","protected":false},"excerpt":{"rendered":"<p>Salg av nye 406Link-abonnementer er avviklet fra 1. september 2023. Eksisterende abonnementer vil bli st\u00f8ttet og vil fortsette \u00e5 fungere som normalt i hele den \u00e5rlige abonnementsperioden. 406Link-tjenesten vil ikke lenger bli st\u00f8ttet fra 1. september 2024.  <\/p>\n<p>Selv om 406Link-tjenesten ikke lenger vil v\u00e6re tilgjengelig for kj\u00f8p, b\u00f8r du ta en titt p\u00e5 <a href=\"https:\/\/acrelectronics.lt.acemlnc.com\/Prod\/link-tracker?redirectUrl=aHR0cHMlM0ElMkYlMkZiaXZ5c3RpY2suY29tJTJG&amp;a=%7C%7C798920491%7C%7C&amp;account=acrelectronics.activehosted.com&amp;email=y47OuVGNLVmypvt5SysuK4mcDWscx9eGrUGJW43GCh5nUjWjzE%2B2Wl9%2F%3AXZsLcuuUP%2Fd5fWs60R8xl%2Bdi4p087Lif&amp;s=8c317dd875871e7647efafcf8d0907b8&amp;i=455A691A0A5674&amp;sig=5YcfKU4g3N9zX2LkQhUUFTb1aniVKGLWUYxdT5yGmpaa&amp;iat=1692974463\" data-ac-default-color=\"1\"><span style=\"font-weight: inherit;\">ACR Bivy Stick Satellite Communicator,<\/span><\/a> <span style=\"font-weight: inherit;\">som ikke bare gir muligheten til \u00e5 sende bekreftelsesmeldinger p\u00e5 samme m\u00e5te som 406Link-tjenesten, men ogs\u00e5 muliggj\u00f8r toveismeldinger blant en rekke andre fordeler.<\/span><\/p>\n<p>V\u00e6r oppmerksom p\u00e5 at et 406Link-abonnement er en valgfri tjeneste og ikke n\u00f8dvendig for at beaconen din skal fungere som tiltenkt. Uansett om et abonnement er koblet til beaconen din, vil beaconen fortsatt sende n\u00f8dmeldingen din, og redningstjenesten vil kunne identifisere posisjonen din. <\/p>\n","protected":false},"featured_media":155050,"template":"","meta":{"_acf_changed":false,"om_disable_all_campaigns":false},"product_brand":[],"product_cat":[5635,5686],"product_tag":[],"class_list":{"0":"post-155048","1":"product","2":"type-product","3":"status-publish","4":"has-post-thumbnail","6":"product_cat-marine-no","7":"product_cat-utendors","8":"pa_product-arv-no","10":"first","11":"instock","12":"virtual","13":"taxable","14":"product-type-subscription"},"acf":[],"_links":{"self":[{"href":"https:\/\/www.acrartex.com\/no\/wp-json\/wp\/v2\/product\/155048","targetHints":{"allow":["GET"]}}],"collection":[{"href":"https:\/\/www.acrartex.com\/no\/wp-json\/wp\/v2\/product"}],"about":[{"href":"https:\/\/www.acrartex.com\/no\/wp-json\/wp\/v2\/types\/product"}],"wp:featuredmedia":[{"embeddable":true,"href":"https:\/\/www.acrartex.com\/no\/wp-json\/wp\/v2\/media\/155050"}],"wp:attachment":[{"href":"https:\/\/www.acrartex.com\/no\/wp-json\/wp\/v2\/media?parent=155048"}],"wp:term":[{"taxonomy":"product_brand","embeddable":true,"href":"https:\/\/www.acrartex.com\/no\/wp-json\/wp\/v2\/product_brand?post=155048"},{"taxonomy":"product_cat","embeddable":true,"href":"https:\/\/www.acrartex.com\/no\/wp-json\/wp\/v2\/product_cat?post=155048"},{"taxonomy":"product_tag","embeddable":true,"href":"https:\/\/www.acrartex.com\/no\/wp-json\/wp\/v2\/product_tag?post=155048"}],"curies":[{"name":"wp","href":"https:\/\/api.w.org\/{rel}","templated":true}]}}