{"id":154985,"date":"2021-03-16T08:18:06","date_gmt":"2021-03-16T13:18:06","guid":{"rendered":"https:\/\/www.acrartex.com\/products\/ts-8701-testsett\/"},"modified":"2021-03-16T08:18:06","modified_gmt":"2021-03-16T13:18:06","slug":"ts-8701-testsett","status":"publish","type":"product","link":"https:\/\/www.acrartex.com\/no\/products\/ts-8701-testsett\/","title":{"rendered":"TS 8701 \u2013 Testsett"},"content":{"rendered":"<p><strong>ELT -testing og verifisering av ELT -ID<\/strong><\/p>\n<p>Flyets n\u00f8dsendere (ELT-er) m\u00e5 ha sitt unike identifikasjonsnummer registrert hos nasjonale myndigheter. ARTEX testeren gir en enkel metode for \u00e5 bekrefte og lagre ARTEX ELT-ID-en etter installasjon, omprogrammering eller dersom fyren m\u00e5 registreres p\u00e5 nytt etter et eierskifte i flyet. <\/p>\n<p><strong>ELT -dekoding<\/strong><\/p>\n<p>ARTEX testeren dekoder overf\u00f8ringen av 406 MHz Cospas-Sarsat sendinger. Overf\u00f8ringen kan leses direkte gjennom antennekabelen eller gjennom selve antennen. Enheten vil ogs\u00e5 indikere om 121,5 MHz er tilstede. Testeren er kun en dekodingsenhet og m\u00e5ler ikke effekt. Ta kontakt med lokale myndigheter for krav til ELT m\u00e5ling for \u00e5rlige inspeksjoner.    <\/p>\n<p><strong>Testdata<\/strong><\/p>\n<p>ARTEX testeren registrerer alle data i en intern database som kan sikkerhetskopieres til PC-en din. Dataene kan vises p\u00e5 datamaskinen uavhengig av testeren, og de er tidsstemplet som bevis p\u00e5 overf\u00f8ring og riktig programmering. Testeren kan skrive ut via et USB-grensesnitt til en PC. Utskriftsfunksjonen krever et nedlastbart program som er tilgjengelig p\u00e5 ACRARTEX.com.   <\/p>\n<p>&nbsp;<\/p>\n<p>*Alle funksjonene i 8701 gjelder kun for ARTEX ELT-er.<\/p>\n<table style=\"width: 602px;\" border=\"0\">\n<tbody>\n<tr>\n<td>Funksjonstabell for testing og programmering<\/td>\n<td><strong>TPS 8700<\/strong><\/td>\n<td><strong>TS 8701<\/strong><\/td>\n<td><strong>TPS 8715<\/strong><\/td>\n<\/tr>\n<tr>\n<td>Verifisering av ELT -ID og dekoding av 406 MHz-overf\u00f8ring<\/td>\n<td><strong>x<\/strong><\/td>\n<td><strong>x<\/strong><\/td>\n<td><strong>x<\/strong><\/td>\n<\/tr>\n<tr>\n<td>Testing av tilstedev\u00e6relse av 121,5 MHz- og 243 MHz-sendinger<\/td>\n<td><strong>x<\/strong><\/td>\n<td><strong>x<\/strong><\/td>\n<td><strong>x<\/strong><\/td>\n<\/tr>\n<tr>\n<td>Programmering av ARTEX General Aviation ELT-er (referansenummer 8700 for enhet som ogs\u00e5 er kompatibel med ELT programmering p\u00e5 transportniv\u00e5)<\/td>\n<td><strong> <\/strong><\/td>\n<td><strong> <\/strong><\/td>\n<td><strong>x<\/strong><\/td>\n<\/tr>\n<tr>\n<td>Programmering av alle ARTEX ELT-er<\/td>\n<td><strong>x<\/strong><\/td>\n<td><strong> <\/strong><\/td>\n<td><strong> <\/strong><\/td>\n<\/tr>\n<tr>\n<td>Sikkerhetskopiering av data til PC<\/td>\n<td><strong>x<\/strong><\/td>\n<td><strong>x<\/strong><\/td>\n<td><strong>x<\/strong><\/td>\n<\/tr>\n<tr>\n<td>Utskriftsfunksjonalitet via USB-grensesnitt til en PC<\/td>\n<td><strong>x<\/strong><\/td>\n<td><strong>x<\/strong><\/td>\n<td><strong>x<\/strong><\/td>\n<\/tr>\n<tr>\n<td>Programvare inkludert med produktet<\/td>\n<td><strong>x<\/strong><\/td>\n<td><strong>x<\/strong><\/td>\n<td><strong> <\/strong><\/td>\n<\/tr>\n<tr>\n<td>Programvare som ikke f\u00f8lger med produktet (programvare lastes ned etter at produktet er mottatt av kunden)<\/td>\n<td><strong> <\/strong><\/td>\n<td><strong> <\/strong><\/td>\n<td><strong>x<\/strong><\/td>\n<\/tr>\n<tr>\n<td><\/td>\n<td><strong> <\/strong><\/td>\n<td><strong> <\/strong><\/td>\n<td><strong> <\/strong><\/td>\n<\/tr>\n<\/tbody>\n<\/table>\n","protected":false},"excerpt":{"rendered":"<p>ARTEX 8701-tester er det eneste systemet du trenger for \u00e5 teste og verifisere alle ARTEX ELT-er. Den kompakte og b\u00e6rbare designen gj\u00f8r den praktisk \u00e5 ha for h\u00e5nden, slik at du enkelt kan teste enhver ELT , n\u00e5r som helst. <\/p>\n<p><a title=\"sarcalc-skrivebordsprogramvare.zip\" href=\"https:\/\/www.acrartex.com\/media\/1377582\/sarcalc-desktop-software.zip\">SARCALC skrivebordsprogramvare<\/a><\/p>\n<p><strong><span style=\"color: #ff0000;\">MERK: Dette produktet er utg\u00e5tt og har blitt erstattet med<\/span> <a href=\"https:\/\/www.acrartex.com\/products\/fpt\/\">FPT 8800-serien ARTEX programmerer<\/a> .<\/strong><\/p>\n<p>&nbsp;<\/p>\n","protected":false},"featured_media":154997,"template":"","meta":{"_acf_changed":false,"om_disable_all_campaigns":false},"product_brand":[],"product_cat":[5879,5876,8433,5571],"product_tag":[11001,10991,10994,5575,10986,10973,10995,10997,10983,10970,10976,10980,10988,10999],"class_list":{"0":"post-154985","1":"product","2":"type-product","3":"status-publish","4":"has-post-thumbnail","6":"product_cat-forretningsjet-no","7":"product_cat-generell-luftfart-no","8":"product_cat-kommersielle-fly","9":"product_cat-luftfart","10":"product_tag-8701-no","11":"product_tag-bekreftelse","12":"product_tag-dekoding","13":"product_tag-elt-no","14":"product_tag-elt-programmerer","15":"product_tag-elt-programmering-no","16":"product_tag-ga-no","17":"product_tag-generell-luftfart","18":"product_tag-programmerer","19":"product_tag-programmering-no","20":"product_tag-test-no","21":"product_tag-testing-no","22":"product_tag-tps-no","23":"product_tag-tps-8701-no","24":"pa_product-arv-no","26":"first","27":"instock","28":"taxable","29":"shipping-taxable","30":"product-type-simple"},"acf":[],"_links":{"self":[{"href":"https:\/\/www.acrartex.com\/no\/wp-json\/wp\/v2\/product\/154985","targetHints":{"allow":["GET"]}}],"collection":[{"href":"https:\/\/www.acrartex.com\/no\/wp-json\/wp\/v2\/product"}],"about":[{"href":"https:\/\/www.acrartex.com\/no\/wp-json\/wp\/v2\/types\/product"}],"wp:featuredmedia":[{"embeddable":true,"href":"https:\/\/www.acrartex.com\/no\/wp-json\/wp\/v2\/media\/154997"}],"wp:attachment":[{"href":"https:\/\/www.acrartex.com\/no\/wp-json\/wp\/v2\/media?parent=154985"}],"wp:term":[{"taxonomy":"product_brand","embeddable":true,"href":"https:\/\/www.acrartex.com\/no\/wp-json\/wp\/v2\/product_brand?post=154985"},{"taxonomy":"product_cat","embeddable":true,"href":"https:\/\/www.acrartex.com\/no\/wp-json\/wp\/v2\/product_cat?post=154985"},{"taxonomy":"product_tag","embeddable":true,"href":"https:\/\/www.acrartex.com\/no\/wp-json\/wp\/v2\/product_tag?post=154985"}],"curies":[{"name":"wp","href":"https:\/\/api.w.org\/{rel}","templated":true}]}}