{"id":154870,"date":"2021-03-16T08:18:39","date_gmt":"2021-03-16T13:18:39","guid":{"rendered":"https:\/\/www.acrartex.com\/products\/8603-stavantenne-trippelband\/"},"modified":"2021-03-16T08:18:39","modified_gmt":"2021-03-16T13:18:39","slug":"8603-stavantenne-trippelband","status":"publish","type":"product","link":"https:\/\/www.acrartex.com\/no\/products\/8603-stavantenne-trippelband\/","title":{"rendered":"8603 Stavantenne, trippelb\u00e5nd"},"content":{"rendered":"<p>V\u00e5r nye stavantenne er forsterket med glass, og polyesterhuset dekker v\u00e5r innovative Tri-Band-teknologi, som bringer 121,5, 243 og 406 MHz inn i en kompakt pakke. Denne sv\u00e6rt effektive antennen har \u00e9n BNC-kontakt for installasjoner som krever et enkelt kontaktoppsett. Designet i henhold til TSO C91a og C128b.  <\/p>\n","protected":false},"excerpt":{"rendered":"<p>ARTEX 8603-stangantennen er forsterket med glass og et polyesterhus som dekker v\u00e5r innovative Tri-Band-teknologi, og bringer effektivt frekvensene 121,5, 243 og 406 MHz i \u00e9n kompakt pakke. Denne sv\u00e6rt effektive antennen har \u00e9n BNC-kontakt for installasjoner som krever et enkelt kontaktoppsett. <\/p>\n","protected":false},"featured_media":154873,"template":"","meta":{"_acf_changed":false,"om_disable_all_campaigns":false},"product_brand":[],"product_cat":[5876,5571],"product_tag":[10102,10307,10310,10309,10098,10643,10100,5575,10311,10642,9943,10096],"class_list":{"0":"post-154870","1":"product","2":"type-product","3":"status-publish","4":"has-post-thumbnail","6":"product_cat-generell-luftfart-no","7":"product_cat-luftfart","8":"product_tag-121-243-antenne-no","9":"product_tag-121-406-antenne","10":"product_tag-406-antennepisk","11":"product_tag-406-antennestang","12":"product_tag-antenne-tri-band-no","13":"product_tag-delenummer-8603","14":"product_tag-dobbelfrekvensantenne","15":"product_tag-elt-no","16":"product_tag-stang-no","17":"product_tag-stangantenne-elt","18":"product_tag-tri-band-no","19":"product_tag-tri-bandsantenne","20":"pa_aircraft-speed-0-200-knop-no","21":"pa_aircraft-type-eksperimentell","22":"pa_aircraft-type-enkelt-motor-no","23":"pa_aircraft-type-flermotor","24":"pa_product-elt-losninger","25":"pa_product-sikkerhetstilbehor","27":"first","28":"instock","29":"taxable","30":"shipping-taxable","31":"product-type-simple"},"acf":[],"_links":{"self":[{"href":"https:\/\/www.acrartex.com\/no\/wp-json\/wp\/v2\/product\/154870","targetHints":{"allow":["GET"]}}],"collection":[{"href":"https:\/\/www.acrartex.com\/no\/wp-json\/wp\/v2\/product"}],"about":[{"href":"https:\/\/www.acrartex.com\/no\/wp-json\/wp\/v2\/types\/product"}],"wp:featuredmedia":[{"embeddable":true,"href":"https:\/\/www.acrartex.com\/no\/wp-json\/wp\/v2\/media\/154873"}],"wp:attachment":[{"href":"https:\/\/www.acrartex.com\/no\/wp-json\/wp\/v2\/media?parent=154870"}],"wp:term":[{"taxonomy":"product_brand","embeddable":true,"href":"https:\/\/www.acrartex.com\/no\/wp-json\/wp\/v2\/product_brand?post=154870"},{"taxonomy":"product_cat","embeddable":true,"href":"https:\/\/www.acrartex.com\/no\/wp-json\/wp\/v2\/product_cat?post=154870"},{"taxonomy":"product_tag","embeddable":true,"href":"https:\/\/www.acrartex.com\/no\/wp-json\/wp\/v2\/product_tag?post=154870"}],"curies":[{"name":"wp","href":"https:\/\/api.w.org\/{rel}","templated":true}]}}