{"id":154851,"date":"2021-03-16T08:18:44","date_gmt":"2021-03-16T13:18:44","guid":{"rendered":"https:\/\/www.acrartex.com\/products\/110-337-11-antenne-406-blad\/"},"modified":"2021-03-16T08:18:44","modified_gmt":"2021-03-16T13:18:44","slug":"110-337-11-antenne-406-blad","status":"publish","type":"product","link":"https:\/\/www.acrartex.com\/no\/products\/110-337-11-antenne-406-blad\/","title":{"rendered":"110-337-11 Antenne, 406-blad"},"content":{"rendered":"<p>Trippelb\u00e5nds h\u00f8yhastighets bladantenne som samler frekvensene 121,5, 243 og 406 MHz i en kompakt pakke. 110-337-11 tilbyr to kontakter for installasjoner som krever dette oppsettet. Designet for \u00e5 oppfylle TSOA C91a-kravene, pluss Eurocae ED 62 flammetest.  <\/p>\n<p>Tilbyr to sikre bindingsmetoder for \u00e5 feste antennen til flyet. Velg enten skruemontering eller montering p\u00e5 sokkelplate. <\/p>\n","protected":false},"excerpt":{"rendered":"<p>110-337-11-antennen er utstyrt med v\u00e5r innovative Tri-Band-teknologi, som samler frekvensene 121,5, 243 og 406 MHz i \u00e9n kompakt pakke. Denne h\u00f8yhastighetsbladantennen har to kontakter for installasjoner som krever dette spesifikke oppsettet. I tillegg tilbyr vi to sikre bindingsmetoder for \u00e5 feste denne antennen til flyet ditt: skrumontering eller montering p\u00e5 sokkelplate. Som alt v\u00e5rt utstyr er denne antennen designet for \u00e5 oppfylle bransjestandarder. Dette produktet er i samsvar med TSOA C91a-kravene og Eurocae ED 62-flammetesten.    <\/p>\n","protected":false},"featured_media":154852,"template":"","meta":{"_acf_changed":false,"om_disable_all_campaigns":false},"product_brand":[],"product_cat":[5571],"product_tag":[10102,10307,10104,10312,10098,10116,10100,10108,10106,10114,10110,10112,10096],"class_list":{"0":"post-154851","1":"product","2":"type-product","3":"status-publish","4":"has-post-thumbnail","6":"product_cat-luftfart","7":"product_tag-121-243-antenne-no","8":"product_tag-121-406-antenne","9":"product_tag-406-antenne-no","10":"product_tag-406-antenneblad","11":"product_tag-antenne-tri-band-no","12":"product_tag-bladantenne-elt","13":"product_tag-dobbelfrekvensantenne","14":"product_tag-elt-stangantenne","15":"product_tag-elt-bladantenne","16":"product_tag-piskantenne-elt","17":"product_tag-piskeantenne","18":"product_tag-rode-antenne-elt-no","19":"product_tag-tri-bandsantenne","21":"first","22":"instock","23":"taxable","24":"shipping-taxable","25":"product-type-simple"},"acf":[],"_links":{"self":[{"href":"https:\/\/www.acrartex.com\/no\/wp-json\/wp\/v2\/product\/154851","targetHints":{"allow":["GET"]}}],"collection":[{"href":"https:\/\/www.acrartex.com\/no\/wp-json\/wp\/v2\/product"}],"about":[{"href":"https:\/\/www.acrartex.com\/no\/wp-json\/wp\/v2\/types\/product"}],"wp:featuredmedia":[{"embeddable":true,"href":"https:\/\/www.acrartex.com\/no\/wp-json\/wp\/v2\/media\/154852"}],"wp:attachment":[{"href":"https:\/\/www.acrartex.com\/no\/wp-json\/wp\/v2\/media?parent=154851"}],"wp:term":[{"taxonomy":"product_brand","embeddable":true,"href":"https:\/\/www.acrartex.com\/no\/wp-json\/wp\/v2\/product_brand?post=154851"},{"taxonomy":"product_cat","embeddable":true,"href":"https:\/\/www.acrartex.com\/no\/wp-json\/wp\/v2\/product_cat?post=154851"},{"taxonomy":"product_tag","embeddable":true,"href":"https:\/\/www.acrartex.com\/no\/wp-json\/wp\/v2\/product_tag?post=154851"}],"curies":[{"name":"wp","href":"https:\/\/api.w.org\/{rel}","templated":true}]}}