{"id":154812,"date":"2021-03-16T08:18:55","date_gmt":"2021-03-16T13:18:55","guid":{"rendered":"https:\/\/www.acrartex.com\/products\/110-750-baerbar-antenne-dobbeltband-svart-tape\/"},"modified":"2021-03-16T08:18:55","modified_gmt":"2021-03-16T13:18:55","slug":"110-750-baerbar-antenne-dobbeltband-svart-tape","status":"publish","type":"product","link":"https:\/\/www.acrartex.com\/no\/products\/110-750-baerbar-antenne-dobbeltband-svart-tape\/","title":{"rendered":"110-750 b\u00e6rbar antenne, dobbeltb\u00e5nd, svart tape"},"content":{"rendered":"","protected":false},"excerpt":{"rendered":"<p>B\u00e6rbar antenne, dobbeltb\u00e5nd, svart tape, 121,5 og 406 MHz<\/p>\n","protected":false},"featured_media":154816,"template":"","meta":{"_acf_changed":false,"om_disable_all_campaigns":false},"product_brand":[],"product_cat":[2925],"product_tag":[10567,10102,10307,10312,10310,10309,10098,10569,10116,10566,10100,10108,10106,10114,10110,10571,10112,10096,10568,10573],"class_list":{"0":"post-154812","1":"product","2":"type-product","3":"status-publish","4":"has-post-thumbnail","6":"product_cat-uncategorized-no","7":"product_tag-110-750-no","8":"product_tag-121-243-antenne-no","9":"product_tag-121-406-antenne","10":"product_tag-406-antenneblad","11":"product_tag-406-antennepisk","12":"product_tag-406-antennestang","13":"product_tag-antenne-tri-band-no","14":"product_tag-artikkelnr-110-750","15":"product_tag-bladantenne-elt","16":"product_tag-delenummer-110-750","17":"product_tag-dobbelfrekvensantenne","18":"product_tag-elt-stangantenne","19":"product_tag-elt-bladantenne","20":"product_tag-piskantenne-elt","21":"product_tag-piskeantenne","22":"product_tag-pn110-750-no","23":"product_tag-rode-antenne-elt-no","24":"product_tag-tri-bandsantenne","25":"product_tag-varenummer-110-750","26":"product_tag-varenummer-110-750-no","28":"first","29":"instock","30":"taxable","31":"shipping-taxable","32":"product-type-simple"},"acf":[],"_links":{"self":[{"href":"https:\/\/www.acrartex.com\/no\/wp-json\/wp\/v2\/product\/154812","targetHints":{"allow":["GET"]}}],"collection":[{"href":"https:\/\/www.acrartex.com\/no\/wp-json\/wp\/v2\/product"}],"about":[{"href":"https:\/\/www.acrartex.com\/no\/wp-json\/wp\/v2\/types\/product"}],"wp:featuredmedia":[{"embeddable":true,"href":"https:\/\/www.acrartex.com\/no\/wp-json\/wp\/v2\/media\/154816"}],"wp:attachment":[{"href":"https:\/\/www.acrartex.com\/no\/wp-json\/wp\/v2\/media?parent=154812"}],"wp:term":[{"taxonomy":"product_brand","embeddable":true,"href":"https:\/\/www.acrartex.com\/no\/wp-json\/wp\/v2\/product_brand?post=154812"},{"taxonomy":"product_cat","embeddable":true,"href":"https:\/\/www.acrartex.com\/no\/wp-json\/wp\/v2\/product_cat?post=154812"},{"taxonomy":"product_tag","embeddable":true,"href":"https:\/\/www.acrartex.com\/no\/wp-json\/wp\/v2\/product_tag?post=154812"}],"curies":[{"name":"wp","href":"https:\/\/api.w.org\/{rel}","templated":true}]}}