{"id":154743,"date":"2021-03-16T08:19:11","date_gmt":"2021-03-16T13:19:11","guid":{"rendered":"https:\/\/www.acrartex.com\/products\/110-338-stangantenne\/"},"modified":"2021-03-16T08:19:11","modified_gmt":"2021-03-16T13:19:11","slug":"110-338-stangantenne","status":"publish","type":"product","link":"https:\/\/www.acrartex.com\/no\/products\/110-338-stangantenne\/","title":{"rendered":"110-338 Stangantenne"},"content":{"rendered":"<p>Et robust, glassforsterket polyesterhus dekker v\u00e5r innovative Tri-Band-teknologi, som bringer 121,5, 243 og 406 MHz inn i en kompakt pakke. Denne sv\u00e6rt effektive antennen har \u00e9n BNC-kontakt for installasjoner som krever et enkelt kontaktoppsett. Designet for \u00e5 oppfylle Eurocae ED 62-flammetesten.  <\/p>\n<p>To modeller tilgjengelig:<br \/>\n \u2013 110-338 (hvit)<br \/>\n \u2013 110-338-01 (svart)<\/p>\n","protected":false},"excerpt":{"rendered":"<p>Trippelb\u00e5nd, 121,5, 243 og 406 MHz<\/p>\n","protected":false},"featured_media":154750,"template":"","meta":{"_acf_changed":false,"om_disable_all_campaigns":false},"product_brand":[],"product_cat":[5876,5571,5573],"product_tag":[10327,10318,10102,10307,10312,10310,10309,10314,10027,10331,10321,10325,10316,10322,10311,9945,10332,10329,10320,10324],"class_list":{"0":"post-154743","1":"product","2":"type-product","3":"status-publish","4":"has-post-thumbnail","6":"product_cat-generell-luftfart-no","7":"product_cat-luftfart","8":"product_cat-rotocraft-no","9":"product_tag-110-338-no-2","10":"product_tag-110-338-no","11":"product_tag-121-243-antenne-no","12":"product_tag-121-406-antenne","13":"product_tag-406-antenneblad","14":"product_tag-406-antennepisk","15":"product_tag-406-antennestang","16":"product_tag-al-frekvensantenne","17":"product_tag-antenne-no","18":"product_tag-artikkelnr-110-338-no","19":"product_tag-artikkelnr-110-338","20":"product_tag-delenummer-110-338-no","21":"product_tag-delenummer-110-338","22":"product_tag-pn110-338-no","23":"product_tag-stang-no","24":"product_tag-stangantenne","25":"product_tag-trippelband-110-338-no","26":"product_tag-varenummer-110-338-no-2","27":"product_tag-varenummer-110-338","28":"product_tag-varenummer-110-338-no","29":"pa_aircraft-type-eksperimentell","30":"pa_aircraft-type-enkelt-motor-no","31":"pa_aircraft-type-flermotor","32":"pa_aircraft-type-turboprop-no","33":"pa_product-elt-losninger","34":"pa_product-sikkerhetstilbehor","36":"first","37":"instock","38":"taxable","39":"shipping-taxable","40":"product-type-simple"},"acf":[],"_links":{"self":[{"href":"https:\/\/www.acrartex.com\/no\/wp-json\/wp\/v2\/product\/154743","targetHints":{"allow":["GET"]}}],"collection":[{"href":"https:\/\/www.acrartex.com\/no\/wp-json\/wp\/v2\/product"}],"about":[{"href":"https:\/\/www.acrartex.com\/no\/wp-json\/wp\/v2\/types\/product"}],"wp:featuredmedia":[{"embeddable":true,"href":"https:\/\/www.acrartex.com\/no\/wp-json\/wp\/v2\/media\/154750"}],"wp:attachment":[{"href":"https:\/\/www.acrartex.com\/no\/wp-json\/wp\/v2\/media?parent=154743"}],"wp:term":[{"taxonomy":"product_brand","embeddable":true,"href":"https:\/\/www.acrartex.com\/no\/wp-json\/wp\/v2\/product_brand?post=154743"},{"taxonomy":"product_cat","embeddable":true,"href":"https:\/\/www.acrartex.com\/no\/wp-json\/wp\/v2\/product_cat?post=154743"},{"taxonomy":"product_tag","embeddable":true,"href":"https:\/\/www.acrartex.com\/no\/wp-json\/wp\/v2\/product_tag?post=154743"}],"curies":[{"name":"wp","href":"https:\/\/api.w.org\/{rel}","templated":true}]}}