{"id":154524,"date":"2021-03-16T08:19:54","date_gmt":"2021-03-16T13:19:54","guid":{"rendered":"https:\/\/www.acrartex.com\/products\/megafon\/"},"modified":"2021-03-16T08:19:54","modified_gmt":"2021-03-16T13:19:54","slug":"megafon","status":"publish","type":"product","link":"https:\/\/www.acrartex.com\/no\/products\/megafon\/","title":{"rendered":"Megafon"},"content":{"rendered":"<p>ACR \/EM-1A, ACR \/EM-2BA og ACR \/EM-1D er designet for \u00e5 minimere regenerativ akustisk tilbakekobling som resulterer i plystring og andre svingninger av denne typen. De har en lydprojeksjonsvinkel p\u00e5 90\u00b0 for \u00e5 rette lyden mot personer i deres umiddelbare n\u00e6rhet, samt i de bakre delene av ethvert fly. Forsterkerens frekvensb\u00e5ndpass er valgt for \u00e5 produsere en skarp og klar gjengivelse av talesignaler. Driftseffektniv\u00e5et er ogs\u00e5 tilstrekkelig til \u00e5 gi tilstrekkelig lyd under forhold med h\u00f8yt omgivelsesst\u00f8yniv\u00e5 uten \u00e5 v\u00e6re overveldende. Spesiell oppmerksomhet er gitt til den fysiske st\u00f8rrelsen, slik at de kan brukes effektivt i et milj\u00f8 med mange mennesker. Kun tilgjengelig gjennom Kellstrom Aerospace.     <\/p>\n","protected":false},"excerpt":{"rendered":"<p>De b\u00e6rbare sikkerhetsmegafonene ACR EM-1A, EM-2BA og EM-1D er designet for \u00e5 minimere akustisk tilbakekobling som resulterer i plystring og andre lignende lyder. Hver megafon har en lydprojeksjonsvinkel p\u00e5 90\u00b0, slik at personer i megafonens umiddelbare n\u00e6rhet, samt de som befinner seg i de bakre delene av et fly, kan h\u00f8re meldingen. I tillegg er forsterkerens frekvensb\u00e5ndpass valgt for \u00e5 gi en skarp og klar gjengivelse av talesignaler. Det er lagt spesiell vekt p\u00e5 megafonens fysiske st\u00f8rrelse, slik at hver modell kan brukes effektivt i et milj\u00f8 med mange mennesker.   <\/p>\n<p>&nbsp;<\/p>\n","protected":false},"featured_media":154528,"template":"","meta":{"_acf_changed":false,"om_disable_all_campaigns":false},"product_brand":[],"product_cat":[5879,8433,5571],"product_tag":[9880,9871,9874,9883,9877,9885],"class_list":{"0":"post-154524","1":"product","2":"type-product","3":"status-publish","4":"has-post-thumbnail","6":"product_cat-forretningsjet-no","7":"product_cat-kommersielle-fly","8":"product_cat-luftfart","9":"product_tag-boeing-megafon-no","10":"product_tag-em-1a-no","11":"product_tag-em-1d-no","12":"product_tag-flykabinens-stemme-megafon","13":"product_tag-kommersiell-luftfartsmegafon","14":"product_tag-megafon-no","15":"pa_aircraft-type-mellomstore-jetfly","16":"pa_aircraft-type-passasjerfly","17":"pa_aircraft-type-passasjerfly-no","18":"pa_product-megafoner-no","20":"first","21":"instock","22":"taxable","23":"shipping-taxable","24":"product-type-simple"},"acf":[],"_links":{"self":[{"href":"https:\/\/www.acrartex.com\/no\/wp-json\/wp\/v2\/product\/154524","targetHints":{"allow":["GET"]}}],"collection":[{"href":"https:\/\/www.acrartex.com\/no\/wp-json\/wp\/v2\/product"}],"about":[{"href":"https:\/\/www.acrartex.com\/no\/wp-json\/wp\/v2\/types\/product"}],"wp:featuredmedia":[{"embeddable":true,"href":"https:\/\/www.acrartex.com\/no\/wp-json\/wp\/v2\/media\/154528"}],"wp:attachment":[{"href":"https:\/\/www.acrartex.com\/no\/wp-json\/wp\/v2\/media?parent=154524"}],"wp:term":[{"taxonomy":"product_brand","embeddable":true,"href":"https:\/\/www.acrartex.com\/no\/wp-json\/wp\/v2\/product_brand?post=154524"},{"taxonomy":"product_cat","embeddable":true,"href":"https:\/\/www.acrartex.com\/no\/wp-json\/wp\/v2\/product_cat?post=154524"},{"taxonomy":"product_tag","embeddable":true,"href":"https:\/\/www.acrartex.com\/no\/wp-json\/wp\/v2\/product_tag?post=154524"}],"curies":[{"name":"wp","href":"https:\/\/api.w.org\/{rel}","templated":true}]}}