{"id":154454,"date":"2021-03-16T08:20:16","date_gmt":"2021-03-16T13:20:16","guid":{"rendered":"https:\/\/www.acrartex.com\/products\/pathfinder-pro-sart\/"},"modified":"2026-01-07T14:11:13","modified_gmt":"2026-01-07T19:11:13","slug":"pathfinder-pro-sart","status":"publish","type":"product","link":"https:\/\/www.acrartex.com\/no\/products\/pathfinder-pro-sart\/","title":{"rendered":"Pathfinder \u2122 PRO SART"},"content":{"rendered":"<p>Pathfinder Pro er en fullt godkjent s\u00f8k- og redningstransponder (SART) som overholder IMO SOLAS-forskriftene. N\u00e5r den blir avh\u00f8rt av radar, returnerer Pathfinder Pro 12 intense blink tilbake til fart\u00f8yets radarskjerm, noe som forbedrer s\u00f8ke- og redningsarbeidet betraktelig. Det overlegne litiumbatteriet gir over 96 timers driftstid i standby-modus (venter p\u00e5 \u00e5 bli avh\u00f8rt av radar) og 12 timers aktiv driftstid (mens den blir avh\u00f8rt av radar).  <\/p>\n<p>Pathfinder Pro leveres med et elegant veggfeste for \u00e5 holde denne kompakte SART-en unna, men likevel lett tilgjengelig i en n\u00f8dsituasjon. Den valgfrie teleskopstangen kobles praktisk til bunnen av SART-en og gir maksimal h\u00f8yde og sikt ut av en redningsfart\u00f8y. SART-en kan ogs\u00e5 henges opp inne i fart\u00f8yet for h\u00e5ndfri bruk.  <\/p>\n<p>En redningstransponder (SART) er obligatorisk for alle kommersielle fart\u00f8y som m\u00e5 overholde GMDSS, og alle fart\u00f8y som har mer enn \u00e9n redningsfl\u00e5te.<\/p>\n<p>&nbsp;<\/p>\n<p><strong><em>Krav til transport<\/em><\/strong><\/p>\n<ul>\n<li>Alle IMO SOLAS-fart\u00f8y p\u00e5 internasjonale reiser er p\u00e5lagt \u00e5 ha med seg en SART-n\u00f8kkel.<\/li>\n<li>Bruttoregistertonn (BRT) p\u00e5 300\u2013500 m\u00e5 ha minst \u00e9n SART<\/li>\n<li>Over 500 bruttoregistertonn (BRT) m\u00e5 det medbringes minst 2 SART-er<\/li>\n<li>1 SART for hver fjerde redningsfl\u00e5te p\u00e5 Ro-Ro-passasjerskip<\/li>\n<\/ul>\n<p><strong><em>Funksjoner<\/em><\/strong><\/p>\n<ul>\n<li>Forbedrer radarreturer med 12 intense blink, hvor det f\u00f8rste blinket representerer SARTs plassering<\/li>\n<li>Enheten sender via marinradar i 9,2\u20139,5 GHz-b\u00e5ndet n\u00e5r den avh\u00f8res av radar<\/li>\n<li>Festebrakett for fart\u00f8y og sammenleggbar stang<\/li>\n<li>Kompakt enhet p\u00e5 22,7 x 65 mm (8,94 x 2,56 tommer) pakkes enkelt inn i redningsfl\u00e5ten<\/li>\n<li>Vanntett ned til 10 meter (33 fot)<\/li>\n<li>Ikke-farlig litiumbatteri (5 \u00e5rs erstatningslevetid) fungerer i over 96 timer i standby-modus pluss ytterligere 12 driftstimer<\/li>\n<li>Verdensomspennende sertifiseringer; overholder IMO-, MED-, FCC- og IEC-standarder<\/li>\n<li>Driftstid \u2013 96 timer i standby-modus; over 12 timer i driftsmodus<\/li>\n<li>S\u00f8knad: obligatorisk krav for alle fart\u00f8y som er underlagt GMDSS; enhver yacht eller fart\u00f8y som f\u00f8rer mer enn \u00e9n redningsfl\u00e5te for \u00e5 romme mannskap og passasjerer<\/li>\n<\/ul>\n","protected":false},"excerpt":{"rendered":"<p>Hold deg trygg til sj\u00f8s med Pathfinder \u2122 PRO redningstransponder (SART). Denne SART-en overholder IMO SOLAS-forskriftene og har et overlegent litiumbatteri som gir over 96 timers driftstid i standby-modus og 12 timers aktiv levetid. Den kompakte Pathfinder PRO leveres med et elegant veggfeste som holder den unna, men likevel lett tilgjengelig i n\u00f8dstilfeller. En SART er obligatorisk for alle kommersielle fart\u00f8y som m\u00e5 overholde GMDSS, og alle fart\u00f8y som har mer enn \u00e9n redningsfl\u00e5te.   <\/p>\n<p>&nbsp;<\/p>\n<p><a href=\"https:\/\/www.dropbox.com\/s\/fk04stqsp2hgk5f\/Prop%2065%20-%20DEHP.pdf?dl=0\">ADVARSEL: FORSLAG 65<\/a><\/p>\n<p>&nbsp;<\/p>\n","protected":false},"featured_media":154456,"template":"","meta":{"_acf_changed":false,"om_disable_all_campaigns":false},"product_brand":[],"product_cat":[5865,5635,5862],"product_tag":[9758,9774,9778,9776,9764,9770,9768,9754,9762,9788,9761,9757,9792,9790,9772,9780,9755,9784,9782,9786,9766],"class_list":{"0":"post-154454","1":"product","2":"type-product","3":"status-publish","4":"has-post-thumbnail","6":"product_cat-kommersiell-no-2","7":"product_cat-marine-no","8":"product_cat-offshore-no","9":"product_tag-acr-sart-no","10":"product_tag-beste-sart","11":"product_tag-epirb-sart-no","12":"product_tag-gmdss-sart-no","13":"product_tag-jotron-sart-no","14":"product_tag-jotron-tron-sart-no","15":"product_tag-mcmurdo-sart-no","16":"product_tag-sart-no","17":"product_tag-sart-fall-no","18":"product_tag-sart-gmdss-no","19":"product_tag-sart-ivf-no","20":"product_tag-sart-batteri-no","21":"product_tag-sart-godkjenninger","22":"product_tag-sart-krav-no","23":"product_tag-sart-test-no","24":"product_tag-sart-tester-no","25":"product_tag-sart-transponder-no","26":"product_tag-sjomannsart","27":"product_tag-testing-sart-no","28":"product_tag-tron-sart-20-no","29":"product_tag-tronsart-no","30":"pa_boat-size-80-no","31":"pa_boat-type-charteryacht","32":"pa_boat-type-kommersielt-fiske","33":"pa_boat-type-lasteskip","34":"pa_boat-type-seilbat","35":"pa_boat-type-yacht-no","36":"pa_product-rescue-beacons-vhf-sart-no","37":"pa_product-signaleringsprodukter","38":"pa_product-sikkerhetstilbehor","40":"first","41":"instock","42":"taxable","43":"shipping-taxable","44":"purchasable","45":"product-type-simple"},"acf":[],"_links":{"self":[{"href":"https:\/\/www.acrartex.com\/no\/wp-json\/wp\/v2\/product\/154454","targetHints":{"allow":["GET"]}}],"collection":[{"href":"https:\/\/www.acrartex.com\/no\/wp-json\/wp\/v2\/product"}],"about":[{"href":"https:\/\/www.acrartex.com\/no\/wp-json\/wp\/v2\/types\/product"}],"wp:featuredmedia":[{"embeddable":true,"href":"https:\/\/www.acrartex.com\/no\/wp-json\/wp\/v2\/media\/154456"}],"wp:attachment":[{"href":"https:\/\/www.acrartex.com\/no\/wp-json\/wp\/v2\/media?parent=154454"}],"wp:term":[{"taxonomy":"product_brand","embeddable":true,"href":"https:\/\/www.acrartex.com\/no\/wp-json\/wp\/v2\/product_brand?post=154454"},{"taxonomy":"product_cat","embeddable":true,"href":"https:\/\/www.acrartex.com\/no\/wp-json\/wp\/v2\/product_cat?post=154454"},{"taxonomy":"product_tag","embeddable":true,"href":"https:\/\/www.acrartex.com\/no\/wp-json\/wp\/v2\/product_tag?post=154454"}],"curies":[{"name":"wp","href":"https:\/\/api.w.org\/{rel}","templated":true}]}}