{"id":154298,"date":"2021-03-16T08:21:28","date_gmt":"2021-03-16T13:21:28","guid":{"rendered":"https:\/\/www.acrartex.com\/products\/aislink-cb1\/"},"modified":"2021-03-16T08:21:28","modified_gmt":"2021-03-16T13:21:28","slug":"aislink-cb1","status":"publish","type":"product","link":"https:\/\/www.acrartex.com\/no\/products\/aislink-cb1\/","title":{"rendered":"AISLink CB1"},"content":{"rendered":"<p><strong>Funksjoner:<\/strong><\/p>\n<ul>\n<li>Intern GPS -antenne<\/li>\n<li>Godkjent over hele verden<\/li>\n<li>Lavt str\u00f8mforbruk<\/li>\n<li>Enkel installasjon<\/li>\n<li>Stillemodus<\/li>\n<li>Flere grensesnitt<\/li>\n<li>Vanntett (IPx7)<\/li>\n<li>Standardfrekvenser: AIS 1 \u2013 161,975 MHz, AIS 2 \u2013 162,025 MHz<\/li>\n<\/ul>\n<p>ACR AISLink CB1 AIS er godkjent over hele verden og er en ekstremt p\u00e5litelig transceiver som har en rekke praktiske brukerfunksjoner. Med en intern GPS antenne, som gj\u00f8r en ekstern antenne valgfri, kan brukerne spare tid p\u00e5 installasjonen samtidig som de sparer plass. Ytterligere designfunksjoner som gir ytterligere bekvemmelighet inkluderer en liten, robust og vanntett (IPx7-sertifisert) design med lavt str\u00f8mforbruk.  <\/p>\n<p>AISLink CB1 har ogs\u00e5 NMEA0183- og NMEA2000-datautgang som muliggj\u00f8r s\u00f8ml\u00f8s samhandling med navigasjonssystemer. Muligheten til \u00e5 sette transceiveren i stille modus gir ogs\u00e5 b\u00e5de personvern og sikkerhet, ettersom dette lar brukerne sl\u00e5 av overf\u00f8ringen av identifiserende informasjon mens de fortsatt ser sendinger fra andre fart\u00f8y med AIS . <\/p>\n<p>&nbsp;<\/p>\n<p><a href=\"https:\/\/www.youtube.com\/watch?v=Q9f4lPY1wCg&amp;feature=youtu.be\" target=\"_blank\" rel=\"noopener\">Klikk her for \u00e5 se hurtiginstallasjonsvideoen ACR AISLink CB1<\/a><\/p>\n","protected":false},"excerpt":{"rendered":"<p>Dette produktet er utg\u00e5tt og er ikke lenger tilgjengelig for salg. Den nye <a href=\"https:\/\/www.acrartex.com\/products\/automatic-identification-system-aislink-cb2\/\">AISLink CB2 klasse B+ er n\u00e5 tilgjengelig, finn ut mer<\/a> . <\/p>\n<p>St\u00f8ttedokumenter for AISLink CB1 er tilgjengelige i Nedlastinger-fanen.<\/p>\n<p><span style=\"color: #3366ff;\"><strong>Dette produktet er utg\u00e5tt.<\/strong><\/span><\/p>\n<p>&nbsp;<\/p>\n<p>&nbsp;<\/p>\n","protected":false},"featured_media":154299,"template":"","meta":{"_acf_changed":false,"om_disable_all_campaigns":false},"product_brand":[],"product_cat":[5635,2925],"product_tag":[9537,9539,9535,9542,9541],"class_list":{"0":"post-154298","1":"product","2":"type-product","3":"status-publish","4":"has-post-thumbnail","6":"product_cat-marine-no","7":"product_cat-uncategorized-no","8":"product_tag-ais-no","9":"product_tag-ais-klasse-b","10":"product_tag-aislink-no","11":"product_tag-aislink-klasse-b","12":"product_tag-klasse-b","13":"pa_product-arv-no","15":"first","16":"outofstock","17":"product-type-simple"},"acf":[],"_links":{"self":[{"href":"https:\/\/www.acrartex.com\/no\/wp-json\/wp\/v2\/product\/154298","targetHints":{"allow":["GET"]}}],"collection":[{"href":"https:\/\/www.acrartex.com\/no\/wp-json\/wp\/v2\/product"}],"about":[{"href":"https:\/\/www.acrartex.com\/no\/wp-json\/wp\/v2\/types\/product"}],"wp:featuredmedia":[{"embeddable":true,"href":"https:\/\/www.acrartex.com\/no\/wp-json\/wp\/v2\/media\/154299"}],"wp:attachment":[{"href":"https:\/\/www.acrartex.com\/no\/wp-json\/wp\/v2\/media?parent=154298"}],"wp:term":[{"taxonomy":"product_brand","embeddable":true,"href":"https:\/\/www.acrartex.com\/no\/wp-json\/wp\/v2\/product_brand?post=154298"},{"taxonomy":"product_cat","embeddable":true,"href":"https:\/\/www.acrartex.com\/no\/wp-json\/wp\/v2\/product_cat?post=154298"},{"taxonomy":"product_tag","embeddable":true,"href":"https:\/\/www.acrartex.com\/no\/wp-json\/wp\/v2\/product_tag?post=154298"}],"curies":[{"name":"wp","href":"https:\/\/api.w.org\/{rel}","templated":true}]}}