{"id":154264,"date":"2021-03-16T08:21:43","date_gmt":"2021-03-16T13:21:43","guid":{"rendered":"https:\/\/www.acrartex.com\/products\/hydrofix-hru\/"},"modified":"2025-11-26T03:33:23","modified_gmt":"2025-11-26T08:33:23","slug":"hydrofix-hru","status":"publish","type":"product","link":"https:\/\/www.acrartex.com\/no\/products\/hydrofix-hru\/","title":{"rendered":"HydroFix \u2122 HRU"},"content":{"rendered":"<p>Et patentert stangsystem er ikke avhengig av batteri, blad eller pyroteknisk innretning for \u00e5 utl\u00f8se varselb\u00e5ken. Denne fordelen gir rask, s\u00f8ml\u00f8s og p\u00e5litelig utl\u00f8sning i en n\u00f8dsituasjon. <\/p>\n<p>Merk at dette er et datomerket produkt og m\u00e5 skiftes ut hvert 2. \u00e5r fra installasjonsdatoen eller 4. \u00e5r fra produksjonsdatoen.<\/p>\n<ul>\n<li>Lett utskiftbar<\/li>\n<li>100 % fabrikktestet<\/li>\n<li>Patentnummer: 7 435 148<\/li>\n<\/ul>\n","protected":false},"excerpt":{"rendered":"<p>HydroFix \u2122 hydrostatisk utl\u00f8serenhet (HRU) er et patentert stangsystem som gj\u00f8r at en varsellampe raskt og p\u00e5litelig kan frigj\u00f8res fra en kategori I-brakett n\u00e5r den er nedsenket i vann mellom 1,5\u20134 meter (4,9\u201313,1 fot). Denne enheten er designet for \u00e5 fungere med varsellampebrakettene Sea Shelter \u2122, Sea Shelter \u21222, Sea Shelter \u21223 og Sea Shelter \u21224. <\/p>\n<p>&nbsp;<\/p>\n<h4><span style=\"color: #ff0000;\"><strong>Stolt laget i USA!<\/strong><\/span><\/h4>\n","protected":false},"featured_media":164503,"template":"","meta":{"_acf_changed":false,"om_disable_all_campaigns":false},"product_brand":[],"product_cat":[5858,5865,5635,5860,5862,6553],"product_tag":[9491,6812,9480,9482,9481,9479,9478,9477,9483,9485,9487,9490,8183,8182],"class_list":{"0":"post-154264","1":"product","2":"type-product","3":"status-publish","4":"has-post-thumbnail","6":"product_cat-inn-i-landet-no","7":"product_cat-kommersiell-no-2","8":"product_cat-marine-no","9":"product_cat-naer-kysten","10":"product_cat-offshore-no","11":"product_cat-sikkerhetstilbehor","12":"product_tag-automatisk-utplassering-av-epirb","13":"product_tag-cospas-sarsat-no","14":"product_tag-epirb-hydrostatisk-frigjoring","15":"product_tag-hammar-h20-no","16":"product_tag-hammar-h20-hydrostatisk-utloser","17":"product_tag-hammar-hydrostatisk-frigjoring","18":"product_tag-hydrofix-no","19":"product_tag-hydrostatisk-frigjoring","20":"product_tag-hydrostatisk-frigjoring-for-epirb","21":"product_tag-hydrostatisk-frigjoring-for-epirobs","22":"product_tag-hydrostatisk-utlosningsenhet-no","23":"product_tag-kategori-1-epirb-no-2","24":"product_tag-lavprofilbrakett-for-epirb","25":"product_tag-skottmontert-epirb","26":"pa_boat-size-0-20-no","27":"pa_boat-size-21-40-no","28":"pa_boat-size-40-80-no","29":"pa_boat-size-80-no","30":"pa_boat-type-charteryacht","31":"pa_boat-type-kommersielt-fiske","32":"pa_boat-type-lasteskip","33":"pa_boat-type-motorbat-no","34":"pa_boat-type-seilbat","35":"pa_boat-type-slepebat","36":"pa_boat-type-sportcraft-no","37":"pa_boat-type-yacht-no","38":"pa_product-rescue-beacons-no","39":"pa_product-rescue-beacons-vhf-sart-no","40":"pa_product-sikkerhetstilbehor","42":"first","43":"instock","44":"taxable","45":"shipping-taxable","46":"purchasable","47":"product-type-simple"},"acf":[],"_links":{"self":[{"href":"https:\/\/www.acrartex.com\/no\/wp-json\/wp\/v2\/product\/154264","targetHints":{"allow":["GET"]}}],"collection":[{"href":"https:\/\/www.acrartex.com\/no\/wp-json\/wp\/v2\/product"}],"about":[{"href":"https:\/\/www.acrartex.com\/no\/wp-json\/wp\/v2\/types\/product"}],"wp:featuredmedia":[{"embeddable":true,"href":"https:\/\/www.acrartex.com\/no\/wp-json\/wp\/v2\/media\/164503"}],"wp:attachment":[{"href":"https:\/\/www.acrartex.com\/no\/wp-json\/wp\/v2\/media?parent=154264"}],"wp:term":[{"taxonomy":"product_brand","embeddable":true,"href":"https:\/\/www.acrartex.com\/no\/wp-json\/wp\/v2\/product_brand?post=154264"},{"taxonomy":"product_cat","embeddable":true,"href":"https:\/\/www.acrartex.com\/no\/wp-json\/wp\/v2\/product_cat?post=154264"},{"taxonomy":"product_tag","embeddable":true,"href":"https:\/\/www.acrartex.com\/no\/wp-json\/wp\/v2\/product_tag?post=154264"}],"curies":[{"name":"wp","href":"https:\/\/api.w.org\/{rel}","templated":true}]}}