{"id":153544,"date":"2021-03-16T08:09:00","date_gmt":"2021-03-16T13:09:00","guid":{"rendered":"https:\/\/www.acrartex.com\/products\/elt-345\/"},"modified":"2021-03-16T08:09:00","modified_gmt":"2021-03-16T13:09:00","slug":"elt-345","status":"publish","type":"product","link":"https:\/\/www.acrartex.com\/no\/products\/elt-345\/","title":{"rendered":"ELT 345"},"content":{"rendered":"<p><span style=\"font-size: 10pt;\">ARTEX ELT 345 kan aktiveres manuelt (via cockpitfjernbryter eller ELT bryter) eller automatisk (G-bryteren registrerer et 2,3G eller st\u00f8rre st\u00f8t), og sender et unikt digitalt signal p\u00e5 406 MHz n\u00f8dfrekvens som varsler n\u00e6rmeste redningstjeneste om n\u00f8dsituasjonen din. 406 MHz-signalet, som inneholder GPS koordinatene dine, sendes til Cospas-Sarsat -satellittene og videresendes til kontrollsenteret, hvor det umiddelbart rutes til n\u00e6rmeste redningstjeneste. Registreringen av beaconen din vil fortelle f\u00f8rstehjelpere <b><u>hvem<\/u><\/b> du er, og selve beaconen lar dem vite <b><u>hvor<\/u><\/b> du er innenfor 100 meter. Til slutt hjelper det lokale 121,5 MHz-m\u00e5ls\u00f8kingssignalet redningstjenestene med \u00e5 identifisere din n\u00f8yaktige posisjon.   <\/span><\/p>\n<p>&nbsp;<\/p>\n<p style=\"margin: 0in 0in 0.0001pt;\"><span style=\"font-size: 10pt;\"><b>Enkel installasjon<\/b><br \/>\n<\/span><\/p>\n<p>&nbsp;<\/p>\n<p style=\"margin: 0in 0in 0.0001pt;\"><span style=\"font-size: 10pt;\">ARTEX ELT 345 gir en rask og enkel ettermonteringsmulighet med fleksible installasjonsalternativer, som v\u00e5r standard eller slanke totr\u00e5ds fjernbryter som ikke krever flystr\u00f8m. ELT 345 bruker samme RF-utgang med bare \u00e9n koaksialkabel for \u00e5 overf\u00f8re b\u00e5de 406 MHz og 121,5 MHz signaler gjennom enten v\u00e5re 15- eller 23-tommers whipantenner. Det innebygde navigasjonsgrensesnittet krever ikke flystr\u00f8m for \u00e5 fungere, noe som reduserer installasjonskostnadene betraktelig. Monteringsbraketten i rustfritt st\u00e5l har en flerhullsm\u00f8nsterkonfigurasjon som gj\u00f8r utskifting av eldre ARTEX ELT-er eller ACK-, Kannad- og AmeriKing ELT-er rask og enkel.   <\/span><\/p>\n<p>&nbsp;<\/p>\n<p style=\"margin: 0in 0in 0.0001pt;\"><span style=\"font-size: 10pt;\"><b>ELT 345-sett<\/b><\/span><\/p>\n<p>&nbsp;<\/p>\n<p style=\"margin: 0in 0in 0.0001pt;\"><span style=\"font-size: 10pt;\">Det finnes n\u00e5 tre omfattende settalternativer tilgjengelig som gir brukere tilgang til ELT 345, verdens mest popul\u00e6re ELT . Hvert alternativ har en 2-tr\u00e5ds fjernbryter, koaksialkabel, antenne og ELT installasjonssett.  Hovedforskjellen mellom settene gjelder antennen og\/eller brytertilbudet. V\u00e5rt mest \u00f8konomiske alternativ (delenummer 8102) leveres med v\u00e5r standard svarte piskantenne og standard 2-tr\u00e5ds fjernbryter. De to andre settene inkluderer et lavere profilantennealternativ med en svart piskantenne designet for installasjoner der en kortere formfaktor er n\u00f8dvendig. Til slutt, mens 8102- og 8107-sett inkluderer standard 2-tr\u00e5ds fjernbryter, har 8108-settet en ny slank profilbryter. Den nye slanke bryteren er perfekt for ACK- og Ameri-King ELT ettermontering, da den ikke krever modifikasjon av bryterpanelets utskj\u00e6ring n\u00e5r du bytter ut en eldre telefonledningsbryter. Som en ekstra fordel krever den slanke bryteren ingen batterier og fungerer med 2-tr\u00e5dstilkobling for p\u00e5litelig cockpitpaneldrift.     <\/span><\/p>\n<p>&nbsp;<\/p>\n<table class=\"Table\" style=\"border-collapse: collapse; border: solid windowtext 1.0pt;\">\n<tbody>\n<tr>\n<td style=\"border: solid windowtext 1.0pt; background: black; width: 99.9pt; padding: 0in 5.4pt 0in 5.4pt;\" width=\"133\">\n<p style=\"margin: 0in 0in 0.0001pt;\"><span style=\"font-size: 10pt;\">ARTEX <span style=\"color: white;\">-delenummer<\/span><\/span><\/p>\n<\/td>\n<td style=\"border: solid windowtext 1.0pt; background: black; width: 120.4pt; border-left: none; padding: 0in 5.4pt 0in 5.4pt;\" width=\"161\">\n<p style=\"margin: 0in 0in 0.0001pt;\"><span style=\"font-size: 10pt;\"><span style=\"color: white;\">Produktbeskrivelse<\/span><\/span><\/p>\n<\/td>\n<td style=\"border: solid windowtext 1.0pt; background: black; width: 110.15pt; border-left: none; padding: 0in 5.4pt 0in 5.4pt;\" width=\"147\">\n<p style=\"margin: 0in 0in 0.0001pt;\"><span style=\"font-size: 10pt;\"><span style=\"color: white;\">Antenne inkludert<\/span><\/span><\/p>\n<\/td>\n<td style=\"border: solid windowtext 1.0pt; background: black; width: 110.15pt; border-left: none; padding: 0in 5.4pt 0in 5.4pt;\" width=\"147\">\n<p style=\"margin: 0in 0in 0.0001pt;\"><span style=\"font-size: 10pt;\"><span style=\"color: white;\">Fjernbryter inkludert<\/span><\/span><\/p>\n<\/td>\n<\/tr>\n<tr>\n<td style=\"border: solid windowtext 1.0pt; width: 99.9pt; border-top: none; padding: 0in 5.4pt 0in 5.4pt;\" width=\"133\">\n<p style=\"margin: 0in 0in 0.0001pt;\"><span style=\"font-size: 10pt;\">8102 ( <a href=\"https:\/\/www.dropbox.com\/s\/zbhlmu7i6zokav2\/8102D.pdf?dl=1\">pakkeliste<\/a> )<\/span><\/p>\n<\/td>\n<td style=\"border-bottom: solid windowtext 1.0pt; width: 120.4pt; border-top: none; border-left: none; border-right: solid windowtext 1.0pt; padding: 0in 5.4pt 0in 5.4pt;\" width=\"161\">\n<p style=\"margin: 0in 0in 0.0001pt;\"><span style=\"font-size: 10pt;\">ARTEX ELT 345 standardsett med GA-installasjonssett, svart whip-antenne og standard fjernbryter<\/span><\/p>\n<\/td>\n<td style=\"border-bottom: solid windowtext 1.0pt; width: 110.15pt; border-top: none; border-left: none; border-right: solid windowtext 1.0pt; padding: 0in 5.4pt 0in 5.4pt;\" width=\"147\">\n<p style=\"margin: 0in 0in 0.0001pt;\"><span style=\"font-size: 10pt;\">23,4\u201d h\u00f8y svart piskantenne<\/span><\/p>\n<\/td>\n<td style=\"border-bottom: solid windowtext 1.0pt; width: 110.15pt; border-top: none; border-left: none; border-right: solid windowtext 1.0pt; padding: 0in 5.4pt 0in 5.4pt;\" width=\"147\">\n<p style=\"margin: 0in 0in 0.0001pt;\"><span style=\"font-size: 10pt;\">ARTEX Standard 2-tr\u00e5ds fjernbryter<\/span><br \/>\n <span style=\"font-size: 11pt;\"><span style=\"font-family: Calibri,sans-serif;\">(2,00 x 1,30 tommer)<\/span><\/span><\/p>\n<\/td>\n<\/tr>\n<tr>\n<td style=\"border: solid windowtext 1.0pt; width: 99.9pt; border-top: none; padding: 0in 5.4pt 0in 5.4pt;\" width=\"133\">\n<p style=\"margin: 0in 0in 0.0001pt;\"><span style=\"font-size: 10pt;\">8107 ( <a href=\"https:\/\/www.dropbox.com\/s\/1lrv6abtjdezrdd\/8107B.pdf?dl=1\">pakkeliste<\/a> )<\/span><\/p>\n<\/td>\n<td style=\"border-bottom: solid windowtext 1.0pt; width: 120.4pt; border-top: none; border-left: none; border-right: solid windowtext 1.0pt; padding: 0in 5.4pt 0in 5.4pt;\" width=\"161\">\n<p style=\"margin: 0in 0in 0.0001pt;\"><span style=\"font-size: 10pt;\">ARTEX ELT 345 kompaktsett med GA-installasjonssett, kompakt svart whip-antenne og standard fjernbryter<\/span><\/p>\n<\/td>\n<td style=\"border-bottom: solid windowtext 1.0pt; width: 110.15pt; border-top: none; border-left: none; border-right: solid windowtext 1.0pt; padding: 0in 5.4pt 0in 5.4pt;\" width=\"147\">\n<p style=\"margin: 0in 0in 0.0001pt;\"><span style=\"font-size: 10pt;\">15\u201d h\u00f8y svart piskantenne<\/span><\/p>\n<\/td>\n<td style=\"border-bottom: solid windowtext 1.0pt; width: 110.15pt; border-top: none; border-left: none; border-right: solid windowtext 1.0pt; padding: 0in 5.4pt 0in 5.4pt;\" width=\"147\">\n<p style=\"margin: 0in 0in 0.0001pt;\"><span style=\"font-size: 10pt;\">ARTEX Standard 2-tr\u00e5ds fjernbryter<\/span><\/p>\n<p style=\"margin: 0in 0in 0.0001pt;\"><span style=\"font-size: 10pt;\">(2,00 x 1,30 tommer)<\/span><\/p>\n<\/td>\n<\/tr>\n<tr>\n<td style=\"border: solid windowtext 1.0pt; width: 99.9pt; border-top: none; padding: 0in 5.4pt 0in 5.4pt;\" width=\"133\">\n<p style=\"margin: 0in 0in 0.0001pt;\"><span style=\"font-size: 10pt;\">8108 ( <a href=\"https:\/\/www.dropbox.com\/s\/y3uphs2javap1qk\/8108B.pdf?dl=1\">pakkeliste<\/a> )<\/span><\/p>\n<\/td>\n<td style=\"border-bottom: solid windowtext 1.0pt; width: 120.4pt; border-top: none; border-left: none; border-right: solid windowtext 1.0pt; padding: 0in 5.4pt 0in 5.4pt;\" width=\"161\">\n<p style=\"margin: 0in 0in 0.0001pt;\"><span style=\"font-size: 10pt;\">ARTEX ELT 345 slankt sett med GA-installasjonssett, kompakt svart whip-antenne og slank fjernbryter<\/span><\/p>\n<\/td>\n<td style=\"border-bottom: solid windowtext 1.0pt; width: 110.15pt; border-top: none; border-left: none; border-right: solid windowtext 1.0pt; padding: 0in 5.4pt 0in 5.4pt;\" width=\"147\">\n<p style=\"margin: 0in 0in 0.0001pt;\"><span style=\"font-size: 10pt;\">15\u201d h\u00f8y svart piskantenne<\/span><\/p>\n<\/td>\n<td style=\"border-bottom: solid windowtext 1.0pt; width: 110.15pt; border-top: none; border-left: none; border-right: solid windowtext 1.0pt; padding: 0in 5.4pt 0in 5.4pt;\" width=\"147\">\n<p style=\"margin: 0in 0in 0.0001pt;\"><span style=\"font-size: 10pt;\">Slimline 2-tr\u00e5ds fjernbryter<br \/>\n (Passer ACK og Ameriking)<\/span><\/p>\n<p style=\"margin: 0in 0in 0.0001pt;\"><span style=\"font-size: 10pt;\">(2,08 x 0,75 tommer)<\/span><\/p>\n<\/td>\n<\/tr>\n<\/tbody>\n<\/table>\n<p>&nbsp;<\/p>\n<p>Interessert i et komplett sikkerhets- og overlevelsessett? Det nye <a href=\"https:\/\/www.acrartex.com\/sv\/products\/artex-elt-345-pilotkit\/\">ARTEX ELT 345\u2122 Pilot Kit<\/a> er den perfekte kombinasjonen av sikkerhets- og overlevelsesprodukter designet for \u00e5 holde piloter trygge i en n\u00f8dsituasjon.  Pilotsettet gir flygere ett praktisk sett for \u00e5 utstyre flyene sine med den nyeste 406 MHz Emergency Locator Transmitter ( ELT ) sammen med personlig overlevelsesutstyr for \u00e5 gi et redundant system for \u00e5 varsle s\u00f8k og redning om deres posisjon.<\/p>\n<p>Dette settet inneholder f\u00f8lgende viktige overlevelsesprodukter:<\/p>\n<ul>\n<li>ELT 345\u2122 (inkluderer antenne, fjernbryter + installasjon av maskinvare)<\/li>\n<li>ResQLink +\u2122 Personal Locator Beacon<\/li>\n<li>C-Light H\u2082O\u2122 n\u00f8dlys<\/li>\n<li>Signalspeil<\/li>\n<li>WW-3 Res-Q\u2122-fl\u00f8yte<\/li>\n<\/ul>\n<p>&nbsp;<\/p>\n<p>Det er en grunn til at ARTEX ELT-er er valget til flere flyprodusenter enn noen andre; de \u200b\u200bstoler p\u00e5 at ARTEX bygger produkter av h\u00f8yeste kvalitet, vel vitende om at de brukes til \u00e5 redde liv.<\/p>\n","protected":false},"excerpt":{"rendered":"<p>Stig til v\u00e6rs med selvtillit med ELT 345. N\u00e5r en n\u00f8dsituasjon oppst\u00e5r, kan du stole p\u00e5 det samme merket som ledende kommersielle flyprodusenter stoler p\u00e5 for f\u00f8rsteklasses kvalitet, overlegen teknologi og enest\u00e5ende kundeservice. Den bestselgende ARTEX ELT 345 er bygget i henhold til bransjens strengeste kvalitetsstyringsstandarder for \u00e5 sikre at ELT fungerer f\u00f8rste gang, hver gang. ARTEX ELT 345 sender p\u00e5 frekvensene 406 MHz og 121,5 MHz, samtidig som den gir posisjonsn\u00f8yaktighet takket v\u00e6re det innebygde GPS navigasjonsgrensesnittet. ELT 345 kan skryte av en lav bransjepris for en ELT som gir samme kvalitet og ytelse som ARTEX merket ble bygget p\u00e5.    <\/p>\n<p>&nbsp;<\/p>\n<p><a href=\"https:\/\/www.acrartex.com\/canada-elt-mandate\/\">Klikk her for informasjon om det kanadiske ELT mandatet<\/a><\/p>\n","protected":false},"featured_media":12137,"template":"","meta":{"_acf_changed":false,"om_disable_all_campaigns":false},"product_brand":[],"product_cat":[5876,5571],"product_tag":[8902,8311,7118,7119,5575,9198,5697,5581,8901,5643],"class_list":{"0":"post-153544","1":"product","2":"type-product","3":"status-publish","4":"has-post-thumbnail","6":"product_cat-generell-luftfart-no","7":"product_cat-luftfart","8":"product_tag-121-5-elt-oppgradering","9":"product_tag-406-mhz-elt-no","10":"product_tag-akr-no","11":"product_tag-artex-no","12":"product_tag-elt-no","13":"product_tag-elt-345-no","14":"product_tag-gps-en","15":"product_tag-nodlokaliseringssender","16":"product_tag-nodlokasjonssender","17":"product_tag-nodsignal-no","18":"pa_aircraft-type-eksperimentell","19":"pa_aircraft-type-enkelt-motor-no","20":"pa_aircraft-type-flermotor","21":"pa_aircraft-type-turboprop-no","22":"pa_product-elt-losninger","24":"first","25":"instock","26":"taxable","27":"shipping-taxable","28":"product-type-simple"},"acf":[],"_links":{"self":[{"href":"https:\/\/www.acrartex.com\/no\/wp-json\/wp\/v2\/product\/153544","targetHints":{"allow":["GET"]}}],"collection":[{"href":"https:\/\/www.acrartex.com\/no\/wp-json\/wp\/v2\/product"}],"about":[{"href":"https:\/\/www.acrartex.com\/no\/wp-json\/wp\/v2\/types\/product"}],"wp:featuredmedia":[{"embeddable":true,"href":"https:\/\/www.acrartex.com\/no\/wp-json\/wp\/v2\/media\/12137"}],"wp:attachment":[{"href":"https:\/\/www.acrartex.com\/no\/wp-json\/wp\/v2\/media?parent=153544"}],"wp:term":[{"taxonomy":"product_brand","embeddable":true,"href":"https:\/\/www.acrartex.com\/no\/wp-json\/wp\/v2\/product_brand?post=153544"},{"taxonomy":"product_cat","embeddable":true,"href":"https:\/\/www.acrartex.com\/no\/wp-json\/wp\/v2\/product_cat?post=153544"},{"taxonomy":"product_tag","embeddable":true,"href":"https:\/\/www.acrartex.com\/no\/wp-json\/wp\/v2\/product_tag?post=153544"}],"curies":[{"name":"wp","href":"https:\/\/api.w.org\/{rel}","templated":true}]}}