{"id":153540,"date":"2021-03-16T08:09:37","date_gmt":"2021-03-16T13:09:37","guid":{"rendered":"https:\/\/www.acrartex.com\/products\/rapidditch-express-veske\/"},"modified":"2025-11-26T03:24:48","modified_gmt":"2025-11-26T08:24:48","slug":"rapidditch-express-veske","status":"publish","type":"product","link":"https:\/\/www.acrartex.com\/no\/products\/rapidditch-express-veske\/","title":{"rendered":"RapidDitch Express-veske"},"content":{"rendered":"<p>Oppbevar alle dine viktige personlige eiendeler og overlevelsesutstyr i den nye ACR RapidDitch \u2122 Express-vesken for forlatt skip. Dette kompakte og flytedyktige sikkerhetsverkt\u00f8yet holder alt ditt viktige sikkerhetsutstyr organisert og samlet, slik at du har rask tilgang i en n\u00f8dsituasjon. Denne robuste vesken har alle lommene, snorene og l\u00f8kkene du trenger for \u00e5 ha sikkerhetsutstyret klart.  <\/p>\n<p>Med ekstra oppdrift kan RapidDitch l\u00f8fte opptil 7 kg med utstyr, og det nye reflekterende materialet gj\u00f8r det lettere \u00e5 oppdage det av redningsstyrker. Det slitesterke vannavst\u00f8tende stoffet og de selvreparerende, korrosjonsbestandige glidel\u00e5sene t\u00e5ler de t\u00f8ffeste elementene. RapidDitch Express gj\u00f8r alt sikkerhetsutstyret ditt b\u00e6rbart, slik at du enkelt kan transportere alt fra b\u00e5t til b\u00e5t.  <\/p>\n<p>Hold deg samlet og innenfor armlengdes avstand fra RapidDitch Express med det nye, innovative skulderstroppesystemet. Bare l\u00f8sne stroppene, s\u00e5 forvandles de raskt til to 1,2 meter lange sikkerhetsseler som er utformet for \u00e5 holde alle tilkoblet mens de er i vannet. <\/p>\n","protected":false},"excerpt":{"rendered":"<p>V\u00e6r forberedt p\u00e5 det uventede med RapidDitch Express-vesken. Denne kompakte overlevelsesvesken har lommer, snorefester og l\u00f8kker for \u00e5 enkelt organisere og oppbevare alt viktig sikkerhetsutstyr p\u00e5 ett praktisk sted. <\/p>\n<p>Denne vesken er laget av vannavst\u00f8tende, reflekterende materiale, og er bygget for \u00e5 t\u00e5le elementene og gj\u00f8re det enklere for s\u00f8k- og redningsmannskaper \u00e5 oppdage deg i n\u00f8dssituasjoner. I tillegg, med sin flytende design, vil RapidDitch Express flyte med opptil 7 kg utstyr, hvis den havner i vannet. <\/p>\n<p>Veskens innovative skulderstropp kan enkelt l\u00f8snes og gj\u00f8res om til to 1,2 meter lange sikkerhetsseler som kan festes til redningsvesten og brukes til \u00e5 holde alle tilkoblet mens de er i vannet.<\/p>\n<p style=\"margin-left: 0in; margin-right: 0in;\"><span style=\"font-size: 11pt;\"><span style=\"font-family: Calibri,sans-serif;\"><a style=\"color: blue; text-decoration: underline;\" href=\"https:\/\/www.dropbox.com\/s\/fk04stqsp2hgk5f\/Prop%2065%20-%20DEHP.pdf?dl=0\"><span style=\"color: #000000;\">ADVARSEL: FORSLAG 65<\/span><\/a><\/span><\/span><\/p>\n","protected":false},"featured_media":164305,"template":"","meta":{"_acf_changed":false,"om_disable_all_campaigns":false},"product_brand":[],"product_cat":[5858,5635,5860,5862,6553,5686],"product_tag":[9118,9134,9167,9185,9133,9114,9180,9121,9171,9124,9174],"class_list":{"0":"post-153540","1":"product","2":"type-product","3":"status-publish","4":"has-post-thumbnail","6":"product_cat-inn-i-landet-no","7":"product_cat-marine-no","8":"product_cat-naer-kysten","9":"product_cat-offshore-no","10":"product_cat-sikkerhetstilbehor","11":"product_cat-utendors","12":"product_tag-bag-no","13":"product_tag-bug-out-veske","14":"product_tag-ekspressbag","15":"product_tag-flytende-veske","16":"product_tag-groftepose","17":"product_tag-hurtiggroft","18":"product_tag-marine-groftpose","19":"product_tag-overlevelse","20":"product_tag-overlevelsesutstyr","21":"product_tag-overlevelsesveske","22":"product_tag-veske-for-overlevelsesutstyr","23":"pa_activity-fiske","24":"pa_boat-size-0-20-no","25":"pa_boat-size-21-40-no","26":"pa_boat-size-40-80-no","27":"pa_boat-size-80-no","28":"pa_boat-type-charteryacht","29":"pa_boat-type-kommersielt-fiske","30":"pa_boat-type-motorbat-no","31":"pa_boat-type-seilbat","32":"pa_boat-type-slepebat","33":"pa_boat-type-sportcraft-no","34":"pa_boat-type-yacht-no","35":"pa_product-sikkerhetstilbehor","36":"pa_terrain-elver-vatmarker-innsjoer","38":"first","39":"instock","40":"taxable","41":"shipping-taxable","42":"purchasable","43":"product-type-simple"},"acf":[],"_links":{"self":[{"href":"https:\/\/www.acrartex.com\/no\/wp-json\/wp\/v2\/product\/153540","targetHints":{"allow":["GET"]}}],"collection":[{"href":"https:\/\/www.acrartex.com\/no\/wp-json\/wp\/v2\/product"}],"about":[{"href":"https:\/\/www.acrartex.com\/no\/wp-json\/wp\/v2\/types\/product"}],"wp:featuredmedia":[{"embeddable":true,"href":"https:\/\/www.acrartex.com\/no\/wp-json\/wp\/v2\/media\/164305"}],"wp:attachment":[{"href":"https:\/\/www.acrartex.com\/no\/wp-json\/wp\/v2\/media?parent=153540"}],"wp:term":[{"taxonomy":"product_brand","embeddable":true,"href":"https:\/\/www.acrartex.com\/no\/wp-json\/wp\/v2\/product_brand?post=153540"},{"taxonomy":"product_cat","embeddable":true,"href":"https:\/\/www.acrartex.com\/no\/wp-json\/wp\/v2\/product_cat?post=153540"},{"taxonomy":"product_tag","embeddable":true,"href":"https:\/\/www.acrartex.com\/no\/wp-json\/wp\/v2\/product_tag?post=153540"}],"curies":[{"name":"wp","href":"https:\/\/api.w.org\/{rel}","templated":true}]}}