{"id":153533,"date":"2021-03-16T08:09:42","date_gmt":"2021-03-16T13:09:42","guid":{"rendered":"https:\/\/www.acrartex.com\/products\/rapidditch-veske\/"},"modified":"2021-03-16T08:09:42","modified_gmt":"2021-03-16T13:09:42","slug":"rapidditch-veske","status":"publish","type":"product","link":"https:\/\/www.acrartex.com\/no\/products\/rapidditch-veske\/","title":{"rendered":"RapidDitch -veske"},"content":{"rendered":"<p>Det slitesterke, vannavst\u00f8tende stoffet og de selvreparerende, korrosjonsbestandige glidel\u00e5sene t\u00e5ler de t\u00f8ffeste elementene. Med ekstra oppdrift kan RapidDitch flyte opptil 11 kg med utstyr, og det nye reflekterende materialet gj\u00f8r det lettere \u00e5 oppdage det av redningsstyrker. <\/p>\n<p>Hold sammen med det nye, innovative skulderstroppesystemet som enkelt kan festes til to 1,2 meter lange sikkerhetsseler som er utformet for \u00e5 festes til redningsvestene dine, slik at alle er tilkoblet mens de er i vannet. Hold deg innenfor armlengdes avstand fra RapidDitch vesken for \u00e5 sikre at alt sikkerhets- og signalutstyret ditt er tilgjengelig p\u00e5 et \u00f8yeblikks varsel. <\/p>\n","protected":false},"excerpt":{"rendered":"<p>Uansett hva eventyret ditt m\u00e5tte bringe, v\u00e6r forberedt med RapidDitch vesken. Denne t\u00f8ffe overlevelsesvesken har lommer, snorefester og l\u00f8kker som enkelt organiserer og oppbevarer alt viktig sikkerhetsutstyr p\u00e5 ett praktisk sted. Skulle RapidDitch vesken havne i vannet, vil den flyte med opptil 11 kg utstyr.  <\/p>\n<p>&nbsp;<\/p>\n<p>Denne vesken er laget av vannavst\u00f8tende, reflekterende materiale, og er bygget for \u00e5 t\u00e5le elementene og gj\u00f8re det enklere for redningsmannskaper \u00e5 oppdage deg i n\u00f8dssituasjoner. I tillegg kan veskens innovative skulderstropp enkelt l\u00f8snes og forvandles til to 1,2 meter lange sikkerhetsseler som kan festes til redningsvesten din og brukes til \u00e5 holde alle tilkoblet mens de er i vannet. <\/p>\n<p>&nbsp;<\/p>\n<p style=\"margin-left: 0in; margin-right: 0in;\"><span style=\"font-size: 11pt;\"><span style=\"font-family: Calibri,sans-serif;\"><a style=\"color: blue; text-decoration: underline;\" href=\"https:\/\/www.dropbox.com\/s\/fk04stqsp2hgk5f\/Prop%2065%20-%20DEHP.pdf?dl=0\"><span style=\"color: #000000;\">ADVARSEL: FORSLAG 65<\/span><\/a><\/span><\/span><\/p>\n","protected":false},"featured_media":12152,"template":"","meta":{"_acf_changed":false,"om_disable_all_campaigns":false},"product_brand":[],"product_cat":[5858,5865,5635,5860,5862,6553,5686],"product_tag":[9118,9144,9134,9138,9142,9133,9114,9121,9124,9126,9130],"class_list":{"0":"post-153533","1":"product","2":"type-product","3":"status-publish","4":"has-post-thumbnail","6":"product_cat-inn-i-landet-no","7":"product_cat-kommersiell-no-2","8":"product_cat-marine-no","9":"product_cat-naer-kysten","10":"product_cat-offshore-no","11":"product_cat-sikkerhetstilbehor","12":"product_cat-utendors","13":"product_tag-bag-no","14":"product_tag-batsikkerhetsveske","15":"product_tag-bug-out-veske","16":"product_tag-forlat-skipspose","17":"product_tag-forlate-skipet","18":"product_tag-groftepose","19":"product_tag-hurtiggroft","20":"product_tag-overlevelse","21":"product_tag-overlevelsesveske","22":"product_tag-rask-groft","23":"product_tag-rask-groftpose","24":"pa_activity-fiske","25":"pa_boat-size-0-20-no","26":"pa_boat-size-21-40-no","27":"pa_boat-size-40-80-no","28":"pa_boat-size-80-no","29":"pa_boat-type-charteryacht","30":"pa_boat-type-kommersielt-fiske","31":"pa_boat-type-motorbat-no","32":"pa_boat-type-seilbat","33":"pa_boat-type-slepebat","34":"pa_boat-type-sportcraft-no","35":"pa_boat-type-yacht-no","36":"pa_product-sikkerhetstilbehor","37":"pa_terrain-elver-vatmarker-innsjoer","39":"first","40":"instock","41":"taxable","42":"shipping-taxable","43":"purchasable","44":"product-type-simple"},"acf":[],"_links":{"self":[{"href":"https:\/\/www.acrartex.com\/no\/wp-json\/wp\/v2\/product\/153533","targetHints":{"allow":["GET"]}}],"collection":[{"href":"https:\/\/www.acrartex.com\/no\/wp-json\/wp\/v2\/product"}],"about":[{"href":"https:\/\/www.acrartex.com\/no\/wp-json\/wp\/v2\/types\/product"}],"wp:featuredmedia":[{"embeddable":true,"href":"https:\/\/www.acrartex.com\/no\/wp-json\/wp\/v2\/media\/12152"}],"wp:attachment":[{"href":"https:\/\/www.acrartex.com\/no\/wp-json\/wp\/v2\/media?parent=153533"}],"wp:term":[{"taxonomy":"product_brand","embeddable":true,"href":"https:\/\/www.acrartex.com\/no\/wp-json\/wp\/v2\/product_brand?post=153533"},{"taxonomy":"product_cat","embeddable":true,"href":"https:\/\/www.acrartex.com\/no\/wp-json\/wp\/v2\/product_cat?post=153533"},{"taxonomy":"product_tag","embeddable":true,"href":"https:\/\/www.acrartex.com\/no\/wp-json\/wp\/v2\/product_tag?post=153533"}],"curies":[{"name":"wp","href":"https:\/\/api.w.org\/{rel}","templated":true}]}}