{"id":153304,"date":"2021-03-16T08:11:52","date_gmt":"2021-03-16T13:11:52","guid":{"rendered":"https:\/\/www.acrartex.com\/products\/elt-til-navigasjonsgrensesnitt-boeing\/"},"modified":"2021-03-16T08:11:52","modified_gmt":"2021-03-16T13:11:52","slug":"elt-til-navigasjonsgrensesnitt-boeing","status":"publish","type":"product","link":"https:\/\/www.acrartex.com\/no\/products\/elt-til-navigasjonsgrensesnitt-boeing\/","title":{"rendered":"ELT til navigasjonsgrensesnitt Boeing"},"content":{"rendered":"<p>Artex \u00ab ELT \/NAV Interface-B\u00bb er utviklet for \u00e5 koble til Boeing Flight Management Computer (FMC) og Artex B406-4 ELT . Funksjonen er \u00e5 motta kontinuerlige posisjonsoppdateringer fra flyets navigasjonssystem og oversette dem til riktig format for bruk av ELT . Ved aktivering overf\u00f8rer ELT flyets breddegrad og lengdegrad til COSPAS\/SARSAT-satellittsystemet. Kunnskap om posisjonsinformasjonen lar redningsstyrker umiddelbart sette i gang et oppdrag til flyets siste kjente posisjon. ELT \/NAV Interface-B er ogs\u00e5 testet for \u00e5 oppfylle de strenge kravene fra Boeing for bruk i deres fly, samt oppfylle TSO C126- og JTSO-2C126-kravene som en B406-4 ELT systemkomponent. ELT \/NAV Interface-B er tilgjengelig som et komplett sett (P\/N 455-6501). Settet inkluderer alt n\u00f8dvendig installasjonsutstyr (skruer, skiver osv.), kabelkontakter med pinner\/fatninger og en manual.      <\/p>\n<p>N\u00e5r denne teknologien er riktig registrert, kan den gi f\u00f8lgende informasjon til redningsmannskaper: 1) Flytype, 2) Eier(e), 3) N\u00f8dkontakt(er), 4) Landskode, 5) Fly-ID eller serienummer til ELT , 6) ELT -produsent, 7) Breddegrad\/lengdegrad, posisjon.       <\/p>\n<p>En annen avansert funksjon i grensesnittet er muligheten til \u00e5 tilpasse ELT til &#8220;24-biters adresse&#8221; (modus S-nummer) som er tilordnet et fly. Dette er ekstremt nyttig for fl\u00e5teoperat\u00f8rer som kan finne det n\u00f8dvendig \u00e5 endre ELT -er i fly for vedlikeholdsform\u00e5l, fordi det eliminerer behovet for \u00e5 omprogrammere ELT en hver gang den flyttes. <\/p>\n","protected":false},"excerpt":{"rendered":"<p>N\u00e5r du st\u00e5r overfor en n\u00f8dsituasjon, kan du v\u00e6re trygg p\u00e5 at med ELT til Nav-B-grensesnittet vil s\u00f8k- og redningsmannskaper ha kunnskap om din posisjon (innenfor 100 meter). ELT til Nav-B-grensesnittet er designet for \u00e5 kobles mellom flyets Flight Management Computer (FMC) eller GPS mottaker, og B406-4 (Boeing) ELT . Denne enheten mottar kontinuerlige posisjonsoppdateringer fra flyets navigasjonssystem, og oversetter dem deretter for bruk av ELT . Hvis du skulle trenge \u00e5 aktivere ELT , vil flyets breddegrad og lengdegrad bli overf\u00f8rt til et verdensomspennende nettverk av s\u00f8k- og redningssatellitter.   <\/p>\n","protected":false},"featured_media":153312,"template":"","meta":{"_acf_changed":false,"om_disable_all_campaigns":false},"product_brand":[],"product_cat":[5571],"product_tag":[8787,5575,8783,8682,8781,8684,8785],"class_list":{"0":"post-153304","1":"product","2":"type-product","3":"status-publish","4":"has-post-thumbnail","6":"product_cat-luftfart","7":"product_tag-boeing-no","8":"product_tag-elt-no","9":"product_tag-elt-2-nav-no","10":"product_tag-elt-til-nav","11":"product_tag-elttonav-no","12":"product_tag-navigasjon","13":"product_tag-navigasjonsgrensesnitt-no","15":"first","16":"instock","17":"taxable","18":"shipping-taxable","19":"product-type-simple"},"acf":[],"_links":{"self":[{"href":"https:\/\/www.acrartex.com\/no\/wp-json\/wp\/v2\/product\/153304","targetHints":{"allow":["GET"]}}],"collection":[{"href":"https:\/\/www.acrartex.com\/no\/wp-json\/wp\/v2\/product"}],"about":[{"href":"https:\/\/www.acrartex.com\/no\/wp-json\/wp\/v2\/types\/product"}],"wp:featuredmedia":[{"embeddable":true,"href":"https:\/\/www.acrartex.com\/no\/wp-json\/wp\/v2\/media\/153312"}],"wp:attachment":[{"href":"https:\/\/www.acrartex.com\/no\/wp-json\/wp\/v2\/media?parent=153304"}],"wp:term":[{"taxonomy":"product_brand","embeddable":true,"href":"https:\/\/www.acrartex.com\/no\/wp-json\/wp\/v2\/product_brand?post=153304"},{"taxonomy":"product_cat","embeddable":true,"href":"https:\/\/www.acrartex.com\/no\/wp-json\/wp\/v2\/product_cat?post=153304"},{"taxonomy":"product_tag","embeddable":true,"href":"https:\/\/www.acrartex.com\/no\/wp-json\/wp\/v2\/product_tag?post=153304"}],"curies":[{"name":"wp","href":"https:\/\/api.w.org\/{rel}","templated":true}]}}