{"id":153277,"date":"2021-03-16T08:11:56","date_gmt":"2021-03-16T13:11:56","guid":{"rendered":"https:\/\/www.acrartex.com\/products\/2-trads-elt-rswt-grensesnitt\/"},"modified":"2021-03-16T08:11:56","modified_gmt":"2021-03-16T13:11:56","slug":"2-trads-elt-rswt-grensesnitt","status":"publish","type":"product","link":"https:\/\/www.acrartex.com\/no\/products\/2-trads-elt-rswt-grensesnitt\/","title":{"rendered":"2-tr\u00e5ds ELT \/RSWT-grensesnitt"},"content":{"rendered":"<p>Mange av de eksisterende TSO C91a-installasjonene med Joliet-, Pointer- og Narco 121,5 MHz ELT-er bruker bare to ledninger mellom cockpitfjernbryteren og ELT . Andre produsenter av 121,5 MHz ELT-er bruker tre eller fire ledninger. Artex 2-tr\u00e5ds fjerngrensesnitt bruker bare to av de eksisterende ledningene fra ledningsnettet for \u00e5 koble den nye cockpitfjernbryteren til en Artex 406 MHz ELT for en forenklet og kostnadseffektiv oppgradering.  <\/p>\n<ul>\n<li>Oppgrader enhver eksisterende C91a ELT -installasjon til Artex 406 MHz-teknologi<\/li>\n<li>Kobles til mellom den nye fjernkontrollen i cockpiten og 406 MHz ELT<\/li>\n<li>Forenkle installasjonen og reduser kostnadene ved \u00e5 bruke eksisterende 2-, 3- eller 4-tr\u00e5ds konfigurasjoner<\/li>\n<li>\u00c9n pakkeliste inneholder alle delene som kreves for installasjon<\/li>\n<li>TSO C-126 godkjent<\/li>\n<li>Nok en ettermonteringsl\u00f8sning fra Artex Products, som beviser v\u00e5r forpliktelse til \u00e5 redusere installasjonskostnader for flyeiere<\/li>\n<\/ul>\n","protected":false},"excerpt":{"rendered":"<p>2-tr\u00e5ds fjerngrensesnittet er en oppf\u00f8lger til ME406 ACE ELT . ME406 ACE n\u00f8dlokaliseringssenderen erstatter n\u00e5v\u00e6rende ACK- eller Ameri-King 121,5 MHz ELT-er, og leveres komplett med en fjernbryter og adaptere for \u00e5 bruke eksisterende kabling. 2-tr\u00e5ds ELT \/RSWT-grensesnittet bruker bare to av de eksisterende ledningene fra ledningsnettet for \u00e5 koble den nye cockpitfjernbryteren til en hvilken som helst av 406 MHz-serien med ELT-er.  <\/p>\n","protected":false},"featured_media":153279,"template":"","meta":{"_acf_changed":false,"om_disable_all_campaigns":false},"product_brand":[],"product_cat":[5571],"product_tag":[8735,8743,8739,8741,8745,8737],"class_list":{"0":"post-153277","1":"product","2":"type-product","3":"status-publish","4":"has-post-thumbnail","6":"product_cat-luftfart","7":"product_tag-2-trads","8":"product_tag-2-trads-no","9":"product_tag-2-trads-el-no","10":"product_tag-2-trads-rswt","11":"product_tag-rswt-grensesnitt","12":"product_tag-to-ledninger","14":"first","15":"instock","16":"taxable","17":"shipping-taxable","18":"product-type-simple"},"acf":[],"_links":{"self":[{"href":"https:\/\/www.acrartex.com\/no\/wp-json\/wp\/v2\/product\/153277","targetHints":{"allow":["GET"]}}],"collection":[{"href":"https:\/\/www.acrartex.com\/no\/wp-json\/wp\/v2\/product"}],"about":[{"href":"https:\/\/www.acrartex.com\/no\/wp-json\/wp\/v2\/types\/product"}],"wp:featuredmedia":[{"embeddable":true,"href":"https:\/\/www.acrartex.com\/no\/wp-json\/wp\/v2\/media\/153279"}],"wp:attachment":[{"href":"https:\/\/www.acrartex.com\/no\/wp-json\/wp\/v2\/media?parent=153277"}],"wp:term":[{"taxonomy":"product_brand","embeddable":true,"href":"https:\/\/www.acrartex.com\/no\/wp-json\/wp\/v2\/product_brand?post=153277"},{"taxonomy":"product_cat","embeddable":true,"href":"https:\/\/www.acrartex.com\/no\/wp-json\/wp\/v2\/product_cat?post=153277"},{"taxonomy":"product_tag","embeddable":true,"href":"https:\/\/www.acrartex.com\/no\/wp-json\/wp\/v2\/product_tag?post=153277"}],"curies":[{"name":"wp","href":"https:\/\/api.w.org\/{rel}","templated":true}]}}