{"id":153243,"date":"2021-03-16T08:12:00","date_gmt":"2021-03-16T13:12:00","guid":{"rendered":"https:\/\/www.acrartex.com\/products\/elt-til-nav-grensesnitt\/"},"modified":"2021-03-16T08:12:00","modified_gmt":"2021-03-16T13:12:00","slug":"elt-til-nav-grensesnitt","status":"publish","type":"product","link":"https:\/\/www.acrartex.com\/no\/products\/elt-til-nav-grensesnitt\/","title":{"rendered":"ELT til Nav-grensesnitt"},"content":{"rendered":"<p>Kunnskap om posisjonen (til 1 meter) gj\u00f8r det mulig for redningsmannskaper \u00e5 sette i gang et umiddelbart oppdrag til flyets sist kjente posisjon. ELT \/NAV-grensesnittet oppfyller kravene i TSO C126 og JTSO-2C126 som en 406 MHz ELT systemkomponent. N\u00e5r den er riktig registrert, kan bruk av denne teknologien gi f\u00f8lgende informasjon til redningsmannskaper: 1) Flytype, 2) Eier(e), 3) N\u00f8dkontakt(er), 4) Landskode, 5) Fly-ID eller serienummer til ELT , 6) ELT -produsent og 7) Breddegrad\/lengdegrad-posisjon.         <\/p>\n<p>En avansert funksjon i navigasjonsgrensesnittet er muligheten til \u00e5 tilpasse ELT til &#8220;24-biters adresse&#8221; (modus S-nummer) som er tilordnet et fly. Dette er ekstremt nyttig for fl\u00e5teoperat\u00f8rer som bytter ut ELT-er fordi det eliminerer behovet for \u00e5 omprogrammere en ELT f\u00f8r den installeres i et annet fly. <\/p>\n<ul>\n<li>Lar ELT overf\u00f8re breddegrad og lengdegrad til flyet<\/li>\n<li>Kobler ELT-er i C406- og G406-serien til flyets flystyringsdatamaskin eller GPS mottaker<\/li>\n<li>Programmerer ELT med flyets 24-bits adresse<\/li>\n<li>Kompatibel med systemer som: Garmin, UNSD, ARNAV, IIMorrow, Bendix King<\/li>\n<\/ul>\n","protected":false},"excerpt":{"rendered":"<p>N\u00e5r du st\u00e5r overfor en n\u00f8dsituasjon, kan du v\u00e6re trygg p\u00e5 at med ELT til-navigasjonsgrensesnittet vil s\u00f8k- og redningsmannskaper ha kunnskap om din posisjon innenfor 100 meter. ELT til-navigasjonsgrensesnittet er designet for \u00e5 kobles mellom flyets Flight Management Computer (FMC) eller GPS mottaker, og en hvilken som helst av 406 MHz-serien av ELT-er. Dette gj\u00f8r at posisjonen din kan overf\u00f8res sammen med n\u00f8dsignalet.  <\/p>\n","protected":false},"featured_media":153246,"template":"","meta":{"_acf_changed":false,"om_disable_all_campaigns":false},"product_brand":[],"product_cat":[5879,8433,5571,5573],"product_tag":[5575,8682,8686,8690,8692,8684,8688],"class_list":{"0":"post-153243","1":"product","2":"type-product","3":"status-publish","4":"has-post-thumbnail","6":"product_cat-forretningsjet-no","7":"product_cat-kommersielle-fly","8":"product_cat-luftfart","9":"product_cat-rotocraft-no","10":"product_tag-elt-no","11":"product_tag-elt-til-nav","12":"product_tag-elt-til-navigasjonsgrensesnitt","13":"product_tag-fly","14":"product_tag-flyvning","15":"product_tag-navigasjon","16":"product_tag-navigasjonsgrensesnitt","17":"pa_aircraft-type-passasjerfly","18":"pa_aircraft-type-passasjerfly-no","19":"pa_aircraft-type-rotocraft-no","20":"pa_aircraft-type-store-jetfly","21":"pa_product-elt-losninger","23":"first","24":"instock","25":"taxable","26":"shipping-taxable","27":"product-type-simple"},"acf":[],"_links":{"self":[{"href":"https:\/\/www.acrartex.com\/no\/wp-json\/wp\/v2\/product\/153243","targetHints":{"allow":["GET"]}}],"collection":[{"href":"https:\/\/www.acrartex.com\/no\/wp-json\/wp\/v2\/product"}],"about":[{"href":"https:\/\/www.acrartex.com\/no\/wp-json\/wp\/v2\/types\/product"}],"wp:featuredmedia":[{"embeddable":true,"href":"https:\/\/www.acrartex.com\/no\/wp-json\/wp\/v2\/media\/153246"}],"wp:attachment":[{"href":"https:\/\/www.acrartex.com\/no\/wp-json\/wp\/v2\/media?parent=153243"}],"wp:term":[{"taxonomy":"product_brand","embeddable":true,"href":"https:\/\/www.acrartex.com\/no\/wp-json\/wp\/v2\/product_brand?post=153243"},{"taxonomy":"product_cat","embeddable":true,"href":"https:\/\/www.acrartex.com\/no\/wp-json\/wp\/v2\/product_cat?post=153243"},{"taxonomy":"product_tag","embeddable":true,"href":"https:\/\/www.acrartex.com\/no\/wp-json\/wp\/v2\/product_tag?post=153243"}],"curies":[{"name":"wp","href":"https:\/\/api.w.org\/{rel}","templated":true}]}}