{"id":152932,"date":"2021-03-16T08:12:41","date_gmt":"2021-03-16T13:12:41","guid":{"rendered":"https:\/\/www.acrartex.com\/products\/g406-4-elt\/"},"modified":"2021-03-16T08:12:41","modified_gmt":"2021-03-16T13:12:41","slug":"g406-4-elt","status":"publish","type":"product","link":"https:\/\/www.acrartex.com\/no\/products\/g406-4-elt\/","title":{"rendered":"G406-4 ELT"},"content":{"rendered":"<p>G406-4 er testet for \u00e5 oppfylle de strenge kravene i TSO C126, inkludert st\u00f8ttester p\u00e5 500 G, trykktester p\u00e5 1000 pund samt flamme- og vibrasjonstester. G406-4 er tilgjengelig for bruk med Artex&#8217; rimelige piskantenner eller en solid glassfiberstangantenne. G406-4 kan kobles til det valgfrie Artex ELT \/NAV-grensesnittet, som gj\u00f8r det mulig \u00e5 overf\u00f8re breddegrads- og lengdegradsdata som en del av 406 MHz-meldingen.  <\/p>\n<p>ARTEX ELT-er er det foretrukne valget for generell luftfart, inkludert Cessna, Piper, Cirrus, Beechcraft, Diamond og Quest.<\/p>\n<p>&nbsp;<\/p>\n<p>ELT -pakkeliste<\/p>\n<table style=\"border-collapse: collapse; width: 745pt; border: none;\" width=\"994\">\n<colgroup>\n<col style=\"width: 140pt;\" width=\"187\">\n<col style=\"width: 219pt;\" width=\"292\">\n<col style=\"width: 197pt;\" width=\"263\">\n<col style=\"width: 189pt;\" width=\"252\"> <\/colgroup>\n<tbody>\n<tr style=\"height: 20.0pt;\">\n<td class=\"xl66\" style=\"border: none; height: 20.0pt; width: 140pt; text-align: center; vertical-align: middle; padding-top: 1px; padding-right: 1px; padding-left: 1px;\" width=\"187\" height=\"27\"><\/td>\n<td class=\"xl68\" style=\"border: none; border-bottom: 0.5pt solid gray; background: #3c404a; width: 219pt; text-align: center; vertical-align: middle; border-top: none; border-right: 0.5pt solid gray; border-left: 0.5pt solid gray; padding-top: 1px; padding-right: 1px; padding-left: 1px;\" width=\"292\"><span style=\"font-size: 11pt;\"><span style=\"color: #b0e40a;\"><span style=\"font-weight: bold;\"><span style=\"font-style: normal;\"><span style=\"text-decoration: none;\"><span style=\"font-family: Calibri,sans-serif;\">Antenne<\/span><\/span><\/span><\/span><\/span><\/span><\/td>\n<td class=\"xl68\" style=\"border: none; border-bottom: 0.5pt solid gray; background: #3c404a; border-left: none; width: 197pt; text-align: center; vertical-align: middle; border-top: none; border-right: 0.5pt solid gray; padding-top: 1px; padding-right: 1px; padding-left: 1px;\" width=\"263\"><span style=\"font-size: 11pt;\"><span style=\"color: #b0e40a;\"><span style=\"font-weight: bold;\"><span style=\"font-style: normal;\"><span style=\"text-decoration: none;\"><span style=\"font-family: Calibri,sans-serif;\">Fjernbryter og tilbeh\u00f8r<\/span><\/span><\/span><\/span><\/span><\/span><\/td>\n<td class=\"xl69\" style=\"border: none; border-bottom: 0.5pt solid gray; background: #3c404a; border-left: none; width: 189pt; text-align: center; vertical-align: middle; border-top: none; border-right: 0.5pt solid windowtext; padding-top: 1px; padding-right: 1px; padding-left: 1px;\" width=\"252\"><span style=\"font-size: 11pt;\"><span style=\"color: #b0e40a;\"><span style=\"font-weight: bold;\"><span style=\"font-style: normal;\"><span style=\"text-decoration: none;\"><span style=\"font-family: Calibri,sans-serif;\">H\u00e5ndb\u00f8ker\/Godkjenninger\/Nedlastinger<\/span><\/span><\/span><\/span><\/span><\/span><\/td>\n<\/tr>\n<tr style=\"height: 20.0pt;\">\n<td class=\"xl72\" style=\"border: 0.5pt solid gray; background: #b0e40a; height: 20.0pt; text-align: center; vertical-align: middle; padding-top: 1px; padding-right: 1px; padding-left: 1px;\" height=\"27\"><span style=\"font-size: 11pt;\"><span style=\"font-weight: 400;\"><span style=\"font-style: normal;\"><span style=\"text-decoration: none;\"><span style=\"font-family: Calibri,sans-serif;\">ELT G406-4 455-5018<\/span><\/span><\/span><\/span><\/span><\/td>\n<td class=\"xl67\" style=\"border: none; padding-top: 1px; padding-right: 1px; padding-left: 1px; vertical-align: bottom;\"><span style=\"font-size: 11pt;\"><span style=\"font-weight: 400;\"><span style=\"font-style: normal;\"><span style=\"text-decoration: none;\"><span style=\"font-family: Calibri,sans-serif;\"> <\/span><\/span><\/span><\/span><\/span><\/td>\n<td class=\"xl70\" style=\"border: none; text-align: center; padding-top: 1px; padding-right: 1px; padding-left: 1px; vertical-align: bottom;\"><span style=\"font-size: 11pt;\"><span style=\"font-weight: 400;\"><span style=\"font-style: normal;\"><span style=\"text-decoration: none;\"><span style=\"font-family: Calibri,sans-serif;\">455-6196<\/span><\/span><\/span><\/span><\/span><\/td>\n<td class=\"xl66\" style=\"border: none; text-align: center; vertical-align: middle; padding-top: 1px; padding-right: 1px; padding-left: 1px;\"><a href=\"https:\/\/www.dropbox.com\/s\/khxmu4u80wm1xkh\/455-5018_packlist.pdf?dl=1\"><span style=\"font-size: 11pt;\"><span style=\"font-weight: 400;\"><span style=\"font-style: normal;\"><span style=\"text-decoration: none;\"><span style=\"font-family: Calibri,sans-serif;\">Pakkeliste<\/span><\/span><\/span><\/span><\/span><\/a><\/td>\n<\/tr>\n<tr style=\"height: 20.0pt;\">\n<td class=\"xl72\" style=\"border: 0.5pt solid gray; background: #b0e40a; height: 20.0pt; border-top: none; text-align: center; vertical-align: middle; padding-top: 1px; padding-right: 1px; padding-left: 1px;\" height=\"27\"><span style=\"font-size: 11pt;\"><span style=\"font-weight: 400;\"><span style=\"font-style: normal;\"><span style=\"text-decoration: none;\"><span style=\"font-family: Calibri,sans-serif;\">ELT G406-4 455-5019<\/span><\/span><\/span><\/span><\/span><\/td>\n<td class=\"xl66\" style=\"border: none; text-align: center; vertical-align: middle; padding-top: 1px; padding-right: 1px; padding-left: 1px;\"><span style=\"font-size: 11pt;\"><span style=\"font-weight: 400;\"><span style=\"font-style: normal;\"><span style=\"text-decoration: none;\"><span style=\"font-family: Calibri,sans-serif;\">110-320 (hvit) og 110-320-04 (svart)<\/span><\/span><\/span><\/span><\/span><\/td>\n<td class=\"xl66\" style=\"border: none; text-align: center; vertical-align: middle; padding-top: 1px; padding-right: 1px; padding-left: 1px;\"><span style=\"font-size: 11pt;\"><span style=\"font-weight: 400;\"><span style=\"font-style: normal;\"><span style=\"text-decoration: none;\"><span style=\"font-family: Calibri,sans-serif;\">455-6196<\/span><\/span><\/span><\/span><\/span><\/td>\n<td class=\"xl66\" style=\"border: none; text-align: center; vertical-align: middle; padding-top: 1px; padding-right: 1px; padding-left: 1px;\"><a href=\"https:\/\/www.dropbox.com\/s\/3ql2pxyydg12wii\/455-5019_packlist.pdf?dl=1\"><span style=\"font-size: 11pt;\"><span style=\"font-weight: 400;\"><span style=\"font-style: normal;\"><span style=\"text-decoration: none;\"><span style=\"font-family: Calibri,sans-serif;\">Pakkeliste<\/span><\/span><\/span><\/span><\/span><\/a><\/td>\n<\/tr>\n<tr style=\"height: 36.75pt;\">\n<td class=\"xl72\" style=\"border: 0.5pt solid gray; background: #b0e40a; height: 36.75pt; border-top: none; text-align: center; vertical-align: middle; padding-top: 1px; padding-right: 1px; padding-left: 1px;\" height=\"48\"><span style=\"font-size: 11pt;\"><span style=\"font-weight: 400;\"><span style=\"font-style: normal;\"><span style=\"text-decoration: none;\"><span style=\"font-family: Calibri,sans-serif;\">ELT G406-4 455-5044<\/span><\/span><\/span><\/span><\/span><\/td>\n<td class=\"xl71\" style=\"border: none; width: 219pt; text-align: center; vertical-align: middle; padding-top: 1px; padding-right: 1px; padding-left: 1px;\" width=\"292\"><span style=\"font-size: 11pt;\"><span style=\"font-weight: 400;\"><span style=\"font-style: normal;\"><span style=\"text-decoration: none;\"><span style=\"font-family: Calibri,sans-serif;\">110\u2013324<br \/>\n 110-320 (hvit) og 110-320-04 (svart)<\/span><\/span><\/span><\/span><\/span><\/td>\n<td class=\"xl66\" style=\"border: none; text-align: center; vertical-align: middle; padding-top: 1px; padding-right: 1px; padding-left: 1px;\"><span style=\"font-size: 11pt;\"><span style=\"font-weight: 400;\"><span style=\"font-style: normal;\"><span style=\"text-decoration: none;\"><span style=\"font-family: Calibri,sans-serif;\">455-6196<\/span><\/span><\/span><\/span><\/span><\/td>\n<td class=\"xl66\" style=\"border: none; text-align: center; vertical-align: middle; padding-top: 1px; padding-right: 1px; padding-left: 1px;\"><a href=\"https:\/\/www.dropbox.com\/s\/n5avstbhfscdzhf\/455-5044_packlist.pdf?dl=1\"><span style=\"font-size: 11pt;\"><span style=\"font-weight: 400;\"><span style=\"font-style: normal;\"><span style=\"text-decoration: none;\"><span style=\"font-family: Calibri,sans-serif;\">Pakkeliste<\/span><\/span><\/span><\/span><\/span><\/a><\/td>\n<\/tr>\n<\/tbody>\n<\/table>\n","protected":false},"excerpt":{"rendered":"<p>Artex G406-4 n\u00f8dlokaliseringssender ( ELT ) er utviklet med tanke p\u00e5 luftfartsmarkedet og kommuniserer p\u00e5 alle tre n\u00f8dfrekvenser (121,5, 243,0 og 406 MHz). G406-4 ELT aktiveres automatisk under en krasj og sender en digital melding p\u00e5 406 MHz til et verdensomspennende nettverk av s\u00f8k- og redningssatellitter. Dette hjelper lokale f\u00f8rstehjelpere med raskt og n\u00f8yaktig \u00e5 identifisere ikke bare hvor du er, men ogs\u00e5 hvem du er. <\/p>\n<p>&nbsp;<\/p>\n<p>&nbsp;<\/p>\n<p><a href=\"https:\/\/www.acrartex.com\/products\/406test-elt-self-testing-service\/\"><img loading=\"lazy\" decoding=\"async\" class=\"alignnone\" style=\"width: 300px; height: 41px;\" src=\"https:\/\/dk2ztu5ooimmu.cloudfront.net\/ckeditor_assets\/pictures\/146\/406Test_with_desc_-_Tag.gif\" alt=\"\" width=\"641\" height=\"88\"><\/a><\/p>\n","protected":false},"featured_media":152934,"template":"","meta":{"_acf_changed":false,"om_disable_all_campaigns":false},"product_brand":[],"product_cat":[5571],"product_tag":[8306,8304,8329,8311,8353,8345,8357,8337,7119,8307,8335,8339,8333,8303,8308,8313,8359,8319,8331,8321,6399,8347,8309,8305,8315,8349,8341,8355,8317,8343,8323,8325,8327,8351,5581],"class_list":{"0":"post-152932","1":"product","2":"type-product","3":"status-publish","4":"has-post-thumbnail","6":"product_cat-luftfart","7":"product_tag-1215-elt-no","8":"product_tag-406-elt-no","9":"product_tag-406-elt-registrering-no","10":"product_tag-406-mhz-elt-no","11":"product_tag-406-mhz-elt-registrering-no","12":"product_tag-406-mhz-beacon-no","13":"product_tag-ack-406-elt-no","14":"product_tag-ack-406-mhz-elt-no","15":"product_tag-artex-no","16":"product_tag-artex-110-4-no","17":"product_tag-artex-406-no","18":"product_tag-artex-406-elt-no","19":"product_tag-artex-406-mhz-elt-no","20":"product_tag-artex-elt-no","21":"product_tag-artex-elt-110-4-no","22":"product_tag-artex-elt-406-no","23":"product_tag-artex-elt-batteri-no","24":"product_tag-artex-elt-tester-no","25":"product_tag-artex-flyforsyninger","26":"product_tag-artex-g406-1-no","27":"product_tag-artex-me406-no","28":"product_tag-artex-fly","29":"product_tag-artex-net-no","30":"product_tag-elt-1215-no","31":"product_tag-elt-406-no","32":"product_tag-elt-406-mhz-no","33":"product_tag-elt-artex-no","34":"product_tag-elt-fly","35":"product_tag-elt-lokalisering-no","36":"product_tag-fly-elt-406","37":"product_tag-g406-2-no","38":"product_tag-g406-3-no","39":"product_tag-g406-4-no","40":"product_tag-kannad-elt-no","41":"product_tag-nodlokaliseringssender","42":"pa_product-arv-no","44":"first","45":"instock","46":"taxable","47":"shipping-taxable","48":"product-type-simple"},"acf":[],"_links":{"self":[{"href":"https:\/\/www.acrartex.com\/no\/wp-json\/wp\/v2\/product\/152932","targetHints":{"allow":["GET"]}}],"collection":[{"href":"https:\/\/www.acrartex.com\/no\/wp-json\/wp\/v2\/product"}],"about":[{"href":"https:\/\/www.acrartex.com\/no\/wp-json\/wp\/v2\/types\/product"}],"wp:featuredmedia":[{"embeddable":true,"href":"https:\/\/www.acrartex.com\/no\/wp-json\/wp\/v2\/media\/152934"}],"wp:attachment":[{"href":"https:\/\/www.acrartex.com\/no\/wp-json\/wp\/v2\/media?parent=152932"}],"wp:term":[{"taxonomy":"product_brand","embeddable":true,"href":"https:\/\/www.acrartex.com\/no\/wp-json\/wp\/v2\/product_brand?post=152932"},{"taxonomy":"product_cat","embeddable":true,"href":"https:\/\/www.acrartex.com\/no\/wp-json\/wp\/v2\/product_cat?post=152932"},{"taxonomy":"product_tag","embeddable":true,"href":"https:\/\/www.acrartex.com\/no\/wp-json\/wp\/v2\/product_tag?post=152932"}],"curies":[{"name":"wp","href":"https:\/\/api.w.org\/{rel}","templated":true}]}}