{"id":152913,"date":"2021-03-16T08:12:46","date_gmt":"2021-03-16T13:12:46","guid":{"rendered":"https:\/\/www.acrartex.com\/products\/lowpro3-cat-ii-epirb-brakett\/"},"modified":"2021-03-16T08:12:46","modified_gmt":"2021-03-16T13:12:46","slug":"lowpro3-cat-ii-epirb-brakett","status":"publish","type":"product","link":"https:\/\/www.acrartex.com\/no\/products\/lowpro3-cat-ii-epirb-brakett\/","title":{"rendered":"LowPro\u21223 Cat II EPIRB brakett"},"content":{"rendered":"<ul>\n<li>Enveismontering eliminerer muligheten for \u00e5 installere EPIRB baklengs<\/li>\n<li>Integrert deaktiveringsmagnet hindrer EPIRB i \u00e5 sende f\u00f8r den er utl\u00f8st<\/li>\n<li>Todelt design gj\u00f8r at deaktiveringsmagneten kan l\u00f8snes fra braketten for oppbevaring p\u00e5 EPIRB i en gr\u00f8ftepose for \u00e5 forhindre falske alarmer.<\/li>\n<\/ul>\n<p>Fungerer med GlobalFix \u2122 iPRO (RLB-36), GlobalFix \u2122 PRO (RLB-37), SATELLITE 3 406\u2122 (RLB-38)<\/p>\n","protected":false},"excerpt":{"rendered":"<p>LowPro\u21223 er laget av et materiale med h\u00f8y tetthet, som oppbevarer GlobalFix \u2122 iPRO\/PRO sikkert, selv etter \u00e5revis med eventyr.<\/p>\n<p> Denne EPIRB braketten fungerer med f\u00f8lgende produkter:<\/p>\n<p> \u2022 GlobalFix \u2122 iPRO<\/p>\n<p> \u2022 GlobalFix \u2122 PRO<\/p>\n<p> \u2022 SATELLITT 3 406\u2122<\/p>\n<p>&nbsp;<\/p>\n<p>&nbsp;<\/p>\n","protected":false},"featured_media":152916,"template":"","meta":{"_acf_changed":false,"om_disable_all_campaigns":false},"product_brand":[],"product_cat":[5858,5865,5635,5860,5862],"product_tag":[8234,8236,8238,7118,7119,5640,5653,5648,8240,8243,8246,8242,5693],"class_list":{"0":"post-152913","1":"product","2":"type-product","3":"status-publish","4":"has-post-thumbnail","6":"product_cat-inn-i-landet-no","7":"product_cat-kommersiell-no-2","8":"product_cat-marine-no","9":"product_cat-naer-kysten","10":"product_cat-offshore-no","11":"product_tag-406-epirb-no","12":"product_tag-acr-globalfix-no","13":"product_tag-acr-globalfix-406-no","14":"product_tag-akr-no","15":"product_tag-artex-no","16":"product_tag-epirb-no","17":"product_tag-global-losning-no","18":"product_tag-globalfix-no","19":"product_tag-globalfix-406-epirb-no","20":"product_tag-kategori-ii-no","21":"product_tag-lav-proff","22":"product_tag-lowpro-3-no","23":"product_tag-personlig-lokaliseringsfyr","24":"pa_boat-size-0-20-no","25":"pa_boat-size-21-40-no","26":"pa_boat-size-40-80-no","27":"pa_boat-size-80-no","28":"pa_boat-type-charteryacht","29":"pa_boat-type-kommersielt-fiske","30":"pa_boat-type-lasteskip","31":"pa_boat-type-motorbat-no","32":"pa_boat-type-seilbat","33":"pa_boat-type-slepebat","34":"pa_boat-type-sportcraft-no","35":"pa_boat-type-yacht-no","36":"pa_product-arv-no","37":"pa_product-rescue-beacons-no","38":"pa_product-rescue-beacons-vhf-sart-no","39":"pa_product-sikkerhetstilbehor","41":"first","42":"instock","43":"taxable","44":"shipping-taxable","45":"product-type-simple"},"acf":[],"_links":{"self":[{"href":"https:\/\/www.acrartex.com\/no\/wp-json\/wp\/v2\/product\/152913","targetHints":{"allow":["GET"]}}],"collection":[{"href":"https:\/\/www.acrartex.com\/no\/wp-json\/wp\/v2\/product"}],"about":[{"href":"https:\/\/www.acrartex.com\/no\/wp-json\/wp\/v2\/types\/product"}],"wp:featuredmedia":[{"embeddable":true,"href":"https:\/\/www.acrartex.com\/no\/wp-json\/wp\/v2\/media\/152916"}],"wp:attachment":[{"href":"https:\/\/www.acrartex.com\/no\/wp-json\/wp\/v2\/media?parent=152913"}],"wp:term":[{"taxonomy":"product_brand","embeddable":true,"href":"https:\/\/www.acrartex.com\/no\/wp-json\/wp\/v2\/product_brand?post=152913"},{"taxonomy":"product_cat","embeddable":true,"href":"https:\/\/www.acrartex.com\/no\/wp-json\/wp\/v2\/product_cat?post=152913"},{"taxonomy":"product_tag","embeddable":true,"href":"https:\/\/www.acrartex.com\/no\/wp-json\/wp\/v2\/product_tag?post=152913"}],"curies":[{"name":"wp","href":"https:\/\/api.w.org\/{rel}","templated":true}]}}