{"id":152898,"date":"2021-03-16T08:12:52","date_gmt":"2021-03-16T13:12:52","guid":{"rendered":"https:\/\/www.acrartex.com\/products\/quickdraw-cat-ii-epirb-brakett\/"},"modified":"2021-03-16T08:12:52","modified_gmt":"2021-03-16T13:12:52","slug":"quickdraw-cat-ii-epirb-brakett","status":"publish","type":"product","link":"https:\/\/www.acrartex.com\/no\/products\/quickdraw-cat-ii-epirb-brakett\/","title":{"rendered":"QuickDraw\u2122 Cat II EPIRB brakett"},"content":{"rendered":"<ul>\n<li>Enveismontering eliminerer muligheten for \u00e5 installere EPIRB baklengs<\/li>\n<li>Integrert deaktiveringsmagnet hindrer EPIRB i \u00e5 sende f\u00f8r den er utl\u00f8st<\/li>\n<li>Fungerer med ACR GlobalFix \u2122 iPRO (RLB-36), GlobalFix \u2122 PRO (RLB-37), SATELLITE 3 406\u2122 (RLB-38), ResQmate G (RLB-39A) og ResQmate (RLB-40)<\/li>\n<\/ul>\n","protected":false},"excerpt":{"rendered":"<p>QuickDraw\u2122 Cat II er laget av et materiale med h\u00f8y tetthet, som oppbevarer GlobalFix \u2122 iPRO\/PRO sikkert, selv etter mange \u00e5rs lange eventyr.<\/p>\n<p>Denne EPIRB braketten fungerer med f\u00f8lgende produkter:<\/p>\n<p>\u2022 GlobalFix \u2122 iPRO (RLB-36)<\/p>\n<p>\u2022 GlobalFix \u2122 PRO (RLB-37)<\/p>\n<p>\u2022 SATELLITE 3 406\u2122 (RLB-38)<\/p>\n<p>\u2022 ResQmate G (RLB-39A)<\/p>\n<p>\u2022 ResQmate (RLB-40)<\/p>\n<p>&nbsp;<\/p>\n<p><span style=\"color: #e74c3c;\">KODE: <strong>SHIPFREE19<\/strong> Gratis bakkefrakt p\u00e5 bestillinger over U$30. Gjelder ikke HI og AK <\/span><\/p>\n<p>&nbsp;<\/p>\n","protected":false},"featured_media":152899,"template":"","meta":{"_acf_changed":false,"om_disable_all_campaigns":false},"product_brand":[],"product_cat":[5858,5865,5635,5860,5862],"product_tag":[7118,8179,8185,8180,8181,6808,8183,8186,8184,8182],"class_list":{"0":"post-152898","1":"product","2":"type-product","3":"status-publish","4":"has-post-thumbnail","6":"product_cat-inn-i-landet-no","7":"product_cat-kommersiell-no-2","8":"product_cat-marine-no","9":"product_cat-naer-kysten","10":"product_cat-offshore-no","11":"product_tag-akr-no","12":"product_tag-epirb-kategori-2","13":"product_tag-hurtigtrekk","14":"product_tag-kategori-2-gruppe","15":"product_tag-kategori-ii-brakett","16":"product_tag-katt-i-no","17":"product_tag-lavprofilbrakett-for-epirb","18":"product_tag-rask","19":"product_tag-rask-trekning","20":"product_tag-skottmontert-epirb","21":"pa_boat-size-0-20-no","22":"pa_boat-size-21-40-no","23":"pa_boat-size-40-80-no","24":"pa_boat-size-80-no","25":"pa_boat-type-charteryacht","26":"pa_boat-type-kommersielt-fiske","27":"pa_boat-type-lasteskip","28":"pa_boat-type-motorbat-no","29":"pa_boat-type-seilbat","30":"pa_boat-type-slepebat","31":"pa_boat-type-sportcraft-no","32":"pa_boat-type-yacht-no","33":"pa_product-arv-no","34":"pa_product-rescue-beacons-no","35":"pa_product-rescue-beacons-vhf-sart-no","36":"pa_product-sikkerhetstilbehor","38":"first","39":"outofstock","40":"taxable","41":"shipping-taxable","42":"product-type-simple"},"acf":[],"_links":{"self":[{"href":"https:\/\/www.acrartex.com\/no\/wp-json\/wp\/v2\/product\/152898","targetHints":{"allow":["GET"]}}],"collection":[{"href":"https:\/\/www.acrartex.com\/no\/wp-json\/wp\/v2\/product"}],"about":[{"href":"https:\/\/www.acrartex.com\/no\/wp-json\/wp\/v2\/types\/product"}],"wp:featuredmedia":[{"embeddable":true,"href":"https:\/\/www.acrartex.com\/no\/wp-json\/wp\/v2\/media\/152899"}],"wp:attachment":[{"href":"https:\/\/www.acrartex.com\/no\/wp-json\/wp\/v2\/media?parent=152898"}],"wp:term":[{"taxonomy":"product_brand","embeddable":true,"href":"https:\/\/www.acrartex.com\/no\/wp-json\/wp\/v2\/product_brand?post=152898"},{"taxonomy":"product_cat","embeddable":true,"href":"https:\/\/www.acrartex.com\/no\/wp-json\/wp\/v2\/product_cat?post=152898"},{"taxonomy":"product_tag","embeddable":true,"href":"https:\/\/www.acrartex.com\/no\/wp-json\/wp\/v2\/product_tag?post=152898"}],"curies":[{"name":"wp","href":"https:\/\/api.w.org\/{rel}","templated":true}]}}