{"id":152789,"date":"2021-03-16T08:16:22","date_gmt":"2021-03-16T13:16:22","guid":{"rendered":"https:\/\/www.acrartex.com\/products\/ms-2000m2-vannbug\/"},"modified":"2021-03-16T08:16:22","modified_gmt":"2021-03-16T13:16:22","slug":"ms-2000m2-vannbug","status":"publish","type":"product","link":"https:\/\/www.acrartex.com\/no\/products\/ms-2000m2-vannbug\/","title":{"rendered":"MS-2000(M2) Vannbug"},"content":{"rendered":"<p>I likhet med v\u00e5re h\u00f8yt anerkjente og p\u00e5litelige SDU-5E og MS-2000(M), er MS-2000(M2) designet for \u00e5 m\u00f8te eller overg\u00e5 milit\u00e6re spesifikasjoner, inkludert MIL-L-38217D og CID AA-59176, og den har mange forbedrede livreddende funksjoner for \u00e5 m\u00f8te flere oppdragskapasiteter.<\/p>\n<ul>\n<li>Ny vibrasjonsfunksjon varsler deg i det skjulte om aktivering og modusendringer n\u00e5r du bruker IR-skjoldet<\/li>\n<li>Vannaktiveringssensorer aktiverer lyset automatisk n\u00e5r de er aktivert<\/li>\n<li>4 aktiveringsmoduser \u00e5 velge mellom: Aktivert, Strobe, SOS eller Fast lys<\/li>\n<li>Oppfyller de mest oppdaterte kravene fra milit\u00e6ret og passer til s\u00e5 godt som alle bruksomr\u00e5der<\/li>\n<li>Ny flettet st\u00e5lholder holder batteridekselet p\u00e5 plass<\/li>\n<li>Silikonformbelegg p\u00e5 elektroniske komponenter beskytter mot fuktighet<\/li>\n<li>Retningsbestemt bl\u00e5tt filter varsler vennlige styrker, skiller strobe fra bakkeild<\/li>\n<li>Opptil 56 timers drift p\u00e5 2 standard alkaliske AA-batterier (bruk litiumbatterier for ekstremt kalde milj\u00f8er eller langtidslagring)<\/li>\n<li>Montert infrar\u00f8dt (IR) filter for nattsynsbriller (NVG) med filtf\u00f4r for \u00e5 forhindre \u00e5penbar lyslekkasje<\/li>\n<li>Toppmoderne LED-teknologi<\/li>\n<li>Hevede polaritetsindikatorer muliggj\u00f8r riktig plassering av batterier<\/li>\n<\/ul>\n","protected":false},"excerpt":{"rendered":"<p>N\u00e5r det gjelder \u00e5 redde liv, er alt annet enn det beste ikke et alternativ. Siden introduksjonen av den originale MS-2000 har den blitt den viktigste rednings- og redningslykten (C-SAR) som b\u00e6res av elite milit\u00e6re styrker over hele verden. Denne strobemarkeringslykten har den nyeste LED-teknologien og oppfyller de mest oppdaterte kravene fra milit\u00e6ret. Vibrasjonsfunksjonen varsler deg om aktivering og modusendringer n\u00e5r du bruker IR-skjoldet, og vannaktiveringssensorene sl\u00e5r automatisk p\u00e5 lyset n\u00e5r det kommer i kontakt med ferskvann eller saltvann. Med fire aktiveringsmoduser \u00e5 velge mellom: Bev\u00e6pnet, Strobe, SOS eller Fast lys, vil du v\u00e6re klar til \u00e5 skinne lyset ditt i omtrent enhver situasjon.    <\/p>\n","protected":false},"featured_media":152793,"template":"","meta":{"_acf_changed":false,"om_disable_all_campaigns":false},"product_brand":[],"product_cat":[5855],"product_tag":[7990,7992,7808,7986,7648,7982,7988,7985],"class_list":{"0":"post-152789","1":"product","2":"type-product","3":"status-publish","4":"has-post-thumbnail","6":"product_cat-militaer","7":"product_tag-3991-no","8":"product_tag-3991-2-no","9":"product_tag-lys-no","10":"product_tag-markedslys-no","11":"product_tag-ms2000-no","12":"product_tag-strobe-no","13":"product_tag-vannkryp","14":"product_tag-waterbug-strobe-markeringslys-no","16":"first","17":"instock","18":"taxable","19":"shipping-taxable","20":"product-type-simple"},"acf":[],"_links":{"self":[{"href":"https:\/\/www.acrartex.com\/no\/wp-json\/wp\/v2\/product\/152789","targetHints":{"allow":["GET"]}}],"collection":[{"href":"https:\/\/www.acrartex.com\/no\/wp-json\/wp\/v2\/product"}],"about":[{"href":"https:\/\/www.acrartex.com\/no\/wp-json\/wp\/v2\/types\/product"}],"wp:featuredmedia":[{"embeddable":true,"href":"https:\/\/www.acrartex.com\/no\/wp-json\/wp\/v2\/media\/152793"}],"wp:attachment":[{"href":"https:\/\/www.acrartex.com\/no\/wp-json\/wp\/v2\/media?parent=152789"}],"wp:term":[{"taxonomy":"product_brand","embeddable":true,"href":"https:\/\/www.acrartex.com\/no\/wp-json\/wp\/v2\/product_brand?post=152789"},{"taxonomy":"product_cat","embeddable":true,"href":"https:\/\/www.acrartex.com\/no\/wp-json\/wp\/v2\/product_cat?post=152789"},{"taxonomy":"product_tag","embeddable":true,"href":"https:\/\/www.acrartex.com\/no\/wp-json\/wp\/v2\/product_tag?post=152789"}],"curies":[{"name":"wp","href":"https:\/\/api.w.org\/{rel}","templated":true}]}}