{"id":152699,"date":"2021-03-16T08:16:33","date_gmt":"2021-03-16T13:16:33","guid":{"rendered":"https:\/\/www.acrartex.com\/products\/c-lys\/"},"modified":"2026-04-06T09:39:04","modified_gmt":"2026-04-06T14:39:04","slug":"c-lys","status":"publish","type":"product","link":"https:\/\/www.acrartex.com\/no\/products\/c-lys\/","title":{"rendered":"C-lys"},"content":{"rendered":"<p>C-Light aktiveres manuelt med en enkel vri og av\/p\u00e5-aktivering, og C-Light H2O-modellen har to aktiveringsmetoder; lyset kan enkelt aktiveres med et enkelt trykk p\u00e5 av\/p\u00e5-knappen, eller n\u00e5r det er i aktiv posisjon, kan det aktiveres automatisk n\u00e5r det er nedsenket i vann.<\/p>\n<p>&nbsp;<\/p>\n<p>Det slanke, lette og allsidige designet f\u00e5r enkelt plass i lommen eller henges diskret n\u00e5r det er festet til en redningsvest eller ryggsekk. De fleksible surringsl\u00f8kkene p\u00e5 siden av produktet gir mulighet for flere monteringsalternativer, inkludert b\u00e5nd p\u00e5 ryggsekken eller stropper p\u00e5 redningsvesten. <sup>Borrel\u00e5sstroppen<\/sup> kan festes rundt surringsl\u00f8kkene og skaper utallige ekstra monteringsmuligheter. Lykten leveres ogs\u00e5 med en klips som er designet for \u00e5 enkelt gli over den oppbl\u00e5sbare redningsvestens orale oppbl\u00e5sningsr\u00f8r for oppbevaring av lykten inni redningsvesten.   <\/p>\n<p>&nbsp;<\/p>\n<p><strong>Funksjoner:<\/strong><\/p>\n<ul>\n<li>For lokaliseringshjelp i n\u00f8dsituasjoner med lite lys<\/li>\n<li>Ekstremt lyssterk hvit LED-p\u00e6re p\u00e5 20 lumen<\/li>\n<li>Lang kontinuerlig driftstid p\u00e5 mer enn 30 timer<\/li>\n<li>Vanntett \u2013 Testet i 24 timer p\u00e5 1 m<\/li>\n<li>Enkel vri\/av-aktivering<\/li>\n<li>Slagfast etui<\/li>\n<li>Bruker to \u00abAA\u00bb 1,5V-batterier (ikke inkludert)<\/li>\n<li>USCG\/SOLAS-godkjent<\/li>\n<li>Ideell for redningsvester, camping, sykling, bil osv.<\/li>\n<li>Inkludert borrel\u00e5sstropp (med kardeversjon) brukt sammen med integrerte surrel\u00f8kker for fleksibilitet i montering<\/li>\n<li>Inkludert PFD-klips (med kartongversjon) for enkel festing til oral inflasjonstube<\/li>\n<li>Vannaktiveringssensorer \u2013 Automatisk aktivering ved kontakt med vann (eksklusivt for C-Light H20 \u2013 3962.1)<\/li>\n<\/ul>\n","protected":false},"excerpt":{"rendered":"<p>De kompakte, robuste og vanntette C-Light (ikke vannaktivert) og C-Light H2O (vannaktivert) er USCG\/SOLAS-godkjente og har en 20 lumen LED som vanligvis fungerer kontinuerlig i 30 timer. Disse personlige n\u00f8dlysene med fast lys har et st\u00f8tsikkert kabinett \u2013 noe som gj\u00f8r dem til p\u00e5litelige og allsidige lys n\u00e5r effektiv n\u00f8dbelysning er n\u00f8dvendig. <\/p>\n<p>&nbsp;<\/p>\n<p style=\"margin-left: 0in; margin-right: 0in;\"><span style=\"font-size: 11pt;\"><span style=\"font-family: Calibri,sans-serif;\"><a style=\"color: blue; text-decoration: underline;\" href=\"https:\/\/www.dropbox.com\/s\/8343nj28z0d7bxa\/Prop%2065%20-%20BPA.pdf?dl=0\"><span style=\"color: #000000;\">ADVARSEL: FORSLAG 65<\/span><\/a><\/span><\/span><\/p>\n<p style=\"margin-left: 0in; margin-right: 0in;\">\n","protected":false},"featured_media":152707,"template":"","meta":{"_acf_changed":false,"om_disable_all_campaigns":false},"product_brand":[],"product_cat":[5869,5867,5858,5865,5635,5860,5862,5873,5870,7784,5686],"product_tag":[7790,7799,7804,7787,7793,7808,7802,7796,7806],"class_list":{"0":"post-152699","1":"product","2":"type-product","3":"status-publish","4":"has-post-thumbnail","6":"product_cat-actionsport-offroad-no","7":"product_cat-fotturer-klatring-leir-no","8":"product_cat-inn-i-landet-no","9":"product_cat-kommersiell-no-2","10":"product_cat-marine-no","11":"product_cat-naer-kysten","12":"product_cat-offshore-no","13":"product_cat-padlesport-fiske","14":"product_cat-reiseutstyr","15":"product_cat-signaleringsprodukter","16":"product_cat-utendors","17":"product_tag-acr-c-lys","18":"product_tag-acr-led-c-lys","19":"product_tag-acr-led-lys","20":"product_tag-c-lys","21":"product_tag-c-lys-no","22":"product_tag-lys-no","23":"product_tag-nodlys","24":"product_tag-nodlys-med-led","25":"product_tag-pfd-lys","26":"pa_activity-camping-no","27":"pa_activity-fiske","28":"pa_activity-fotturer","29":"pa_activity-klatring","30":"pa_activity-langrenn","31":"pa_activity-padlesport","32":"pa_activity-ski-snowboard-no","33":"pa_activity-snoscooter","34":"pa_activity-sykkel","35":"pa_activity-terrengkjoring-4x4","36":"pa_boat-size-0-20-no","37":"pa_boat-size-21-40-no","38":"pa_boat-size-40-80-no","39":"pa_boat-size-80-no","40":"pa_boat-type-charteryacht","41":"pa_boat-type-kommersielt-fiske","42":"pa_boat-type-lasteskip","43":"pa_boat-type-motorbat-no","44":"pa_boat-type-seilbat","45":"pa_boat-type-slepebat","46":"pa_boat-type-sportcraft-no","47":"pa_boat-type-yacht-no","48":"pa_product-redningslys","49":"pa_product-signaleringsprodukter","50":"pa_product-sikkerhetstilbehor","51":"pa_terrain-as-og-fjell","52":"pa_terrain-elver-vatmarker-innsjoer","53":"pa_terrain-skog-og-jungel","54":"pa_terrain-tundra-no","56":"first","57":"instock","58":"taxable","59":"shipping-taxable","60":"purchasable","61":"product-type-variable"},"acf":[],"_links":{"self":[{"href":"https:\/\/www.acrartex.com\/no\/wp-json\/wp\/v2\/product\/152699","targetHints":{"allow":["GET"]}}],"collection":[{"href":"https:\/\/www.acrartex.com\/no\/wp-json\/wp\/v2\/product"}],"about":[{"href":"https:\/\/www.acrartex.com\/no\/wp-json\/wp\/v2\/types\/product"}],"wp:featuredmedia":[{"embeddable":true,"href":"https:\/\/www.acrartex.com\/no\/wp-json\/wp\/v2\/media\/152707"}],"wp:attachment":[{"href":"https:\/\/www.acrartex.com\/no\/wp-json\/wp\/v2\/media?parent=152699"}],"wp:term":[{"taxonomy":"product_brand","embeddable":true,"href":"https:\/\/www.acrartex.com\/no\/wp-json\/wp\/v2\/product_brand?post=152699"},{"taxonomy":"product_cat","embeddable":true,"href":"https:\/\/www.acrartex.com\/no\/wp-json\/wp\/v2\/product_cat?post=152699"},{"taxonomy":"product_tag","embeddable":true,"href":"https:\/\/www.acrartex.com\/no\/wp-json\/wp\/v2\/product_tag?post=152699"}],"curies":[{"name":"wp","href":"https:\/\/api.w.org\/{rel}","templated":true}]}}