{"id":152684,"date":"2021-03-16T08:15:18","date_gmt":"2021-03-16T13:15:18","guid":{"rendered":"https:\/\/www.acrartex.com\/products\/rcl-100-led-sokelys\/"},"modified":"2026-03-06T08:33:16","modified_gmt":"2026-03-06T13:33:16","slug":"rcl-100-led-sokelys","status":"publish","type":"product","link":"https:\/\/www.acrartex.com\/no\/products\/rcl-100-led-sokelys\/","title":{"rendered":"RCL -100 LED-s\u00f8kelys"},"content":{"rendered":"<p>RCL -100 LED-s\u00f8kelykten fortsetter \u00e5 bruke den samme robuste designen som den originale RCL -100D, men har en ny effektiv 9-LED-matrise som produserer over 220 000 candela med lys. Det sterke og lette aluminiumshuset sammen med glasslinsen er v\u00e6rbestandig for \u00e5revis med problemfri drift. Andre funksjoner inkluderer en kablet fjernkontroll som tillater kontinuerlig 360 graders rotasjon med h\u00f8y eller lav hastighet uten bryet med en hard stopp. Med en 7-graders str\u00e5levinkel gir lyset ogs\u00e5 elevasjonsvinkler p\u00e5 9 grader opp og 17 grader ned for \u00e5 gj\u00f8re belysning av trekkbroer, b\u00f8yer og brygger til en lek.   <\/p>\n<p>Ikke alle s\u00f8kelys er skapt like, og huset er trippelgrunnet og lakkert med UV-stabilisator for \u00e5 overleve i \u00e5revis i det t\u00f8ffe maritime milj\u00f8et. RCL -100 LED-s\u00f8kelysets indre er fullstendig lukket og gir presis kontroll over str\u00e5len samtidig som den forblir beskyttet. Det effektivt designede LED-arrayet gir over 40 000 timer. Lykten har ogs\u00e5 v\u00e5r eksklusive XRCiZ\u2122-funksjon, som roterer uavhengig hver 30. dag fra aktivering for \u00e5 sikre at alle lagerflater er fri for korrosjon og at alle elektriske kontakter fungerer. RCL -100 LED er v\u00e6rbestandig og fungerer med 12 eller 24 likestr\u00f8m.    <\/p>\n<p>Den nye ACR RCL -100 LED-lampen selges i et praktisk sett konfigurert som f\u00f8lger.<\/p>\n<ul>\n<li>Kablet sett: RCL -100 LED-s\u00f8kelys med hovedkontroller og kablet pekeplatekontroller (P\/N 1951 eller 1951.B)<\/li>\n<\/ul>\n<p>&nbsp;<\/p>\n<h3>Hovedfunksjoner til den nye RCL -100 LED:<\/h3>\n<ul>\n<li>Ultrasterkt LED-array med 9 LED-er genererer over 220 000 candela-lys per minutt<\/li>\n<li>Effektive LED-p\u00e6rer med lang levetid \u2013 40 000 driftstimer<\/li>\n<li>Redusert str\u00f8mforbruk med opptil 50 % p\u00e5 12V-fart\u00f8y<\/li>\n<li>Kontrolleren har toppmoderne elektronikk for \u00e5 beskytte lyset mot de fleste str\u00f8mst\u00f8t<\/li>\n<li>Intern hevemekanisme for presis hellingskontroll av str\u00e5len; beskytter hevemekanismen mot v\u00e6r og vind<\/li>\n<li>Robust, trippelprimet og forseglet aluminiumshus i maritim kvalitet<\/li>\n<li>Inkluderer fingertuppfjernkontroll for Point Pad; opptil tre eksterne Point Pad-enheter kan installeres p\u00e5 systemet; alternativer for overflate-\/innfelt montering inkludert<\/li>\n<li>Den eksklusive XRCiZ\u2122-funksjonen roterer og beveger lysenheten hver 30. dag etter aktivering for \u00e5 holde alle lagerflater fri for korrosjon og alle elektriske kontakter funksjonelle.<\/li>\n<li>Ledningsnettet p\u00e5 4,57 m<\/li>\n<li>To-trinns motor<\/li>\n<\/ul>\n<p>&nbsp;<\/p>\n<h3>Tilgjengelige konfigurasjoner:<\/h3>\n<p>RCL-100 LED er tilgjengelig i en rekke forskjellige praktiske konfigurasjoner som er listet opp nedenfor.<\/p>\n<p>&nbsp;<\/p>\n<p><em><strong>Delenumre for s\u00f8kelyssett som bruker URP-102-pekeplaten og URC-103-hovedkontrolleren:<\/strong><\/em><\/p>\n<table>\n<tbody>\n<tr>\n<td width=\"103\"><strong>DELENUMMER<\/strong><\/td>\n<td width=\"619\"><strong>BESKRIVELSE<\/strong><\/td>\n<\/tr>\n<tr>\n<td width=\"103\">1951<\/td>\n<td width=\"619\">RCL-100 LED, hvit, med URC-103 hovedkontroller og URC-102 punkttastatur<\/td>\n<\/tr>\n<tr>\n<td width=\"103\">1951.B<\/td>\n<td width=\"619\">RCL-100 LED, svart, med URC-103 hovedkontroller og URC-102 pekeplate<\/td>\n<\/tr>\n<\/tbody>\n<\/table>\n<p>&nbsp;<\/p>\n<p><em><strong>Delenumre for s\u00f8kelyssett som bruker den oppgraderte URP-103-pekeplaten og URC-104-hovedkontrolleren:<\/strong><\/em><\/p>\n<table>\n<tbody>\n<tr>\n<td width=\"103\"><strong>DELENUMMER<\/strong><\/td>\n<td width=\"619\"><strong>BESKRIVELSE<\/strong><\/td>\n<\/tr>\n<tr>\n<td width=\"103\">1976<\/td>\n<td width=\"619\">RCL-100 LED, hvit, med ny URC-104 hovedkontroller, URP-103 pekeplate og URH-103 h\u00e5ndholdt tr\u00e5dl\u00f8s fjernkontroll<\/td>\n<\/tr>\n<tr>\n<td width=\"103\">1977<\/td>\n<td width=\"619\">RCL-100 LED, svart, med ny URC-104 hovedkontroller, URP-103 pekeplate og URH-103 h\u00e5ndholdt tr\u00e5dl\u00f8s fjernkontroll<\/td>\n<\/tr>\n<tr>\n<td width=\"103\">1978<\/td>\n<td width=\"619\">RCL-100 LED, hvit, med ny URC-104 hovedkontroller og URC-103 punkttastatur<\/td>\n<\/tr>\n<tr>\n<td width=\"103\">1979<\/td>\n<td width=\"619\">RCL-100 LED, svart, med ny URC-104 hovedkontroller og URC-103 punktpad<\/td>\n<\/tr>\n<\/tbody>\n<\/table>\n<h3><\/h3>\n<p>&nbsp;<\/p>\n<p>&nbsp;<\/p>\n<h3>Installasjonsinstruksjoner for mobilapper:<\/h3>\n<p>&nbsp;<\/p>\n<p><strong>MERK: S\u00f8kelys-WiFi-modulen, som kreves for \u00e5 bruke iOS- eller Android-appene, er n\u00e5 utg\u00e5tt. Informasjonen nedenfor gjelder tidligere kunder som allerede har WiFi-modulen og som derfor kan ha behov for \u00e5 f\u00e5 tilgang til appen. <\/strong><\/p>\n<p>&nbsp;<\/p>\n<p><em><strong>iOS \u2013 G\u00e5 til Apple App Store, s\u00f8k etter \u00ab ACR Searchlight\u00bb og last ned gratisappen.<\/strong><\/em><\/p>\n<p><em><strong>Android \u2013 Som vist p\u00e5 skjermbildet nedenfor, g\u00e5 til innstillingsskjermen \u00abL\u00e5seskjerm og sikkerhet\u00bb p\u00e5 mobilenheten du \u00f8nsker \u00e5 bruke til \u00e5 kontrollere s\u00f8kelyset ditt, velg alternativet for \u00e5 tillate installasjon av apper fra \u00abUkjente kilder\u00bb og klikk p\u00e5 \u00abOK\u00bb. Etter at du har fullf\u00f8rt disse trinnene, <a href=\"https:\/\/www.dropbox.com\/scl\/fi\/7vf72mbbatofnee3bw3mx\/ACR_searchlight_release.apk?rlkey=codcu1zvl5yhy7bryqn29e8pv&amp;dl=1\">klikker du her<\/a> for \u00e5 installere ACR Searchlight-mobilappen p\u00e5 enheten din. <\/strong><\/em><\/p>\n<p><a href=\"https:\/\/www.acrartex.com\/wp-content\/uploads\/2021\/03\/Android-Searchlight-App_Download-Instructions.png\"><img loading=\"lazy\" decoding=\"async\" class=\" wp-image-83080 aligncenter\" src=\"https:\/\/www.acrartex.com\/wp-content\/uploads\/2021\/03\/Android-Searchlight-App_Download-Instructions-300x265.png\" alt=\"\" width=\"317\" height=\"280\" srcset=\"https:\/\/www.acrartex.com\/wp-content\/uploads\/2021\/03\/Android-Searchlight-App_Download-Instructions-300x265.png 300w, https:\/\/www.acrartex.com\/wp-content\/uploads\/2021\/03\/Android-Searchlight-App_Download-Instructions.png 446w\" sizes=\"auto, (max-width: 317px) 100vw, 317px\" \/><\/a><\/p>\n","protected":false},"excerpt":{"rendered":"<p>LED-versjonen av v\u00e5r mest popul\u00e6re RCL -100D-s\u00f8kelykt gir LED-ytelse med h\u00f8y intensitet som lyser gjennom netter og d\u00e5rlige lysforhold med en flammende lysstyrke p\u00e5 220 000 candela. RCL -100 LEDs tradisjonelt elegante design gj\u00f8r den til et attraktivt og kostnadseffektivt valg for sportsyachter, megayachter, sportsfiskere og lette kommersielle fart\u00f8y. Med mer effektive LED-lys har RCL -100 LED redusert str\u00f8mforbruket med opptil 50 % p\u00e5 12V-fart\u00f8y.  <\/p>\n<p>Eiere av RCL -100 LED-s\u00f8kelykten og den eldre halogens\u00f8kelykten RCL -100D har muligheten til \u00e5 kj\u00f8pe <a href=\"https:\/\/www.acrartex.com\/no\/products\/wi-fi-fjernkontrollmodul\/\">Wifi-fjernkontrollmodulen<\/a> , som gir fleksibiliteten til \u00e5 kontrollere RCL -100 LED og RCL -100D ved hjelp av den gratis ACR Searchlight-appen. <a href=\"https:\/\/www.dropbox.com\/s\/68k95jlvicbgmgy\/Privacy%20Policy_ACR%20Searchlight%20App.pdf?dl=1\">Personvernerkl\u00e6ringen for ACR Searchlight-appen finner du via denne lenken<\/a> .<\/p>\n<p>&nbsp;<\/p>\n<p style=\"margin-left: 0in; margin-right: 0in;\"><span style=\"font-size: 11pt;\"><span style=\"font-family: Calibri,sans-serif;\"><a style=\"color: blue; text-decoration: underline;\" href=\"https:\/\/www.dropbox.com\/s\/ezakylsa2478sav\/Prop%2065%20-%20DINP%20and%20BPA.pdf?dl=0\"><span style=\"color: #000000;\">ADVARSEL: FORSLAG 65<\/span><\/a><\/span><\/span><\/p>\n","protected":false},"featured_media":36738,"template":"","meta":{"_acf_changed":false,"om_disable_all_campaigns":false},"product_brand":[],"product_cat":[5858,5865,5635,5860,5862,7122],"product_tag":[7741,7743,7728,7140,7739,7133,7737,7725,7730,7735,7723,7729,7135,7727,7137,7733,7731,7129,7131,7139],"class_list":{"0":"post-152684","1":"product","2":"type-product","3":"status-publish","4":"has-post-thumbnail","6":"product_cat-inn-i-landet-no","7":"product_cat-kommersiell-no-2","8":"product_cat-marine-no","9":"product_cat-naer-kysten","10":"product_cat-offshore-no","11":"product_cat-sokelys","12":"product_tag-1951-no","13":"product_tag-1951-b-no","14":"product_tag-acr-rcl-100-led-no","15":"product_tag-acr-sokelys","16":"product_tag-artikkelnr-1951","17":"product_tag-batsokelys","18":"product_tag-delenummer-1951","19":"product_tag-led-sokelys","20":"product_tag-led-sokelys-no","21":"product_tag-led-sokelys-for-bat","22":"product_tag-led-sokelys-for-bater","23":"product_tag-marin-led-sokelys","24":"product_tag-marin-sokelys","25":"product_tag-marine-led-sokelys","26":"product_tag-marine-sokelys","27":"product_tag-rcl-100-led-no","28":"product_tag-rcl-100-led-sokelys","29":"product_tag-sokelys-no","30":"product_tag-sokelys-til-salgs","31":"product_tag-sokelysselskap","32":"pa_product-sokelys","34":"first","35":"instock","36":"taxable","37":"shipping-taxable","38":"purchasable","39":"product-type-variable"},"acf":[],"_links":{"self":[{"href":"https:\/\/www.acrartex.com\/no\/wp-json\/wp\/v2\/product\/152684","targetHints":{"allow":["GET"]}}],"collection":[{"href":"https:\/\/www.acrartex.com\/no\/wp-json\/wp\/v2\/product"}],"about":[{"href":"https:\/\/www.acrartex.com\/no\/wp-json\/wp\/v2\/types\/product"}],"wp:featuredmedia":[{"embeddable":true,"href":"https:\/\/www.acrartex.com\/no\/wp-json\/wp\/v2\/media\/36738"}],"wp:attachment":[{"href":"https:\/\/www.acrartex.com\/no\/wp-json\/wp\/v2\/media?parent=152684"}],"wp:term":[{"taxonomy":"product_brand","embeddable":true,"href":"https:\/\/www.acrartex.com\/no\/wp-json\/wp\/v2\/product_brand?post=152684"},{"taxonomy":"product_cat","embeddable":true,"href":"https:\/\/www.acrartex.com\/no\/wp-json\/wp\/v2\/product_cat?post=152684"},{"taxonomy":"product_tag","embeddable":true,"href":"https:\/\/www.acrartex.com\/no\/wp-json\/wp\/v2\/product_tag?post=152684"}],"curies":[{"name":"wp","href":"https:\/\/api.w.org\/{rel}","templated":true}]}}