{"id":152679,"date":"2021-03-16T08:15:52","date_gmt":"2021-03-16T13:15:52","guid":{"rendered":"https:\/\/www.acrartex.com\/products\/ms-2000-m2-strobemarkeringslys\/"},"modified":"2021-03-16T08:15:52","modified_gmt":"2021-03-16T13:15:52","slug":"ms-2000-m2-strobemarkeringslys","status":"publish","type":"product","link":"https:\/\/www.acrartex.com\/no\/products\/ms-2000-m2-strobemarkeringslys\/","title":{"rendered":"MS-2000 (M2) Strobemarkeringslys"},"content":{"rendered":"<p>I likhet med v\u00e5re h\u00f8yt anerkjente og p\u00e5litelige SDU-5E og MS-2000(M), er MS-2000(M2) designet for \u00e5 m\u00f8te eller overg\u00e5 milit\u00e6re spesifikasjoner, inkludert MIL-L-38217D og CID AA-59176, og den har mange forbedrede livreddende funksjoner for \u00e5 m\u00f8te flere oppdragskapasiteter.<\/p>\n<ul>\n<li>Oppfyller de mest oppdaterte kravene fra milit\u00e6ret og passer til s\u00e5 godt som alle bruksomr\u00e5der<\/li>\n<li>Ny flettet st\u00e5lholder holder batteridekselet p\u00e5 plass<\/li>\n<li>Silikonformbelegg p\u00e5 elektroniske komponenter beskytter mot fuktighet<\/li>\n<li>Retningsbestemt bl\u00e5tt filter varsler vennlige styrker, skiller strobe fra bakkeild<\/li>\n<li>Drives av 2 standard alkaliske AA-batterier (bruk litiumbatterier for ekstremt kalde milj\u00f8er eller langtidslagring)<\/li>\n<li>Montert infrar\u00f8dt (IR) filter for nattsynsbriller (NVG) med filtf\u00f4r for \u00e5 forhindre \u00e5penbar lyslekkasje<\/li>\n<li>Toppmoderne LED-teknologi<\/li>\n<li>Hevede polaritetsindikatorer muliggj\u00f8r riktig batteriplassering selv<\/li>\n<li>Ny vibrasjonsfunksjon varsler deg i det skjulte om aktivering og modusendringer n\u00e5r du bruker IR-skjoldet n\u00e5r sikten er d\u00e5rlig eller m\u00f8rk<\/li>\n<li>Overg\u00e5r SOLAS-standarden<\/li>\n<\/ul>\n","protected":false},"excerpt":{"rendered":"<p>N\u00e5r det gjelder \u00e5 redde liv, er alt annet enn det beste ikke et alternativ. Siden introduksjonen av den originale MS-2000 har denne strobemarkeringslampen blitt den viktigste rednings- og redningslampen (C-SAR) som b\u00e6res av elite milit\u00e6re styrker over hele verden. Akkurat som v\u00e5r p\u00e5litelige SDU-5E og MS-2000(M), er MS-2000(M2) designet for \u00e5 m\u00f8te og ofte overg\u00e5 milit\u00e6re spesifikasjoner. V\u00e6r forberedt p\u00e5 det uforutsigbare: \u2013 Toppmoderne LED-teknologi \u2013 Vibrasjonsfunksjon varsler deg om aktivering \u2013 Drives av 2 standard alkaliske AA-batterier \u2013 Overg\u00e5r SOLAS-standarden \u2013 Flettet st\u00e5lholder \u2013 Retningsbestemt bl\u00e5tt filter varsler vennligsinnede styrker   <\/p>\n","protected":false},"featured_media":152685,"template":"","meta":{"_acf_changed":false,"om_disable_all_campaigns":false},"product_brand":[],"product_cat":[5887,5883,5855,5880,5884],"product_tag":[7716,7718,7713,7714,7710,7712,7715,7676,7671,7652,7655,7650,7659,7648,7667,7645,7664],"class_list":{"0":"post-152679","1":"product","2":"type-product","3":"status-publish","4":"has-post-thumbnail","6":"product_cat-bakken-spesialstyrker-no","7":"product_cat-luftpatrulje-no","8":"product_cat-militaer","9":"product_cat-politi-kommune","10":"product_cat-sjostyrker","11":"product_tag-3990-no","12":"product_tag-3990-2-no","13":"product_tag-acr-ms-2000-no","14":"product_tag-acr-ms-2000m-no","15":"product_tag-acr-ms2000-no","16":"product_tag-acr-ms2000m-no","17":"product_tag-delenummer-3990-2","18":"product_tag-militaert-nodlys","19":"product_tag-militaert-redningslys","20":"product_tag-ms-2000-no","21":"product_tag-ms-2000-m-no","22":"product_tag-ms-2000m-no","23":"product_tag-ms-2000r-no","24":"product_tag-ms2000-no","25":"product_tag-ms2000-lys-no","26":"product_tag-ms2000m-no","27":"product_tag-ms2000r-no","29":"first","30":"instock","31":"taxable","32":"shipping-taxable","33":"product-type-simple"},"acf":[],"_links":{"self":[{"href":"https:\/\/www.acrartex.com\/no\/wp-json\/wp\/v2\/product\/152679","targetHints":{"allow":["GET"]}}],"collection":[{"href":"https:\/\/www.acrartex.com\/no\/wp-json\/wp\/v2\/product"}],"about":[{"href":"https:\/\/www.acrartex.com\/no\/wp-json\/wp\/v2\/types\/product"}],"wp:featuredmedia":[{"embeddable":true,"href":"https:\/\/www.acrartex.com\/no\/wp-json\/wp\/v2\/media\/152685"}],"wp:attachment":[{"href":"https:\/\/www.acrartex.com\/no\/wp-json\/wp\/v2\/media?parent=152679"}],"wp:term":[{"taxonomy":"product_brand","embeddable":true,"href":"https:\/\/www.acrartex.com\/no\/wp-json\/wp\/v2\/product_brand?post=152679"},{"taxonomy":"product_cat","embeddable":true,"href":"https:\/\/www.acrartex.com\/no\/wp-json\/wp\/v2\/product_cat?post=152679"},{"taxonomy":"product_tag","embeddable":true,"href":"https:\/\/www.acrartex.com\/no\/wp-json\/wp\/v2\/product_tag?post=152679"}],"curies":[{"name":"wp","href":"https:\/\/api.w.org\/{rel}","templated":true}]}}