{"id":152491,"date":"2021-03-16T08:15:33","date_gmt":"2021-03-16T13:15:33","guid":{"rendered":"https:\/\/www.acrartex.com\/products\/rcl-75-sokelys\/"},"modified":"2021-03-16T08:15:33","modified_gmt":"2021-03-16T13:15:33","slug":"rcl-75-sokelys","status":"publish","type":"product","link":"https:\/\/www.acrartex.com\/no\/products\/rcl-75-sokelys\/","title":{"rendered":"RCL -75 S\u00f8kelys"},"content":{"rendered":"<p><strong><span style=\"color: #e74c3c;\"><a href=\"https:\/\/www.acrartex.com\/products\/rcl-95-wireless-led-searchlight\/\">RCL -75 har blitt utg\u00e5tt.<\/a>  Garantist\u00f8tte er fortsatt tilgjengelig.<\/span><\/strong><\/p>\n<p>Elektronikken er plassert i det vannavst\u00f8tende lyshodet i stedet for i basen for \u00f8kt beskyttelse. Det innovative \u00abdirektedriftssystemet\u00bb eliminerer ukontrollert lysbevegelse under urolige forhold. <\/p>\n<p>Bruksomr\u00e5de: Fritidsb\u00e5ter, sportsyachter, sportsfiske og kommersielle fart\u00f8y.<\/p>\n<ul>\n<li>Dobbel lampedesign gir redundans og p\u00e5litelighet \u2013 fungerer n\u00e5r du trenger det<\/li>\n<li>Lyssterke, kraftige 55-watts halogenp\u00e6rer med 3\u00b0 hx 5\u00b0 b str\u00e5lespredning<\/li>\n<li>Enkel \u00e5 installere Point Pad\u2122-stil joystickkontroll<\/li>\n<li>Robust, funksjonsrik s\u00f8kelys som er enkel \u00e5 installere<\/li>\n<li>7-tr\u00e5ds ledningsnett, 17 fot langt<\/li>\n<li>Elektronikken er plassert i det vannavst\u00f8tende lyshodet, i stedet for den tradisjonelle lysbasen, for beskyttelse mot vannansamling<\/li>\n<li>Okulardesign med 45\u00b0 nedvinkel gir forbedret sikt ved dokking<\/li>\n<li>18\u00b0 oppovervinkel for \u00e5 lyse opp vindebrot\u00e5rn osv.<\/li>\n<li>Lampene byttes enkelt ut ved \u00e5 fjerne toppdekselet for \u00e5 f\u00e5 tilgang til baklysenheten<\/li>\n<li>T\u00f8rket filter t\u00f8rker luften; beskytter reflektor og lysenhet<\/li>\n<li>Innovativt \u00abdirektedrift\u00bb-system eliminerer ukontrollert lysbevegelse under urolige forhold.<\/li>\n<li>Kraftige girtenner og elektriske motorer<\/li>\n<li>Legg til en adapter og en annen Point Pad\u2122 for fjernbetjening av en annen stasjon<\/li>\n<\/ul>\n<p>Tagger: s\u00f8kelys, s\u00f8kelys, RCL -s\u00f8kelys, RCL 75, b\u00e5ts\u00f8kelys, marin s\u00f8kelys, marine s\u00f8kelys, ACR -s\u00f8kelys, 1946, delnummer 1946<\/p>\n","protected":false},"excerpt":{"rendered":"<p><strong><span style=\"color: #e74c3c;\"><a href=\"https:\/\/www.acrartex.com\/products\/rcl-95-wireless-led-searchlight\/\">RCL -75 har blitt utg\u00e5tt.<\/a>  Garantist\u00f8tte er fortsatt tilgjengelig.<\/span><\/strong><\/p>\n<p>RCL -75-s\u00f8kelyset er spesielt laget for fritidsb\u00e5ter, sportsyachter, sportsfiskere og kommersielle fart\u00f8y. Designet med to lamper til dette s\u00f8kelyset gir redundans og p\u00e5litelighet, slik at du kan stole p\u00e5 at det vil fungere n\u00e5r du trenger det mest. I tillegg eliminerer det innovative direktedriftssystemet ukontrollert lysbevegelse under urolige forhold, s\u00e5 hvis du skulle st\u00f8te p\u00e5 uventet v\u00e6r, kan du v\u00e6re sikker p\u00e5 at lyset ditt fortsatt vil skinne etter behov.  <\/p>\n<p>&nbsp;<\/p>\n<p style=\"margin-left: 0in; margin-right: 0in;\"><span style=\"font-size: 11pt;\"><span style=\"font-family: Calibri,sans-serif;\"><a style=\"color: blue; text-decoration: underline;\" href=\"https:\/\/www.dropbox.com\/s\/fk04stqsp2hgk5f\/Prop%2065%20-%20DEHP.pdf?dl=0\"><span style=\"color: #000000;\">ADVARSEL: FORSLAG 65<\/span><\/a><\/span><\/span><\/p>\n<p style=\"margin-left: 0in; margin-right: 0in;\">\n","protected":false},"featured_media":152492,"template":"","meta":{"_acf_changed":false,"om_disable_all_campaigns":false},"product_brand":[],"product_cat":[5858,5635,5860],"product_tag":[7424,7140,7133,7135,7137,7123,7418,7422,7420],"class_list":{"0":"post-152491","1":"product","2":"type-product","3":"status-publish","4":"has-post-thumbnail","6":"product_cat-inn-i-landet-no","7":"product_cat-marine-no","8":"product_cat-naer-kysten","9":"product_tag-1946-no","10":"product_tag-acr-sokelys","11":"product_tag-batsokelys","12":"product_tag-marin-sokelys","13":"product_tag-marine-sokelys","14":"product_tag-rcl-no","15":"product_tag-rcl-75-no","16":"product_tag-rcl-75-no-2","17":"product_tag-rcl75-no","18":"pa_product-arv-no","20":"first","21":"outofstock","22":"taxable","23":"shipping-taxable","24":"product-type-simple"},"acf":[],"_links":{"self":[{"href":"https:\/\/www.acrartex.com\/no\/wp-json\/wp\/v2\/product\/152491","targetHints":{"allow":["GET"]}}],"collection":[{"href":"https:\/\/www.acrartex.com\/no\/wp-json\/wp\/v2\/product"}],"about":[{"href":"https:\/\/www.acrartex.com\/no\/wp-json\/wp\/v2\/types\/product"}],"wp:featuredmedia":[{"embeddable":true,"href":"https:\/\/www.acrartex.com\/no\/wp-json\/wp\/v2\/media\/152492"}],"wp:attachment":[{"href":"https:\/\/www.acrartex.com\/no\/wp-json\/wp\/v2\/media?parent=152491"}],"wp:term":[{"taxonomy":"product_brand","embeddable":true,"href":"https:\/\/www.acrartex.com\/no\/wp-json\/wp\/v2\/product_brand?post=152491"},{"taxonomy":"product_cat","embeddable":true,"href":"https:\/\/www.acrartex.com\/no\/wp-json\/wp\/v2\/product_cat?post=152491"},{"taxonomy":"product_tag","embeddable":true,"href":"https:\/\/www.acrartex.com\/no\/wp-json\/wp\/v2\/product_tag?post=152491"}],"curies":[{"name":"wp","href":"https:\/\/api.w.org\/{rel}","templated":true}]}}