{"id":152466,"date":"2021-03-16T08:15:01","date_gmt":"2021-03-16T13:15:01","guid":{"rendered":"https:\/\/www.acrartex.com\/products\/rcl-300a-sokelys\/"},"modified":"2026-02-03T14:07:28","modified_gmt":"2026-02-03T19:07:28","slug":"rcl-300a-sokelys","status":"publish","type":"product","link":"https:\/\/www.acrartex.com\/no\/products\/rcl-300a-sokelys\/","title":{"rendered":"RCL -300A s\u00f8kelys"},"content":{"rendered":"<p>Den er pakningstett og ferdigbehandlet for \u00e5 t\u00e5le det maritime milj\u00f8et, og alle funksjoner kan betjenes med den medf\u00f8lgende Point Pad\u2122 og Master Controller (opptil tre fjernkontroller kan installeres).<\/p>\n<ul>\n<li>Intern hevemekanisme gir kontroll over hellingsvinkelen til spotlightstr\u00e5len; beskytter hevemekanismen mot v\u00e6r og vind<\/li>\n<li>Inkluderer fingertuppfjernkontroll Point Pad\u2122; opptil tre eksterne Point Pad\u2122-enheter kan installeres p\u00e5 systemet; alternativer for overflate-\/innfelt montering inkludert<\/li>\n<li>Robust, trippelprimet og forseglet hus i maritim aluminium<\/li>\n<li>XRCiZ\u2122-funksjonen roterer og beveger lysenheten hver 30. dag etter aktivering for \u00e5 holde alle lagerflater fri for korrosjon og alle elektriske kontakter funksjonelle<\/li>\n<li>Saltvannsbestandig konstruksjon med nylon- og fenolskiver, aluminiserte skruer i rustfritt st\u00e5l med isolerende sm\u00f8remiddel<\/li>\n<li>Ledningsnett inkludert<\/li>\n<li>* To 35 W metallhalogen HID-lamper gir over 500 k CD hver og 1 million effektiv CD n\u00e5r de kombineres.<\/li>\n<\/ul>\n<p>Tagger: s\u00f8kelys, s\u00f8kelys, RCL -s\u00f8kelys, RCL 300, b\u00e5ts\u00f8kelys, marin s\u00f8kelys, marine s\u00f8kelys, acr-s\u00f8kelys, 1933, delnummer 1933<\/p>\n","protected":false},"excerpt":{"rendered":"<p>Doble 35-watts metallhalogen HID-lamper skaper en smalstr\u00e5lende s\u00f8kelys som er perfekt for store sportsyachter og megayachter, samt store sportsfiske- og kommersielle fart\u00f8y. RCL -300A-s\u00f8kelyset er laget for \u00e5 forbedre sikkerheten til sj\u00f8s under nattdrift. Det er ogs\u00e5 enkelt \u00e5 bruke med en kommersiell joystick som har en IP 69K-klassifisering og belysning.  <\/p>\n<p><a href=\"https:\/\/www.dropbox.com\/s\/8343nj28z0d7bxa\/Prop%2065%20-%20BPA.pdf?dl=0\">ADVARSEL: FORSLAG 65<\/a><\/p>\n","protected":false},"featured_media":152469,"template":"","meta":{"_acf_changed":false,"om_disable_all_campaigns":false},"product_brand":[],"product_cat":[5635,7122],"product_tag":[7140,7142,7133,7135,7137,7123,7369,7127,7129,7131,7139,7138,7141],"class_list":{"0":"post-152466","1":"product","2":"type-product","3":"status-publish","4":"has-post-thumbnail","6":"product_cat-marine-no","7":"product_cat-sokelys","8":"product_tag-acr-sokelys","9":"product_tag-acr-sokelys-no","10":"product_tag-batsokelys","11":"product_tag-marin-sokelys","12":"product_tag-marine-sokelys","13":"product_tag-rcl-no","14":"product_tag-rcl-300a-no","15":"product_tag-sokelys","16":"product_tag-sokelys-no","17":"product_tag-sokelys-til-salgs","18":"product_tag-sokelysselskap","19":"product_tag-xenon-sokelys","20":"product_tag-xenon-sokelys-no","21":"pa_product-sokelys","23":"first","24":"instock","25":"taxable","26":"shipping-taxable","27":"purchasable","28":"product-type-simple"},"acf":[],"_links":{"self":[{"href":"https:\/\/www.acrartex.com\/no\/wp-json\/wp\/v2\/product\/152466","targetHints":{"allow":["GET"]}}],"collection":[{"href":"https:\/\/www.acrartex.com\/no\/wp-json\/wp\/v2\/product"}],"about":[{"href":"https:\/\/www.acrartex.com\/no\/wp-json\/wp\/v2\/types\/product"}],"wp:featuredmedia":[{"embeddable":true,"href":"https:\/\/www.acrartex.com\/no\/wp-json\/wp\/v2\/media\/152469"}],"wp:attachment":[{"href":"https:\/\/www.acrartex.com\/no\/wp-json\/wp\/v2\/media?parent=152466"}],"wp:term":[{"taxonomy":"product_brand","embeddable":true,"href":"https:\/\/www.acrartex.com\/no\/wp-json\/wp\/v2\/product_brand?post=152466"},{"taxonomy":"product_cat","embeddable":true,"href":"https:\/\/www.acrartex.com\/no\/wp-json\/wp\/v2\/product_cat?post=152466"},{"taxonomy":"product_tag","embeddable":true,"href":"https:\/\/www.acrartex.com\/no\/wp-json\/wp\/v2\/product_tag?post=152466"}],"curies":[{"name":"wp","href":"https:\/\/api.w.org\/{rel}","templated":true}]}}