{"id":152438,"date":"2021-03-16T08:15:06","date_gmt":"2021-03-16T13:15:06","guid":{"rendered":"https:\/\/www.acrartex.com\/products\/rcl-100d-sokelys\/"},"modified":"2021-03-16T08:15:06","modified_gmt":"2021-03-16T13:15:06","slug":"rcl-100d-sokelys","status":"publish","type":"product","link":"https:\/\/www.acrartex.com\/no\/products\/rcl-100d-sokelys\/","title":{"rendered":"RCL -100D s\u00f8kelys"},"content":{"rendered":"<p>Saltvannsbestandig design inkluderer trippelgrunnet og forseglet konstruksjon, nylon- og fenolskiver og skruer i aluminisert rustfritt st\u00e5l med isolerende sm\u00f8remiddel.<\/p>\n<p>&nbsp;<\/p>\n<p>Bruksomr\u00e5de: Sportsyachter, megayachter, sportsfiske og kommersielle fart\u00f8y.<\/p>\n<ul>\n<li>To h\u00f8yintensitets 55-watts halogenp\u00e6rer<\/li>\n<li>Kontrolleren har toppmoderne elektronikk for \u00e5 beskytte lys mot de fleste str\u00f8mst\u00f8t<\/li>\n<li>Myk av- og p\u00e5slag \u00f8ker p\u00e6relevetiden<\/li>\n<li>Intern hevemekanisme for presis hellingskontroll av str\u00e5len; beskytter hevemekanismen mot v\u00e6r og vind<\/li>\n<li>Robust, trippelt grunnet og forseglet hus i maritim aluminium<\/li>\n<li>Inkluderer fingertuppfjernkontroll for Point Pad; opptil tre eksterne Point Pad-enheter kan installeres p\u00e5 systemet; alternativer for overflate-\/innfelt montering inkludert<\/li>\n<li>Den eksklusive XRCiZ\u2122-funksjonen roterer og beveger lysenheten hver 30. dag etter aktivering for \u00e5 holde alle lagerflater fri for korrosjon og alle elektriske kontakter funksjonelle.<\/li>\n<li>Ledningsnett p\u00e5 4,57 m<\/li>\n<\/ul>\n<p>Tagger: s\u00f8kelys, s\u00f8kelys, RCL -s\u00f8kelys, RCL 100, b\u00e5ts\u00f8kelys, marin s\u00f8kelys, marine s\u00f8kelys, acr-s\u00f8kelys, 1930, P\/N 1930, 1931, P\/N 1931<\/p>\n","protected":false},"excerpt":{"rendered":"<p>RCL -100Ds robuste aluminiumshus i maritim kvalitet er perfekt for b\u00e5de mellomstore sportsyachter og kommersielle fart\u00f8y. S\u00f8kelysets saltvannsbestandige design inkluderer trippelgrunnet og forseglet konstruksjon, nylon- og fenolskiver og skruer i aluminisert rustfritt st\u00e5l. <\/p>\n<p>&nbsp;<\/p>\n<p style=\"margin-left: 0in; margin-right: 0in;\"><span style=\"font-size: 11pt;\"><span style=\"font-family: Calibri,sans-serif;\"><a style=\"color: blue; text-decoration: underline;\" href=\"https:\/\/www.dropbox.com\/s\/ezakylsa2478sav\/Prop%2065%20-%20DINP%20and%20BPA.pdf?dl=0\"><span style=\"color: #000000;\">ADVARSEL: FORSLAG 65<\/span><\/a><\/span><\/span><\/p>\n<p style=\"margin-left: 0in; margin-right: 0in;\">\n","protected":false},"featured_media":152439,"template":"","meta":{"_acf_changed":false,"om_disable_all_campaigns":false},"product_brand":[],"product_cat":[5858,5865,5635,5860,5862,7122],"product_tag":[7294,7295,7140,7142,7133,7135,7123,7293,7292,7127,7141],"class_list":{"0":"post-152438","1":"product","2":"type-product","3":"status-publish","4":"has-post-thumbnail","6":"product_cat-inn-i-landet-no","7":"product_cat-kommersiell-no-2","8":"product_cat-marine-no","9":"product_cat-naer-kysten","10":"product_cat-offshore-no","11":"product_cat-sokelys","12":"product_tag-12v-sokelys","13":"product_tag-24v-sokelys","14":"product_tag-acr-sokelys","15":"product_tag-acr-sokelys-no","16":"product_tag-batsokelys","17":"product_tag-marin-sokelys","18":"product_tag-rcl-no","19":"product_tag-rcl-100-no","20":"product_tag-rcl100-no","21":"product_tag-sokelys","22":"product_tag-xenon-sokelys-no","23":"pa_product-arv-no","25":"first","26":"outofstock","27":"taxable","28":"shipping-taxable","29":"product-type-simple"},"acf":[],"_links":{"self":[{"href":"https:\/\/www.acrartex.com\/no\/wp-json\/wp\/v2\/product\/152438","targetHints":{"allow":["GET"]}}],"collection":[{"href":"https:\/\/www.acrartex.com\/no\/wp-json\/wp\/v2\/product"}],"about":[{"href":"https:\/\/www.acrartex.com\/no\/wp-json\/wp\/v2\/types\/product"}],"wp:featuredmedia":[{"embeddable":true,"href":"https:\/\/www.acrartex.com\/no\/wp-json\/wp\/v2\/media\/152439"}],"wp:attachment":[{"href":"https:\/\/www.acrartex.com\/no\/wp-json\/wp\/v2\/media?parent=152438"}],"wp:term":[{"taxonomy":"product_brand","embeddable":true,"href":"https:\/\/www.acrartex.com\/no\/wp-json\/wp\/v2\/product_brand?post=152438"},{"taxonomy":"product_cat","embeddable":true,"href":"https:\/\/www.acrartex.com\/no\/wp-json\/wp\/v2\/product_cat?post=152438"},{"taxonomy":"product_tag","embeddable":true,"href":"https:\/\/www.acrartex.com\/no\/wp-json\/wp\/v2\/product_tag?post=152438"}],"curies":[{"name":"wp","href":"https:\/\/api.w.org\/{rel}","templated":true}]}}