{"id":152433,"date":"2021-03-16T08:14:44","date_gmt":"2021-03-16T13:14:44","guid":{"rendered":"https:\/\/www.acrartex.com\/products\/hemilight-3-med-og-solas-redningsvestlys\/"},"modified":"2025-12-17T14:34:22","modified_gmt":"2025-12-17T19:34:22","slug":"hemilight-3-med-og-solas-redningsvestlys","status":"publish","type":"product","link":"https:\/\/www.acrartex.com\/no\/products\/hemilight-3-med-og-solas-redningsvestlys\/","title":{"rendered":"HemiLight \u21223 MED og SOLAS redningsvestlys"},"content":{"rendered":"<p>HemiLight3 er mindre enn andre godkjente SOLAS- og MED-redningsvestlys, og har avrundede kanter for \u00e5 opprettholde integriteten til oppbl\u00e5sbare redningsvester. Den enkle festeklipsen har plass til opptil 5 cm brede redningsvester, og den robuste designen i maritim stil sikrer mange \u00e5rs nyttig bruk som overg\u00e5r andre SOLAS- og MED-lys. <\/p>\n<p>Denne ultraintensive blinkende LED-flytevesten eller PFD-lampen aktiveres automatisk i over 20 timer n\u00e5r den kommer i kontakt med salt- eller ferskvann, og kan deaktiveres ved \u00e5 trykke p\u00e5 den r\u00f8de knappen. HemiLight kan installeres p\u00e5 nesten alle typer redningsvester i l\u00f8pet av sekunder for \u00e5 gj\u00f8re store ettermonteringer raske og enkle. <\/p>\n<p>Tilgjengelig i to konfigurasjoner: HemiLight \u21223 tilbyr en grunnleggende strobemodus som kan aktiveres enten manuelt eller automatisk.<\/p>\n<p><iframe loading=\"lazy\" title=\"ACR GMDSS Suite: Hemilight 3 Life Jacket Lights\" width=\"500\" height=\"281\" src=\"https:\/\/www.youtube.com\/embed\/yniYx7MjkrA?feature=oembed\" frameborder=\"0\" allow=\"accelerometer; autoplay; clipboard-write; encrypted-media; gyroscope; picture-in-picture; web-share\" referrerpolicy=\"strict-origin-when-cross-origin\" allowfullscreen><\/iframe><\/p>\n","protected":false},"excerpt":{"rendered":"<p>ACR Auto HemiLight \u21223 blinkende overlevelseslys festes til nesten alle typer redningsvester med rask og enkel installasjon. HemiLight \u2122\u025c er mindre enn andre godkjente lys, har avrundede kanter for \u00e5 opprettholde integriteten til oppbl\u00e5sbare redningsvester og oppfyller kravene i USCG, MED og SOLAS. Det blinkende LED-lyset med h\u00f8y intensitet aktiveres automatisk i over 20 timer n\u00e5r det kommer i kontakt med salt- eller ferskvann, og kan deaktiveres ved \u00e5 trykke p\u00e5 den r\u00f8de knappen. Festel\u00f8kker har plass til opptil 5 cm brede redningsvester, og det maritime designet sikrer mange \u00e5rs nyttig bruk.   <\/p>\n<p>&nbsp;<\/p>\n<p><span style=\"font-size: 11.0pt;\"><a style=\"color: blue; text-decoration: underline;\" href=\"https:\/\/www.dropbox.com\/s\/0ezw0kexbm120vv\/Prop%2065%20-%20Lead%20and%20Lead%20Compounds.pdf?dl=0\">ADVARSEL: FORSLAG 65<\/a><\/span><\/p>\n<p>&nbsp;<\/p>\n<p>&nbsp;<\/p>\n","protected":false},"featured_media":12237,"template":"","meta":{"_acf_changed":false,"om_disable_all_campaigns":false},"product_brand":[],"product_cat":[5869,5867,5858,5865,5635,5860,5862,5873,5870,6553,5686],"product_tag":[7286,7284,7287,7282,7283,7285,7281],"class_list":{"0":"post-152433","1":"product","2":"type-product","3":"status-publish","4":"has-post-thumbnail","6":"product_cat-actionsport-offroad-no","7":"product_cat-fotturer-klatring-leir-no","8":"product_cat-inn-i-landet-no","9":"product_cat-kommersiell-no-2","10":"product_cat-marine-no","11":"product_cat-naer-kysten","12":"product_cat-offshore-no","13":"product_cat-padlesport-fiske","14":"product_cat-reiseutstyr","15":"product_cat-sikkerhetstilbehor","16":"product_cat-utendors","17":"product_tag-gmdss-no","18":"product_tag-hemilight-no","19":"product_tag-med-no","20":"product_tag-overlevende-lys","21":"product_tag-redningsvestlys","22":"product_tag-solas-no","23":"product_tag-strobelys","24":"pa_boat-size-0-20-no","25":"pa_boat-size-21-40-no","26":"pa_boat-size-40-80-no","27":"pa_boat-size-80-no","28":"pa_boat-type-charteryacht","29":"pa_boat-type-kommersielt-fiske","30":"pa_boat-type-lasteskip","31":"pa_boat-type-motorbat-no","32":"pa_boat-type-seilbat","33":"pa_boat-type-slepebat","34":"pa_boat-type-sportcraft-no","35":"pa_boat-type-yacht-no","36":"pa_product-redningslys","37":"pa_product-sikkerhetstilbehor","39":"first","40":"instock","41":"sale","42":"taxable","43":"shipping-taxable","44":"purchasable","45":"product-type-variable"},"acf":[],"_links":{"self":[{"href":"https:\/\/www.acrartex.com\/no\/wp-json\/wp\/v2\/product\/152433","targetHints":{"allow":["GET"]}}],"collection":[{"href":"https:\/\/www.acrartex.com\/no\/wp-json\/wp\/v2\/product"}],"about":[{"href":"https:\/\/www.acrartex.com\/no\/wp-json\/wp\/v2\/types\/product"}],"wp:featuredmedia":[{"embeddable":true,"href":"https:\/\/www.acrartex.com\/no\/wp-json\/wp\/v2\/media\/12237"}],"wp:attachment":[{"href":"https:\/\/www.acrartex.com\/no\/wp-json\/wp\/v2\/media?parent=152433"}],"wp:term":[{"taxonomy":"product_brand","embeddable":true,"href":"https:\/\/www.acrartex.com\/no\/wp-json\/wp\/v2\/product_brand?post=152433"},{"taxonomy":"product_cat","embeddable":true,"href":"https:\/\/www.acrartex.com\/no\/wp-json\/wp\/v2\/product_cat?post=152433"},{"taxonomy":"product_tag","embeddable":true,"href":"https:\/\/www.acrartex.com\/no\/wp-json\/wp\/v2\/product_tag?post=152433"}],"curies":[{"name":"wp","href":"https:\/\/api.w.org\/{rel}","templated":true}]}}