{"id":152368,"date":"2021-03-16T08:14:56","date_gmt":"2021-03-16T13:14:56","guid":{"rendered":"https:\/\/www.acrartex.com\/products\/rcl-600a-sokelys\/"},"modified":"2026-02-03T14:11:10","modified_gmt":"2026-02-03T19:11:10","slug":"rcl-600a-sokelys","status":"publish","type":"product","link":"https:\/\/www.acrartex.com\/no\/products\/rcl-600a-sokelys\/","title":{"rendered":"RCL -600A s\u00f8kelys"},"content":{"rendered":"<p>Den robuste pulverlakkerte aluminiumslykten med alle interne\/beskyttede motorer og h\u00f8ydemekanismer vil t\u00e5le det t\u00f8ffe maritime milj\u00f8et i mange \u00e5r med nyttig tjeneste<\/p>\n<ul>\n<li>Automatisk retur bringer lyset tilbake til en forh\u00e5ndsinnstilt posisjon<\/li>\n<li>Xenonlampe og parabolsk reflektor gir en hyperintens spotlightstr\u00e5le p\u00e5 6 000 000 candela<\/li>\n<li>Huset kan roteres 360\u00b0 og gir mulighet for allsidig belysning<\/li>\n<li>Nylonskulderskiver ved basen eliminerer den galvaniske reaksjonen<\/li>\n<li>Kabinett i maritim aluminium for mange \u00e5rs p\u00e5litelig og v\u00e6rbestandig bruk<\/li>\n<li>Estetisk designet for \u00e5 m\u00f8te ytelseskravene til store fritidsb\u00e5ter<\/li>\n<li>Intern h\u00f8ydemekanisme gir kontroll over spotlighten samtidig som den beskytter h\u00f8ydemekanismen mot v\u00e6r og vind<\/li>\n<\/ul>\n<p>Tagger: s\u00f8kelys, s\u00f8kelys, RCL -s\u00f8kelys, RCL 600, b\u00e5ts\u00f8kelys, marin s\u00f8kelys, marine s\u00f8kelys, ACR -s\u00f8kelys, 1941, P\/N 1941<\/p>\n","protected":false},"excerpt":{"rendered":"<p>Med sine 6 millioner candela trenger denne toppmoderne s\u00f8kelyset gjennom selv den m\u00f8rkeste natt. Den h\u00f8yintensitets 150-watts xenonp\u00e6ren og den parabolske reflektoren gir kraftig kraft for kommersielle fart\u00f8y, mens det estetiske designet oppfyller alle behovene til store fritidsb\u00e5ter. Bytt enkelt fra flomlys til spotlight, og sikt presist med den innebygde fjernstyrte joysticken.  <\/p>\n","protected":false},"featured_media":152371,"template":"","meta":{"_acf_changed":false,"om_disable_all_campaigns":false},"product_brand":[],"product_cat":[5865,5635,5860,5862,7122],"product_tag":[7140,7142,7133,7144,7143,7135,7137,7123,7125,7127,7129,7131,7139,7138,7141],"class_list":{"0":"post-152368","1":"product","2":"type-product","3":"status-publish","4":"has-post-thumbnail","6":"product_cat-kommersiell-no-2","7":"product_cat-marine-no","8":"product_cat-naer-kysten","9":"product_cat-offshore-no","10":"product_cat-sokelys","11":"product_tag-acr-sokelys","12":"product_tag-acr-sokelys-no","13":"product_tag-batsokelys","14":"product_tag-fjernstyrt-sokelys","15":"product_tag-jabsco-sokelys","16":"product_tag-marin-sokelys","17":"product_tag-marine-sokelys","18":"product_tag-rcl-no","19":"product_tag-rcl-sokelys","20":"product_tag-sokelys","21":"product_tag-sokelys-no","22":"product_tag-sokelys-til-salgs","23":"product_tag-sokelysselskap","24":"product_tag-xenon-sokelys","25":"product_tag-xenon-sokelys-no","26":"pa_boat-type-charteryacht","27":"pa_boat-type-kommersielt-fiske","28":"pa_boat-type-lasteskip","29":"pa_boat-type-yacht-no","30":"pa_product-sokelys","32":"first","33":"instock","34":"taxable","35":"shipping-taxable","36":"purchasable","37":"product-type-simple"},"acf":[],"_links":{"self":[{"href":"https:\/\/www.acrartex.com\/no\/wp-json\/wp\/v2\/product\/152368","targetHints":{"allow":["GET"]}}],"collection":[{"href":"https:\/\/www.acrartex.com\/no\/wp-json\/wp\/v2\/product"}],"about":[{"href":"https:\/\/www.acrartex.com\/no\/wp-json\/wp\/v2\/types\/product"}],"wp:featuredmedia":[{"embeddable":true,"href":"https:\/\/www.acrartex.com\/no\/wp-json\/wp\/v2\/media\/152371"}],"wp:attachment":[{"href":"https:\/\/www.acrartex.com\/no\/wp-json\/wp\/v2\/media?parent=152368"}],"wp:term":[{"taxonomy":"product_brand","embeddable":true,"href":"https:\/\/www.acrartex.com\/no\/wp-json\/wp\/v2\/product_brand?post=152368"},{"taxonomy":"product_cat","embeddable":true,"href":"https:\/\/www.acrartex.com\/no\/wp-json\/wp\/v2\/product_cat?post=152368"},{"taxonomy":"product_tag","embeddable":true,"href":"https:\/\/www.acrartex.com\/no\/wp-json\/wp\/v2\/product_tag?post=152368"}],"curies":[{"name":"wp","href":"https:\/\/api.w.org\/{rel}","templated":true}]}}