{"id":152366,"date":"2021-03-16T08:12:57","date_gmt":"2021-03-16T13:12:57","guid":{"rendered":"https:\/\/www.acrartex.com\/products\/sea-shelter-4-cat-i-epirb-brakett\/"},"modified":"2025-07-29T15:00:07","modified_gmt":"2025-07-29T20:00:07","slug":"sea-shelter-4-cat-i-epirb-brakett","status":"publish","type":"product","link":"https:\/\/www.acrartex.com\/no\/products\/sea-shelter-4-cat-i-epirb-brakett\/","title":{"rendered":"Sea Shelter \u2122 4 Cat I EPIRB brakett"},"content":{"rendered":"<ul>\n<li>Innovativ, hurtigbyttelig hydrostatisk utl\u00f8sermekanisme<\/li>\n<li>Enveismontering eliminerer muligheten for \u00e5 installere EPIRB baklengs<\/li>\n<li>Integrert deaktiveringsmagnet hindrer EPIRB i \u00e5 sende f\u00f8r den er utl\u00f8st<\/li>\n<li>Utl\u00f8ser EPIRB n\u00e5r den er nedsenket i vann p\u00e5 en dybde mellom 1,5 og 4 m (4,9\u201313,1 fot). Passer kun til GlobalFix \u2122 V4 EPIRB-er (modell RLB-41).<\/li>\n<\/ul>\n","protected":false},"excerpt":{"rendered":"<p>T\u00f8ffe forhold har ingen sjanse mot Sea Shelter \u2122 4 Cat I. Denne EPIRB braketten er helt lukket, noe som gir beskyttelse selv under dine villeste eventyr. Skulle fart\u00f8yet ditt begynne \u00e5 ta inn vann, vil Sea Shelter automatisk utl\u00f8se EPIRB din og sende et signal til et verdensomspennende nettverk av s\u00f8k- og redningssatellitter. Denne braketten passer kun til GlobalFix \u2122 V4, GlobalFix \u2122 V5 og GlobalFix \u2122 V6 EPIRB-er.  <\/p>\n<p>MERK: Sea Shelter \u2122-utskiftningsbraketten (delenummer 2832) inkluderer ikke den hydrostatiske utl\u00f8serenheten (HRU). HRU-en (delenummer 9490.1) m\u00e5 bestilles separat. <\/p>\n","protected":false},"featured_media":152369,"template":"","meta":{"_acf_changed":false,"om_disable_all_campaigns":false},"product_brand":[],"product_cat":[5858,5865,5635,5860,5862,6553],"product_tag":[7118,7119,7136,6560,5640,7126,7128,7124,7130,6555,7120,7132,7134],"class_list":{"0":"post-152366","1":"product","2":"type-product","3":"status-publish","4":"has-post-thumbnail","6":"product_cat-inn-i-landet-no","7":"product_cat-kommersiell-no-2","8":"product_cat-marine-no","9":"product_cat-naer-kysten","10":"product_cat-offshore-no","11":"product_cat-sikkerhetstilbehor","12":"product_tag-akr-no","13":"product_tag-artex-no","14":"product_tag-automatisk-distribusjonsbrakett","15":"product_tag-brakett","16":"product_tag-epirb-no","17":"product_tag-epirb-brakett","18":"product_tag-kat-i-epirb-brakett","19":"product_tag-kategori-1-no","20":"product_tag-katt-1-no","21":"product_tag-rlb-41-no","22":"product_tag-sea-shelter-no","23":"product_tag-sjo","24":"product_tag-sjoly","25":"pa_boat-size-0-20-no","26":"pa_boat-size-21-40-no","27":"pa_boat-size-40-80-no","28":"pa_boat-size-80-no","29":"pa_boat-type-charteryacht","30":"pa_boat-type-kommersielt-fiske","31":"pa_boat-type-lasteskip","32":"pa_boat-type-motorbat-no","33":"pa_boat-type-seilbat","34":"pa_boat-type-slepebat","35":"pa_boat-type-sportcraft-no","36":"pa_boat-type-yacht-no","37":"pa_product-rescue-beacons-no","38":"pa_product-rescue-beacons-vhf-sart-no","39":"pa_product-sikkerhetstilbehor","41":"first","42":"instock","43":"taxable","44":"shipping-taxable","45":"purchasable","46":"product-type-simple"},"acf":[],"_links":{"self":[{"href":"https:\/\/www.acrartex.com\/no\/wp-json\/wp\/v2\/product\/152366","targetHints":{"allow":["GET"]}}],"collection":[{"href":"https:\/\/www.acrartex.com\/no\/wp-json\/wp\/v2\/product"}],"about":[{"href":"https:\/\/www.acrartex.com\/no\/wp-json\/wp\/v2\/types\/product"}],"wp:featuredmedia":[{"embeddable":true,"href":"https:\/\/www.acrartex.com\/no\/wp-json\/wp\/v2\/media\/152369"}],"wp:attachment":[{"href":"https:\/\/www.acrartex.com\/no\/wp-json\/wp\/v2\/media?parent=152366"}],"wp:term":[{"taxonomy":"product_brand","embeddable":true,"href":"https:\/\/www.acrartex.com\/no\/wp-json\/wp\/v2\/product_brand?post=152366"},{"taxonomy":"product_cat","embeddable":true,"href":"https:\/\/www.acrartex.com\/no\/wp-json\/wp\/v2\/product_cat?post=152366"},{"taxonomy":"product_tag","embeddable":true,"href":"https:\/\/www.acrartex.com\/no\/wp-json\/wp\/v2\/product_tag?post=152366"}],"curies":[{"name":"wp","href":"https:\/\/api.w.org\/{rel}","templated":true}]}}