{"id":152313,"date":"2021-03-16T08:14:14","date_gmt":"2021-03-16T13:14:14","guid":{"rendered":"https:\/\/www.acrartex.com\/products\/fjernbryter-cessna\/"},"modified":"2021-03-16T08:14:14","modified_gmt":"2021-03-16T13:14:14","slug":"fjernbryter-cessna","status":"publish","type":"product","link":"https:\/\/www.acrartex.com\/no\/products\/fjernbryter-cessna\/","title":{"rendered":"Fjernbryter \u2013 Cessna"},"content":{"rendered":"","protected":false},"excerpt":{"rendered":"<p>Denne fjernbryteren ble designet for \u00e5 oppfylle Cessnas krav om \u00e5 matche fargen p\u00e5 bryterdekselet med fargen p\u00e5 instrumentpanelet.<\/p>\n<p>&nbsp;<\/p>\n","protected":false},"featured_media":152314,"template":"","meta":{"_acf_changed":false,"om_disable_all_campaigns":false},"product_brand":[],"product_cat":[2925],"product_tag":[7012,7006,7011,7010,6893,6764,6762,6766,6236,7007,7008,6760,7009],"class_list":{"0":"post-152313","1":"product","2":"type-product","3":"status-publish","4":"has-post-thumbnail","6":"product_cat-uncategorized-no","7":"product_tag-boeing-elt-bryter","8":"product_tag-boeing-elt-panel-no","9":"product_tag-cessna-elt-bryter","10":"product_tag-elt-fjernbryter","11":"product_tag-fjernbryter","12":"product_tag-fjernbryter-cessna","13":"product_tag-fjernbryter-oem","14":"product_tag-fjernbryterlaering","15":"product_tag-fjernkontroll","16":"product_tag-laer-elt-bryter","17":"product_tag-laerbryter-elt","18":"product_tag-oem-elt-fjernbryter","19":"product_tag-oem-bryter","21":"first","22":"instock","23":"taxable","24":"shipping-taxable","25":"product-type-simple"},"acf":[],"_links":{"self":[{"href":"https:\/\/www.acrartex.com\/no\/wp-json\/wp\/v2\/product\/152313","targetHints":{"allow":["GET"]}}],"collection":[{"href":"https:\/\/www.acrartex.com\/no\/wp-json\/wp\/v2\/product"}],"about":[{"href":"https:\/\/www.acrartex.com\/no\/wp-json\/wp\/v2\/types\/product"}],"wp:featuredmedia":[{"embeddable":true,"href":"https:\/\/www.acrartex.com\/no\/wp-json\/wp\/v2\/media\/152314"}],"wp:attachment":[{"href":"https:\/\/www.acrartex.com\/no\/wp-json\/wp\/v2\/media?parent=152313"}],"wp:term":[{"taxonomy":"product_brand","embeddable":true,"href":"https:\/\/www.acrartex.com\/no\/wp-json\/wp\/v2\/product_brand?post=152313"},{"taxonomy":"product_cat","embeddable":true,"href":"https:\/\/www.acrartex.com\/no\/wp-json\/wp\/v2\/product_cat?post=152313"},{"taxonomy":"product_tag","embeddable":true,"href":"https:\/\/www.acrartex.com\/no\/wp-json\/wp\/v2\/product_tag?post=152313"}],"curies":[{"name":"wp","href":"https:\/\/api.w.org\/{rel}","templated":true}]}}