{"id":152278,"date":"2021-03-16T08:14:18","date_gmt":"2021-03-16T13:14:18","guid":{"rendered":"https:\/\/www.acrartex.com\/products\/fjernbryter-me406-ace-455-0023\/"},"modified":"2021-03-16T08:14:18","modified_gmt":"2021-03-16T13:14:18","slug":"fjernbryter-me406-ace-455-0023","status":"publish","type":"product","link":"https:\/\/www.acrartex.com\/no\/products\/fjernbryter-me406-ace-455-0023\/","title":{"rendered":"Fjernbryter, ME406 ACE 455-0023"},"content":{"rendered":"<p>Fjernbryteren inneholder et lite litiumbatteri med 5 \u00e5rs levetid som driver LED-lampen p\u00e5 fjernbryteren, slik at ELT systemet kan v\u00e6re uavhengig av flyets str\u00f8m. Baksiden av fjernbryteren inneholder kontakten for den allerede installerte og gjenbrukte &#8220;telefonledningen&#8221; til ACK- eller Ameri-King ELT installasjonen. <\/p>\n","protected":false},"excerpt":{"rendered":"<p>Denne fjernbryteren inneholder et lite litiumbatteri med 5 \u00e5rs levetid som er utviklet for \u00e5 drive LED-lampen p\u00e5 fjernbryteren, slik at ELT systemet kan v\u00e6re uavhengig av flyets str\u00f8m. Baksiden av fjernbryteren inneholder kontakten for den allerede installerte og gjenbrukte &#8220;telefonledningen&#8221; til ACK- eller Ameri-King ELT installasjonen. Fjernbryteren for ME406 ACE passer n\u00f8yaktig inn i utsparingen p\u00e5 ACK ELT fjernbryteren p\u00e5 flyets instrumentpanel. For oppgraderinger av Ameri-King ELT systemet m\u00e5 imidlertid utsparingen tilpasses noe.  <\/p>\n<p>&nbsp;<\/p>\n","protected":false},"featured_media":152281,"template":"","meta":{"_acf_changed":false,"om_disable_all_campaigns":false},"product_brand":[],"product_cat":[5571],"product_tag":[6920,6922,6918,6214,6893,6236,6777,6916,6776,6923,6921,6925],"class_list":{"0":"post-152278","1":"product","2":"type-product","3":"status-publish","4":"has-post-thumbnail","6":"product_cat-luftfart","7":"product_tag-453-0023-no","8":"product_tag-artikkelnr-453-0023","9":"product_tag-delenummer-453-0023","10":"product_tag-elt-fjernbrytere","11":"product_tag-fjernbryter","12":"product_tag-fjernkontroll","13":"product_tag-fjernkontroll-for-naersyn","14":"product_tag-fjernkontrolltestbryter","15":"product_tag-nvg-fjernbryter","16":"product_tag-pn453-0023-no","17":"product_tag-varenummer-453-0023","18":"product_tag-varenummer-453-0023-no","20":"first","21":"instock","22":"taxable","23":"shipping-taxable","24":"product-type-simple"},"acf":[],"_links":{"self":[{"href":"https:\/\/www.acrartex.com\/no\/wp-json\/wp\/v2\/product\/152278","targetHints":{"allow":["GET"]}}],"collection":[{"href":"https:\/\/www.acrartex.com\/no\/wp-json\/wp\/v2\/product"}],"about":[{"href":"https:\/\/www.acrartex.com\/no\/wp-json\/wp\/v2\/types\/product"}],"wp:featuredmedia":[{"embeddable":true,"href":"https:\/\/www.acrartex.com\/no\/wp-json\/wp\/v2\/media\/152281"}],"wp:attachment":[{"href":"https:\/\/www.acrartex.com\/no\/wp-json\/wp\/v2\/media?parent=152278"}],"wp:term":[{"taxonomy":"product_brand","embeddable":true,"href":"https:\/\/www.acrartex.com\/no\/wp-json\/wp\/v2\/product_brand?post=152278"},{"taxonomy":"product_cat","embeddable":true,"href":"https:\/\/www.acrartex.com\/no\/wp-json\/wp\/v2\/product_cat?post=152278"},{"taxonomy":"product_tag","embeddable":true,"href":"https:\/\/www.acrartex.com\/no\/wp-json\/wp\/v2\/product_tag?post=152278"}],"curies":[{"name":"wp","href":"https:\/\/api.w.org\/{rel}","templated":true}]}}