{"id":152221,"date":"2021-03-16T08:13:07","date_gmt":"2021-03-16T13:13:07","guid":{"rendered":"https:\/\/www.acrartex.com\/products\/sea-shelter-3-cat-i-epirb-brakett\/"},"modified":"2025-07-29T15:01:59","modified_gmt":"2025-07-29T20:01:59","slug":"sea-shelter-3-cat-i-epirb-brakett","status":"publish","type":"product","link":"https:\/\/www.acrartex.com\/no\/products\/sea-shelter-3-cat-i-epirb-brakett\/","title":{"rendered":"Sea Shelter \u2122 3 Cat I EPIRB -brakett"},"content":{"rendered":"<ul>\n<li>Innovativ, hurtigbyttelig hydrostatisk utl\u00f8sermekanisme<\/li>\n<li>Enveismontering eliminerer muligheten for \u00e5 installere EPIRB baklengs<\/li>\n<li>Integrert deaktiveringsmagnet hindrer EPIRB i \u00e5 sende f\u00f8r den er utl\u00f8st<\/li>\n<li>Utl\u00f8ser EPIRB n\u00e5r den er nedsenket i vann p\u00e5 en dybde mellom 1,5 og 4 meter<\/li>\n<\/ul>\n","protected":false},"excerpt":{"rendered":"<p>T\u00f8ffe forhold har ikke en sjanse mot Sea Shelter \u2122 3 Cat I. Denne EPIRB braketten er fullstendig lukket, noe som gir beskyttelse selv under dine villeste eventyr. Skulle fart\u00f8yet ditt begynne \u00e5 ta inn vann, vil Sea Shelter automatisk utl\u00f8se EPIRB din og sende et signal til et verdensomspennende nettverk av s\u00f8k- og redningssatellitter. <\/p>\n<p>&nbsp;<\/p>\n<p>Denne EPIRB braketten fungerer med f\u00f8lgende produkter:<\/p>\n<ul>\n<li>GlobalFix \u2122 iPRO (RLB-36)<\/li>\n<li>GlobalFix \u2122 PRO (RLB-37)<\/li>\n<li>SATELLITT 3 406\u2122 (RLB-38)<\/li>\n<\/ul>\n<p>MERK: Sea Shelter \u2122 3-erstatningsbraketten (delenummer 9501) inkluderer ikke hydrostatisk utl\u00f8serenhet (HRU). HRU-en (delenummer 9490.1) m\u00e5 bestilles separat. <\/p>\n<p>&nbsp;<\/p>\n<p>&nbsp;<\/p>\n","protected":false},"featured_media":152222,"template":"","meta":{"_acf_changed":false,"om_disable_all_campaigns":false},"product_brand":[],"product_cat":[5858,5865,5635,5860,5862],"product_tag":[6809,6817,6810,6816,6818,6814,6812,6815,6819,6820,6823,6824,6821,6822,6808,6813,6811],"class_list":{"0":"post-152221","1":"product","2":"type-product","3":"status-publish","4":"has-post-thumbnail","6":"product_cat-inn-i-landet-no","7":"product_cat-kommersiell-no-2","8":"product_cat-marine-no","9":"product_cat-naer-kysten","10":"product_cat-offshore-no","11":"product_tag-406-mhz-brakett","12":"product_tag-acr-kategori-1-no","13":"product_tag-acr-brakett","14":"product_tag-acr-kat-i","15":"product_tag-automatisk-utloser-epirb","16":"product_tag-batsikkerhet","17":"product_tag-cospas-sarsat-no","18":"product_tag-epirb-kategori-1","19":"product_tag-hydrostatisk-frigjoring-epirb","20":"product_tag-hydrostatisk-utloserbrakett","21":"product_tag-kategori-1-epirb-no","22":"product_tag-kategori-1-epirobs-no","23":"product_tag-kategori-1-gruppe","24":"product_tag-kategori-i-gruppe","25":"product_tag-katt-i-no","26":"product_tag-seilsikkerhet","27":"product_tag-torr-epirb-no","28":"pa_boat-size-0-20-no","29":"pa_boat-size-21-40-no","30":"pa_boat-size-40-80-no","31":"pa_boat-size-80-no","32":"pa_boat-type-charteryacht","33":"pa_boat-type-kommersielt-fiske","34":"pa_boat-type-lasteskip","35":"pa_boat-type-motorbat-no","36":"pa_boat-type-seilbat","37":"pa_boat-type-slepebat","38":"pa_boat-type-sportcraft-no","39":"pa_boat-type-yacht-no","40":"pa_product-rescue-beacons-no","41":"pa_product-rescue-beacons-vhf-sart-no","42":"pa_product-sikkerhetstilbehor","44":"first","45":"outofstock","46":"taxable","47":"shipping-taxable","48":"purchasable","49":"product-type-simple"},"acf":[],"_links":{"self":[{"href":"https:\/\/www.acrartex.com\/no\/wp-json\/wp\/v2\/product\/152221","targetHints":{"allow":["GET"]}}],"collection":[{"href":"https:\/\/www.acrartex.com\/no\/wp-json\/wp\/v2\/product"}],"about":[{"href":"https:\/\/www.acrartex.com\/no\/wp-json\/wp\/v2\/types\/product"}],"wp:featuredmedia":[{"embeddable":true,"href":"https:\/\/www.acrartex.com\/no\/wp-json\/wp\/v2\/media\/152222"}],"wp:attachment":[{"href":"https:\/\/www.acrartex.com\/no\/wp-json\/wp\/v2\/media?parent=152221"}],"wp:term":[{"taxonomy":"product_brand","embeddable":true,"href":"https:\/\/www.acrartex.com\/no\/wp-json\/wp\/v2\/product_brand?post=152221"},{"taxonomy":"product_cat","embeddable":true,"href":"https:\/\/www.acrartex.com\/no\/wp-json\/wp\/v2\/product_cat?post=152221"},{"taxonomy":"product_tag","embeddable":true,"href":"https:\/\/www.acrartex.com\/no\/wp-json\/wp\/v2\/product_tag?post=152221"}],"curies":[{"name":"wp","href":"https:\/\/api.w.org\/{rel}","templated":true}]}}