{"id":152133,"date":"2021-03-16T08:13:16","date_gmt":"2021-03-16T13:13:16","guid":{"rendered":"https:\/\/www.acrartex.com\/products\/globalfix-v4-manuell-utloserbrakett\/"},"modified":"2025-07-29T14:57:18","modified_gmt":"2025-07-29T19:57:18","slug":"globalfix-v4-manuell-utloserbrakett","status":"publish","type":"product","link":"https:\/\/www.acrartex.com\/no\/products\/globalfix-v4-manuell-utloserbrakett\/","title":{"rendered":"GlobalFix V4 manuell utl\u00f8serbrakett"},"content":{"rendered":"<ul>\n<li>Enveismontering eliminerer muligheten for \u00e5 installere EPIRB baklengs<\/li>\n<li>Integrert deaktiveringsmagnet hindrer EPIRB i \u00e5 sende f\u00f8r den er utl\u00f8st<\/li>\n<li>Fungerer med ACR GlobalFix \u2122 V4 (RLB-41)<\/li>\n<\/ul>\n","protected":false},"excerpt":{"rendered":"<p>S\u00f8rg for ekstra sikkerhet til sj\u00f8s med GlobalFix V4 manuell utl\u00f8serbrakett. Denne EPIRB braketten vil oppbevare EPIRB din sikkert, uansett hvor eventyrene dine f\u00f8rer deg. Skulle du st\u00f8te p\u00e5 en b\u00e5tn\u00f8dsituasjon, gir GlobalFix V4-braketten en hurtigutl\u00f8ser, slik at du raskt og enkelt kan sende et signal til s\u00f8k- og redningssatellitter. Denne braketten passer kun til GlobalFix \u2122 V4 EPIRB-er.   <\/p>\n<p>&nbsp;<\/p>\n<p>&nbsp;<\/p>\n<p>&nbsp;<\/p>\n","protected":false},"featured_media":152139,"template":"","meta":{"_acf_changed":false,"om_disable_all_campaigns":false},"product_brand":[],"product_cat":[5858,5865,5635,5860,5862,6553],"product_tag":[6560,6569,6577,6555,6566,6562,6573],"class_list":{"0":"post-152133","1":"product","2":"type-product","3":"status-publish","4":"has-post-thumbnail","6":"product_cat-inn-i-landet-no","7":"product_cat-kommersiell-no-2","8":"product_cat-marine-no","9":"product_cat-naer-kysten","10":"product_cat-offshore-no","11":"product_cat-sikkerhetstilbehor","12":"product_tag-brakett","13":"product_tag-kategori-2-no","14":"product_tag-rlb-no","15":"product_tag-rlb-41-no","16":"product_tag-rlb-41-kategori-ii-no","17":"product_tag-rlb-41-kategori-ii-manuell-utloserbrakett","18":"product_tag-utloserbrakett","19":"pa_boat-size-0-20-no","20":"pa_boat-size-21-40-no","21":"pa_boat-size-40-80-no","22":"pa_boat-size-80-no","23":"pa_boat-type-charteryacht","24":"pa_boat-type-kommersielt-fiske","25":"pa_boat-type-lasteskip","26":"pa_boat-type-motorbat-no","27":"pa_boat-type-seilbat","28":"pa_boat-type-slepebat","29":"pa_boat-type-sportcraft-no","30":"pa_boat-type-yacht-no","31":"pa_product-rescue-beacons-no","32":"pa_product-rescue-beacons-vhf-sart-no","33":"pa_product-sikkerhetstilbehor","35":"first","36":"onbackorder","37":"taxable","38":"shipping-taxable","39":"purchasable","40":"product-type-simple"},"acf":[],"_links":{"self":[{"href":"https:\/\/www.acrartex.com\/no\/wp-json\/wp\/v2\/product\/152133","targetHints":{"allow":["GET"]}}],"collection":[{"href":"https:\/\/www.acrartex.com\/no\/wp-json\/wp\/v2\/product"}],"about":[{"href":"https:\/\/www.acrartex.com\/no\/wp-json\/wp\/v2\/types\/product"}],"wp:featuredmedia":[{"embeddable":true,"href":"https:\/\/www.acrartex.com\/no\/wp-json\/wp\/v2\/media\/152139"}],"wp:attachment":[{"href":"https:\/\/www.acrartex.com\/no\/wp-json\/wp\/v2\/media?parent=152133"}],"wp:term":[{"taxonomy":"product_brand","embeddable":true,"href":"https:\/\/www.acrartex.com\/no\/wp-json\/wp\/v2\/product_brand?post=152133"},{"taxonomy":"product_cat","embeddable":true,"href":"https:\/\/www.acrartex.com\/no\/wp-json\/wp\/v2\/product_cat?post=152133"},{"taxonomy":"product_tag","embeddable":true,"href":"https:\/\/www.acrartex.com\/no\/wp-json\/wp\/v2\/product_tag?post=152133"}],"curies":[{"name":"wp","href":"https:\/\/api.w.org\/{rel}","templated":true}]}}