{"id":152046,"date":"2021-03-16T08:13:54","date_gmt":"2021-03-16T13:13:54","guid":{"rendered":"https:\/\/www.acrartex.com\/products\/fjernbryter-standard-8304\/"},"modified":"2021-03-16T08:13:54","modified_gmt":"2021-03-16T13:13:54","slug":"fjernbryter-standard-8304","status":"publish","type":"product","link":"https:\/\/www.acrartex.com\/no\/products\/fjernbryter-standard-8304\/","title":{"rendered":"Fjernbryter, standard 8304"},"content":{"rendered":"","protected":false},"excerpt":{"rendered":"<p>Denne fjernbryteren ble utviklet for \u00e5 redusere installasjonskostnadene og gi plass til 2-tr\u00e5dsinstallasjoner som brukes p\u00e5 de utdaterte 121,5 MHz ELT-ene. Selv om 3-posisjonsbryteren alltid er satt til standard ARMED-modus, kan du endre innstillingene for enten \u00e5 teste ELT eller aktivere den fra cockpiten. <\/p>\n","protected":false},"featured_media":152062,"template":"","meta":{"_acf_changed":false,"om_disable_all_campaigns":false},"product_brand":[],"product_cat":[2925],"product_tag":[6227,6233,6239,6223,6219,6214,6236,6230],"class_list":{"0":"post-152046","1":"product","2":"type-product","3":"status-publish","4":"has-post-thumbnail","6":"product_cat-uncategorized-no","7":"product_tag-8304-no","8":"product_tag-artikkelnr-8304","9":"product_tag-brytere","10":"product_tag-delenummer-8304","11":"product_tag-elt-1000-fjernbryter","12":"product_tag-elt-fjernbrytere","13":"product_tag-fjernkontroll","14":"product_tag-varenummer-345-6196","16":"first","17":"instock","18":"taxable","19":"shipping-taxable","20":"product-type-simple"},"acf":[],"_links":{"self":[{"href":"https:\/\/www.acrartex.com\/no\/wp-json\/wp\/v2\/product\/152046","targetHints":{"allow":["GET"]}}],"collection":[{"href":"https:\/\/www.acrartex.com\/no\/wp-json\/wp\/v2\/product"}],"about":[{"href":"https:\/\/www.acrartex.com\/no\/wp-json\/wp\/v2\/types\/product"}],"wp:featuredmedia":[{"embeddable":true,"href":"https:\/\/www.acrartex.com\/no\/wp-json\/wp\/v2\/media\/152062"}],"wp:attachment":[{"href":"https:\/\/www.acrartex.com\/no\/wp-json\/wp\/v2\/media?parent=152046"}],"wp:term":[{"taxonomy":"product_brand","embeddable":true,"href":"https:\/\/www.acrartex.com\/no\/wp-json\/wp\/v2\/product_brand?post=152046"},{"taxonomy":"product_cat","embeddable":true,"href":"https:\/\/www.acrartex.com\/no\/wp-json\/wp\/v2\/product_cat?post=152046"},{"taxonomy":"product_tag","embeddable":true,"href":"https:\/\/www.acrartex.com\/no\/wp-json\/wp\/v2\/product_tag?post=152046"}],"curies":[{"name":"wp","href":"https:\/\/api.w.org\/{rel}","templated":true}]}}