{"id":152036,"date":"2021-03-16T08:13:31","date_gmt":"2021-03-16T13:13:31","guid":{"rendered":"https:\/\/www.acrartex.com\/products\/resqlink-2\/"},"modified":"2021-03-16T08:13:31","modified_gmt":"2021-03-16T13:13:31","slug":"resqlink-2","status":"publish","type":"product","link":"https:\/\/www.acrartex.com\/no\/products\/resqlink-2\/","title":{"rendered":"ResQLink \u2122+"},"content":{"rendered":"<p><a href=\"https:\/\/www.acrartex.com\/products\/resqlink-view\/\"><em><strong>Dette produktet har blitt oppgradert.  <\/strong><\/em><\/a><\/p>\n<p>Med en vekt p\u00e5 140 g og en tykkelse p\u00e5 bare 11,4 cm er ResQLink + b\u00e5de en liten og flytende Personal Locator Beacon . Liten nok til \u00e5 kunne b\u00e6res i lommen, festes til en ryggsekk eller oppbevares i en oppbl\u00e5sbar redningsvest. <\/p>\n<p>Med tre niv\u00e5er av integrert signalteknologi \u2013 GPS posisjonering, et kraftig 406 MHz-signal og 121,5 MHz-m\u00e5ls\u00f8kingsfunksjon \u2013 formidler ResQLink +\u2122 raskt og n\u00f8yaktig posisjonen din til et verdensomspennende nettverk av s\u00f8k- og redningssatellitter. Et innebygd strobelys gir god sikt under redningsaksjoner om natten. <\/p>\n<p>PLB-er har blitt bevist, pr\u00f8vd og er sanne p\u00e5 noen av verdens mest avsidesliggende steder og under farlige forhold. Bare sp\u00f8r de rundt 400 pilotene, b\u00e5tfolket og villmarksutforskerne som ble reddet av en PLB under et strengt testprogram i Alaska. Basert i stor grad p\u00e5 testresultatene godkjente den f\u00f8derale regjeringen bruken av PLB-er i USA i 2003.  <\/p>\n<p>Selv under ekstreme forhold og situasjoner aktiveres ResQLink + enkelt. Bare utl\u00f8s antennen og trykk p\u00e5 P\u00c5-knappen. Med sin kraftige 66-kanals GPS veileder ResQLink +\u2122 redningsmannskaper innenfor 100 meter eller mindre fra din posisjon. Og i det kontinentale USA blir s\u00f8k- og redningspersonell vanligvis varslet om din posisjon p\u00e5 s\u00e5 lite som fem minutter med en GPS -aktivert PLB som ResQLink +.   <\/p>\n<p>To innebygde tester lar deg rutinemessig bekrefte at ResQLink + fungerer og er klar til bruk \u2013 med et knappetrykk kan du enkelt teste intern elektronikk og GPS funksjonalitet.<\/p>\n<ul>\n<li>Oppdrift<\/li>\n<li>Ingen abonnementsavgifter<\/li>\n<li>Supersterk LED-strobe<\/li>\n<li>Innebygd 66-kanals GPS<\/li>\n<li>Selvtest- og GPS -testfunksjoner<\/li>\n<li>Typisk ytelse 30 timer<\/li>\n<li>Ikke-farlig batteri<\/li>\n<li>Laget i USA<\/li>\n<li>Hvis du bruker den &#8230; erstatter vi den <a href=\"http:\/\/www.survivorclub.com\/\">kostnadsfritt<\/a> . Bare send inn historien din p\u00e5 Survivor Club lenken v\u00e5r, send oss \u200b\u200btilbake den brukte beaconen din slik at vi kan f\u00e5 den montert p\u00e5 v\u00e5r Wall of Fame, og vi sender deg en helt ny beacon av samme eller h\u00f8yere verdi. <\/li>\n<\/ul>\n<p>Tagger: Personal Locator Beacon , PLB , PLB-er, 406 MHz, SurvivorClub, Flyter, Oppdriftslys, Strobelys, N\u00f8dsignal, Ingen abonnement, Personlig EPIRB , GPS lokalisering<\/p>\n","protected":false},"excerpt":{"rendered":"<p><em><strong>Dette produktet har blitt oppgradert. <a href=\"https:\/\/www.acrartex.com\/products\/resqlink-view\/\">Klikk her<\/a> for tilgjengelige oppgraderinger.<\/strong><\/em><\/p>\n<p>Den er kanskje liten, men den er t\u00f8ff. ResQLink \u2122+ Personal Locator Beacon ( PLB ) er en flytende, GPS -aktivert redningssender som er egnet for utend\u00f8rseventyr i alle st\u00f8rrelser (tenk: alt fra fotturer og sykling til jakt og fiske). Skulle du st\u00f8te p\u00e5 en uventet overlevelsessituasjon, vil ResQLink + PLB videresende posisjonen din til et nettverk av s\u00f8ke- og redningssatellitter, slik at lokale f\u00f8rstehjelpere enklere kan f\u00e5 deg trygt hjem.  <\/p>\n<p><strong>V\u00e6r forberedt p\u00e5 det uforutsigbare!<\/strong><\/p>\n<p>&nbsp;<\/p>\n<ul>\n<li>Oppdrift<\/li>\n<li>LED-strobelys<\/li>\n<li>Selvtest<\/li>\n<li>66-kanals GPS<\/li>\n<li>Enkel n\u00f8daktivering<\/li>\n<li>Antenneklips<\/li>\n<\/ul>\n<p style=\"margin-left: 0in; margin-right: 0in;\"><span style=\"font-size: 11pt;\"><span style=\"font-family: Calibri,sans-serif;\"><a style=\"color: blue; text-decoration: underline;\" href=\"https:\/\/www.dropbox.com\/s\/ezakylsa2478sav\/Prop%2065%20-%20DINP%20and%20BPA.pdf?dl=0\"><span style=\"color: #000000;\">ADVARSEL: FORSLAG 65<\/span><\/a><\/span><\/span><\/p>\n<p style=\"margin-left: 0in; margin-right: 0in;\">\n","protected":false},"featured_media":152037,"template":"","meta":{"_acf_changed":false,"om_disable_all_campaigns":false},"product_brand":[],"product_cat":[5869,5887,5867,5876,5858,5865,5571,5883,5635,5855,5860,5862,5873,5880,5870,5884,5686],"product_tag":[5577,6179,6188,6189,6194,6181,6182,6184,6195,6180,6185,6190,6193,6192,6187,6197,6196,6186,5693,5689,5901,5899,5888,6183,6191],"class_list":{"0":"post-152036","1":"product","2":"type-product","3":"status-publish","4":"has-post-thumbnail","6":"product_cat-actionsport-offroad-no","7":"product_cat-bakken-spesialstyrker-no","8":"product_cat-fotturer-klatring-leir-no","9":"product_cat-generell-luftfart-no","10":"product_cat-inn-i-landet-no","11":"product_cat-kommersiell-no-2","12":"product_cat-luftfart","13":"product_cat-luftpatrulje-no","14":"product_cat-marine-no","15":"product_cat-militaer","16":"product_cat-naer-kysten","17":"product_cat-offshore-no","18":"product_cat-padlesport-fiske","19":"product_cat-politi-kommune","20":"product_cat-reiseutstyr","21":"product_cat-sjostyrker","22":"product_cat-utendors","23":"product_tag-406-no","24":"product_tag-406-mhz-no","25":"product_tag-66-kanaler-no","26":"product_tag-enkel-aktivering-no","27":"product_tag-fiske-no","28":"product_tag-flytende","29":"product_tag-flytende-plb","30":"product_tag-flyter","31":"product_tag-forstehjelpere","32":"product_tag-fyrtarn","33":"product_tag-gps-lokalisering-no","34":"product_tag-gult-fyrtarn","35":"product_tag-jakt-no","36":"product_tag-klatring","37":"product_tag-lite-fyrtarn","38":"product_tag-livreddende-utstyr","39":"product_tag-overlevelsesfyr","40":"product_tag-personlig-epirb","41":"product_tag-personlig-lokaliseringsfyr","42":"product_tag-plb-no","43":"product_tag-plb-375-no","44":"product_tag-plb375-no-2","45":"product_tag-resqlink-no","46":"product_tag-resqlink-pluss","47":"product_tag-tursti","48":"pa_product-arv-no","50":"first","51":"outofstock","52":"taxable","53":"shipping-taxable","54":"product-type-simple"},"acf":[],"_links":{"self":[{"href":"https:\/\/www.acrartex.com\/no\/wp-json\/wp\/v2\/product\/152036","targetHints":{"allow":["GET"]}}],"collection":[{"href":"https:\/\/www.acrartex.com\/no\/wp-json\/wp\/v2\/product"}],"about":[{"href":"https:\/\/www.acrartex.com\/no\/wp-json\/wp\/v2\/types\/product"}],"wp:featuredmedia":[{"embeddable":true,"href":"https:\/\/www.acrartex.com\/no\/wp-json\/wp\/v2\/media\/152037"}],"wp:attachment":[{"href":"https:\/\/www.acrartex.com\/no\/wp-json\/wp\/v2\/media?parent=152036"}],"wp:term":[{"taxonomy":"product_brand","embeddable":true,"href":"https:\/\/www.acrartex.com\/no\/wp-json\/wp\/v2\/product_brand?post=152036"},{"taxonomy":"product_cat","embeddable":true,"href":"https:\/\/www.acrartex.com\/no\/wp-json\/wp\/v2\/product_cat?post=152036"},{"taxonomy":"product_tag","embeddable":true,"href":"https:\/\/www.acrartex.com\/no\/wp-json\/wp\/v2\/product_tag?post=152036"}],"curies":[{"name":"wp","href":"https:\/\/api.w.org\/{rel}","templated":true}]}}