{"id":152009,"date":"2021-03-16T08:13:46","date_gmt":"2021-03-16T13:13:46","guid":{"rendered":"https:\/\/www.acrartex.com\/products\/aqualink\/"},"modified":"2021-03-16T08:13:46","modified_gmt":"2021-03-16T13:13:46","slug":"aqualink","status":"publish","type":"product","link":"https:\/\/www.acrartex.com\/no\/products\/aqualink\/","title":{"rendered":"AquaLink\u2122"},"content":{"rendered":"<p><em><strong><a href=\"https:\/\/www.acrartex.com\/products\/resqlink-400\/\">Dette produktet har blitt oppgradert. <\/a> <\/strong><\/em><\/p>\n<p>AquaLink\u2122 sender ut et unikt registrert n\u00f8dsignal som ikke bare forteller redningsmannskapene hvor du er, men ogs\u00e5 hvem du er. Den innebygde GPS kan fastsette posisjonen din innenfor 100 meter og bruker deretter et kraftig 406 MHz-signal til \u00e5 videresende n\u00f8danropet til satellitter i bane. N\u00e5r lokal s\u00f8k og redning utplasseres, veileder et separat m\u00e5ls\u00f8kingssignal og integrert LED-strobelys redningsmannskapene til din n\u00f8yaktige posisjon.  <\/p>\n<p>&nbsp;<\/p>\n<p>AquaLink\u2122 er liten nok til \u00e5 enkelt kunne b\u00e6res i en sekk eller lomme, eller den kan brukes p\u00e5 dekk, ved roret, i redningsvest eller p\u00e5 en redningsvest, og den vil flyte hvis den ved et uhell mistes over bord. Ved \u00e5 utf\u00f8re en full funksjonell selvtest av PLB -ens interne kretser, batterispenning og -str\u00f8m og 406 MHz-overf\u00f8ring f\u00e5r du tryggheten i vissheten om at PLB din vil fungere n\u00e5r du trenger den mest. <\/p>\n<p>&nbsp;<\/p>\n<p>ACR eksklusivt: Innebygd GPS innsamlingstestmodus lar deg teste GPS funksjonaliteten opptil 12 ganger i l\u00f8pet av batteriets levetid. Benytt deg av den samme felttestede redningsteknologien som brukes av det amerikanske milit\u00e6ret, kystvakten, NATOs spesialstyrker og arktiske oppdagere. <\/p>\n<p>&nbsp;<\/p>\n<ul>\n<li>Ingen abonnementsavgifter<\/li>\n<li>Flyter<\/li>\n<li>Supersterk LED-strobe<\/li>\n<li>Innebygd 66-kanals GPS<\/li>\n<li>Selvtest- og GPS -testfunksjoner<\/li>\n<li>Typisk ytelse 35 timer<\/li>\n<li>Ikke-farlig batteri<\/li>\n<li>Laget i USA<\/li>\n<\/ul>\n<p>&nbsp;<\/p>\n<p>Hvis du bruker den, erstatter vi den kostnadsfritt. Bare send inn din overlevelseshistorie, send oss \u200b\u200btilbake den brukte beaconen, s\u00e5 sender vi deg den nyeste versjonen av livreddende enheten din. <\/p>\n","protected":false},"excerpt":{"rendered":"<p><em><strong>Dette produktet har blitt oppgradert. <a href=\"https:\/\/www.acrartex.com\/products\/resqlink-400\/\">Klikk her<\/a> for tilgjengelige oppgraderinger<\/strong><\/em><\/p>\n<p>#PrepLikeAPro med AquaLink\u2122 PLB . Denne redningsfyren er liten nok til \u00e5 b\u00e6res i lommen, men likevel sterk nok til \u00e5 formidle posisjonen din n\u00f8yaktig til et nettverk av s\u00f8ke- og redningssatellitter, hvis det skulle oppst\u00e5 en b\u00e5tn\u00f8dsituasjon. Ha trygghet i vissheten om at denne personlige n\u00f8dfyren konsekvent tar \u00abs\u00f8ket\u00bb ut av \u00abs\u00f8k og redning\u00bb.  <\/p>\n<p>&nbsp;<\/p>\n<p style=\"margin-left: 0in; margin-right: 0in;\"><span style=\"font-size: 11pt;\"><span style=\"font-family: Calibri,sans-serif;\"><a style=\"color: blue; text-decoration: underline;\" href=\"https:\/\/www.dropbox.com\/s\/8343nj28z0d7bxa\/Prop%2065%20-%20BPA.pdf?dl=0\"><span style=\"color: #000000;\">ADVARSEL: FORSLAG 65<\/span><\/a><\/span><\/span><\/p>\n<p style=\"margin-left: 0in; margin-right: 0in;\">\n","protected":false},"featured_media":152010,"template":"","meta":{"_acf_changed":false,"om_disable_all_campaigns":false},"product_brand":[],"product_cat":[5635,5686],"product_tag":[5577,5705,5707,5701,5697,6149,5693,5689,6148,6150,6151,5710],"class_list":{"0":"post-152009","1":"product","2":"type-product","3":"status-publish","4":"has-post-thumbnail","6":"product_cat-marine-no","7":"product_cat-utendors","8":"product_tag-406-no","9":"product_tag-akva","10":"product_tag-aqua-lenke","11":"product_tag-aqualink-no","12":"product_tag-gps-en","13":"product_tag-nodlokalisering-no","14":"product_tag-personlig-lokaliseringsfyr","15":"product_tag-plb-no","16":"product_tag-plb-350-no","17":"product_tag-plb-350b-no","18":"product_tag-plb350b-no","19":"product_tag-vann","20":"pa_product-arv-no","22":"first","23":"outofstock","24":"taxable","25":"shipping-taxable","26":"product-type-simple"},"acf":[],"_links":{"self":[{"href":"https:\/\/www.acrartex.com\/no\/wp-json\/wp\/v2\/product\/152009","targetHints":{"allow":["GET"]}}],"collection":[{"href":"https:\/\/www.acrartex.com\/no\/wp-json\/wp\/v2\/product"}],"about":[{"href":"https:\/\/www.acrartex.com\/no\/wp-json\/wp\/v2\/types\/product"}],"wp:featuredmedia":[{"embeddable":true,"href":"https:\/\/www.acrartex.com\/no\/wp-json\/wp\/v2\/media\/152010"}],"wp:attachment":[{"href":"https:\/\/www.acrartex.com\/no\/wp-json\/wp\/v2\/media?parent=152009"}],"wp:term":[{"taxonomy":"product_brand","embeddable":true,"href":"https:\/\/www.acrartex.com\/no\/wp-json\/wp\/v2\/product_brand?post=152009"},{"taxonomy":"product_cat","embeddable":true,"href":"https:\/\/www.acrartex.com\/no\/wp-json\/wp\/v2\/product_cat?post=152009"},{"taxonomy":"product_tag","embeddable":true,"href":"https:\/\/www.acrartex.com\/no\/wp-json\/wp\/v2\/product_tag?post=152009"}],"curies":[{"name":"wp","href":"https:\/\/api.w.org\/{rel}","templated":true}]}}