{"id":151297,"date":"2021-03-16T08:07:35","date_gmt":"2021-03-16T13:07:35","guid":{"rendered":"https:\/\/www.acrartex.com\/products\/resqlink\/"},"modified":"2021-03-16T08:07:35","modified_gmt":"2021-03-16T13:07:35","slug":"resqlink","status":"publish","type":"product","link":"https:\/\/www.acrartex.com\/no\/products\/resqlink\/","title":{"rendered":"ResQLink \u2122"},"content":{"rendered":"<p><a href=\"https:\/\/www.acrartex.com\/products\/resqlink-400\/\"><em><strong>Dette produktet har blitt oppgradert.<\/strong><\/em><\/a><\/p>\n<p>Med en vekt p\u00e5 113 gram veier ResQLink n\u00f8dsignalet mindre enn et par energibarer. Og med en vekt p\u00e5 bare 9,5 cm er det mindre enn mobiltelefonen i lommen. Sm\u00e5 og kraftige ResQLink \u2122 PLB-er er fulldrevne, GPS -aktiverte redningssignaler designet for sportsfiskere, piloter og idrettsut\u00f8vere i villmarken.  <\/p>\n<p>&nbsp;<\/p>\n<p>Med tre niv\u00e5er av integrert signalteknologi \u2013 GPS posisjonering, et kraftig 406 MHz-signal og 121,5 MHz-m\u00e5ls\u00f8kingsfunksjon \u2013 formidler ResQLink PLB raskt og n\u00f8yaktig posisjonen din til et verdensomspennende nettverk av s\u00f8k- og redningssatellitter. Et innebygd strobelys gir god sikt under redningsaksjoner om natten. <\/p>\n<p>&nbsp;<\/p>\n<p>PLB-er har vist seg \u00e5 v\u00e6re utpr\u00f8vde og effektive p\u00e5 noen av verdens mest avsidesliggende steder og under farlige forhold. Bare sp\u00f8r de rundt 400 pilotene, b\u00e5tfolket og oppdagelsesreisende i villmarken som ble reddet av en PLB under et strengt testprogram i Alaska. Basert p\u00e5 testresultatene godkjente den f\u00f8derale regjeringen bruken av PLB-er i USA i 2003.  <\/p>\n<p>&nbsp;<\/p>\n<p>Selv under ekstreme forhold og situasjoner aktiveres ResQLink \u2122 enkelt. Bare utl\u00f8s antennen og trykk p\u00e5 P\u00c5-knappen. Med sin kraftige 66-kanals GPS veileder ResQLink \u2122 redningsmannskaper innenfor 100 meter eller mindre fra din posisjon. Og i det kontinentale USA blir s\u00f8k- og redningspersonell vanligvis varslet om din posisjon p\u00e5 s\u00e5 lite som fem minutter med en GPS -aktivert PLB som ResQLink \u2122.   <\/p>\n<p>&nbsp;<\/p>\n<p>To innebygde tester lar deg rutinemessig bekrefte at ResQLink \u2122 fungerer og er klar til bruk \u2013 med et knappetrykk kan du enkelt teste intern elektronikk og GPS funksjonalitet.<\/p>\n<ul>\n<li>Ingen abonnementsavgifter kreves<\/li>\n<li>Supersterk LED-strobe<\/li>\n<li>Innebygd 66-kanals GPS<\/li>\n<li>Selvtest- og GPS -testfunksjoner<\/li>\n<li>Typisk ytelse 30 timer<\/li>\n<li>Ikke-farlig batteri<\/li>\n<li>Laget i USA<\/li>\n<li>Hvis du bruker den &#8230; erstatter vi den kostnadsfritt. Bare <a href=\"http:\/\/www.survivorclub.com\/\">send inn<\/a> historien din, send oss \u200b\u200btilbake den brukte beaconen din slik at vi kan f\u00e5 den montert p\u00e5 v\u00e5r Wall of Fame, og vi sender deg en helt ny beacon av samme eller h\u00f8yere verdi. <\/li>\n<\/ul>\n<p>Tagger: Personal Locator Beacon , PLB , PLB-er, 406 MHz, SurvivorClub, Flyter, Oppdriftslys, Strobelys, N\u00f8dsignal, Ingen abonnement, Personlig EPIRB , GPS lokaliseringssignal, 2880, PN 2880, PLB 375<\/p>\n","protected":false},"excerpt":{"rendered":"<p>Den er kanskje liten, men den er t\u00f8ff. ResQLink \u2122 PLB Personal Locator Beacon ( PLB ) er en GPS -aktivert redningssender som er egnet for utend\u00f8rseventyr i alle st\u00f8rrelser (tenk: alt fra fotturer og sykling til jakt og fiske). Skulle du st\u00f8te p\u00e5 en uventet situasjon, vil ResQLink PLB videresende posisjonen din til et nettverk av s\u00f8k- og redningssatellitter. PLB-er har bidratt til \u00e5 redde tusenvis av menneskers liv.   <\/p>\n<p><em><strong>Dette produktet har blitt oppgradert. <a href=\"https:\/\/www.acrartex.com\/products\/resqlink-400\/\">Klikk her<\/a> for tilgjengelige oppgraderinger<\/strong><\/em><\/p>\n<p><span style=\"font-size: 11.0pt;\"><a style=\"color: blue; text-decoration: underline;\" href=\"https:\/\/www.dropbox.com\/s\/ezakylsa2478sav\/Prop%2065%20-%20DINP%20and%20BPA.pdf?dl=0\"><span style=\"color: #000000;\">ADVARSEL: FORSLAG 65<\/span><\/a><\/span><\/p>\n<p>&nbsp;<\/p>\n<p>&nbsp;<\/p>\n","protected":false},"featured_media":151302,"template":"","meta":{"_acf_changed":false,"om_disable_all_campaigns":false},"product_brand":[],"product_cat":[5869,5887,5879,5867,5876,5858,5865,5571,5883,5635,5855,5860,5862,5873,5880,5870,5884,5686],"product_tag":[5697,5693,5689,5901,5899,5892,5895,5888],"class_list":{"0":"post-151297","1":"product","2":"type-product","3":"status-publish","4":"has-post-thumbnail","6":"product_cat-actionsport-offroad-no","7":"product_cat-bakken-spesialstyrker-no","8":"product_cat-forretningsjet-no","9":"product_cat-fotturer-klatring-leir-no","10":"product_cat-generell-luftfart-no","11":"product_cat-inn-i-landet-no","12":"product_cat-kommersiell-no-2","13":"product_cat-luftfart","14":"product_cat-luftpatrulje-no","15":"product_cat-marine-no","16":"product_cat-militaer","17":"product_cat-naer-kysten","18":"product_cat-offshore-no","19":"product_cat-padlesport-fiske","20":"product_cat-politi-kommune","21":"product_cat-reiseutstyr","22":"product_cat-sjostyrker","23":"product_cat-utendors","24":"product_tag-gps-en","25":"product_tag-personlig-lokaliseringsfyr","26":"product_tag-plb-no","27":"product_tag-plb-375-no","28":"product_tag-plb375-no-2","29":"product_tag-resq-no-2","30":"product_tag-resq-lenke","31":"product_tag-resqlink-no","32":"pa_product-arv-no","34":"first","35":"outofstock","36":"taxable","37":"shipping-taxable","38":"product-type-simple"},"acf":[],"_links":{"self":[{"href":"https:\/\/www.acrartex.com\/no\/wp-json\/wp\/v2\/product\/151297","targetHints":{"allow":["GET"]}}],"collection":[{"href":"https:\/\/www.acrartex.com\/no\/wp-json\/wp\/v2\/product"}],"about":[{"href":"https:\/\/www.acrartex.com\/no\/wp-json\/wp\/v2\/types\/product"}],"wp:featuredmedia":[{"embeddable":true,"href":"https:\/\/www.acrartex.com\/no\/wp-json\/wp\/v2\/media\/151302"}],"wp:attachment":[{"href":"https:\/\/www.acrartex.com\/no\/wp-json\/wp\/v2\/media?parent=151297"}],"wp:term":[{"taxonomy":"product_brand","embeddable":true,"href":"https:\/\/www.acrartex.com\/no\/wp-json\/wp\/v2\/product_brand?post=151297"},{"taxonomy":"product_cat","embeddable":true,"href":"https:\/\/www.acrartex.com\/no\/wp-json\/wp\/v2\/product_cat?post=151297"},{"taxonomy":"product_tag","embeddable":true,"href":"https:\/\/www.acrartex.com\/no\/wp-json\/wp\/v2\/product_tag?post=151297"}],"curies":[{"name":"wp","href":"https:\/\/api.w.org\/{rel}","templated":true}]}}