{"id":151178,"date":"2021-03-16T08:07:42","date_gmt":"2021-03-16T13:07:42","guid":{"rendered":"https:\/\/www.acrartex.com\/products\/aqualink-view\/"},"modified":"2025-07-07T09:58:32","modified_gmt":"2025-07-07T14:58:32","slug":"aqualink-view","status":"publish","type":"product","link":"https:\/\/www.acrartex.com\/no\/products\/aqualink-view\/","title":{"rendered":"AquaLink\u2122 View"},"content":{"rendered":"<p><em><strong><a href=\"https:\/\/www.acrartex.com\/products\/resqlink-view\/\">Dette produktet har blitt oppgradert<\/a> .  <\/strong><\/em><\/p>\n<p>Med tre niv\u00e5er av integrert signalteknologi \u2013 GPS posisjonering, et kraftig 406 MHz-signal og 121,5 MHz-m\u00e5ls\u00f8kingsfunksjon \u2013 formidler AquaLink\u2122 View raskt og n\u00f8yaktig posisjonen din til et verdensomspennende nettverk av s\u00f8k- og redningssatellitter, noe som reduserer s\u00f8ketiden og \u00f8ker sjansene dine for \u00e5 overleve. Det er en p\u00e5litelig signalteknologi som har reddet mer enn 50 000 liv siden 1982. <\/p>\n<p>&nbsp;<\/p>\n<p>AquaLink\u2122 View sender ut et unikt registrert n\u00f8dsignal som ikke bare forteller redningsmannskaper hvor du er, men ogs\u00e5 hvem du er. Den innebygde GPS kan fastsette posisjonen din innenfor 100 meter og bruker deretter et kraftig 406 MHz-signal for \u00e5 videresende n\u00f8danropet til satellitter i bane. N\u00e5r lokal s\u00f8k og redning utplasseres, veileder et separat m\u00e5ls\u00f8kingssignal og integrert LED-strobelys redningsmannskaper til din n\u00f8yaktige posisjon. AquaLink\u2122 View har et digitalt display som lar deg se alle redningsfyrens driftsaktiviteter. Skjermen viser GPS LAT\/LON, bruksanvisninger, brukstips, sendefrekvenser samt batteristr\u00f8m. Det digitale displayet gj\u00f8r det ogs\u00e5 enkelt og lett \u00e5 forst\u00e5 selvtesting av redningsfyren din ved \u00e5 visuelt veilede deg gjennom selvtesten trinn for trinn. Du trenger ikke lenger \u00e5 lytte til pipelyder og se etter LED-lamper. AquaLink\u2122 View er liten nok til \u00e5 enkelt kunne b\u00e6res i en sekk eller lomme, eller den kan b\u00e6res p\u00e5 dekk, ved roret, i redningsvest eller p\u00e5 en redningsvest, og den vil flyte hvis den ved et uhell mistes over bord. ACR eksklusivt: Innebygd GPS innsamlingstestmodus lar deg teste GPS funksjonaliteten opptil 60 ganger i l\u00f8pet av batteriets levetid. Benytt deg av den samme felttestede redningsteknologien som brukes av det amerikanske milit\u00e6ret, den amerikanske kystvakten, NATOs spesialstyrker og arktiske oppdagere.         <\/p>\n<p>&nbsp;<\/p>\n<ul>\n<li>Ingen abonnementsavgifter<\/li>\n<li>Flyter<\/li>\n<li>Supersterk LED-strobe<\/li>\n<li>Innebygd 66-kanals GPS<\/li>\n<li>Selvtest- og GPS -testfunksjoner<\/li>\n<li>Typisk ytelse 35 timer<\/li>\n<li>Ikke-farlig batteri<\/li>\n<li>Laget i USA<\/li>\n<\/ul>\n<p>&nbsp;<\/p>\n<p>Hvis du bruker den &#8230; erstatter vi den kostnadsfritt. Bare <a href=\"https:\/\/www.acrartex.com\/stories\/new\">send inn historien din<\/a> , send oss \u200b\u200btilbake den brukte beaconen din, slik at vi kan f\u00e5 den montert p\u00e5 v\u00e5r Wall of Fame, og vi sender deg en helt ny beacon av samme eller h\u00f8yere verdi. <\/p>\n<p>&nbsp;<\/p>\n<p>Tagger: Personal Locator Beacon , PLB , PLB-er, 406 MHz, SurvivorClub, Flyter, Oppdriftslys, Strobelys, N\u00f8dsignal, Ingen abonnement, Digitalt display, Personlig EPIRB , GPS lokaliseringssignal, 2884, PN 2884, PLB 350, PLB350C<\/p>\n","protected":false},"excerpt":{"rendered":"<p><b><i>Dette produktet har blitt oppgradert. <a href=\"https:\/\/www.acrartex.com\/products\/resqlink-view\/\">Klikk her<\/a> for \u00e5 se tilgjengelige produktoppgraderinger<\/i><\/b><\/p>\n<p>&nbsp;<\/p>\n<p>Dra ut til havs med tryggheten til den h\u00e5ndholdte AquaLink\u2122 View Personal Locator Beacon ( PLB ). Den digitale skjermen gir all viktig informasjon om beaconens funksjoner, inkludert GPS posisjonering og sendingsb\u00f8lger. I tillegg betyr den flytende designen at hvis AquaLink View ved et uhell faller over bord, vil den flyte. Ha trygghet i vissheten om at hvis en b\u00e5tn\u00f8dsituasjon skulle oppst\u00e5, vil denne personlige n\u00f8dbeaconen raskt videresende posisjonen din til satellittnettverk og redusere s\u00f8ke- og redningstiden.   <\/p>\n<p>&nbsp;<\/p>\n<p style=\"margin-left: 0in; margin-right: 0in;\"><span style=\"font-size: 11pt;\"><span style=\"font-family: Calibri,sans-serif;\"><a style=\"color: blue; text-decoration: underline;\" href=\"https:\/\/www.dropbox.com\/s\/8343nj28z0d7bxa\/Prop%2065%20-%20BPA.pdf?dl=0\"><span style=\"color: #000000;\">ADVARSEL: FORSLAG 65<\/span><\/a><\/span><\/span><\/p>\n<p>&nbsp;<\/p>\n<p>&nbsp;<\/p>\n<p>&nbsp;<\/p>\n","protected":false},"featured_media":151198,"template":"","meta":{"_acf_changed":false,"om_disable_all_campaigns":false},"product_brand":[],"product_cat":[5635,5686],"product_tag":[5577,5705,5707,5701,5717,5697,5643,5693,5689,5714,5712,5716,5710],"class_list":{"0":"post-151178","1":"product","2":"type-product","3":"status-publish","4":"has-post-thumbnail","6":"product_cat-marine-no","7":"product_cat-utendors","8":"product_tag-406-no","9":"product_tag-akva","10":"product_tag-aqua-lenke","11":"product_tag-aqualink-no","12":"product_tag-aqualink-visning","13":"product_tag-gps-en","14":"product_tag-nodsignal-no","15":"product_tag-personlig-lokaliseringsfyr","16":"product_tag-plb-no","17":"product_tag-plb-350c-no-2","18":"product_tag-plb-350c-no","19":"product_tag-plb350-no","20":"product_tag-vann","21":"pa_product-arv-no","23":"first","24":"outofstock","25":"taxable","26":"shipping-taxable","27":"product-type-simple"},"acf":[],"_links":{"self":[{"href":"https:\/\/www.acrartex.com\/no\/wp-json\/wp\/v2\/product\/151178","targetHints":{"allow":["GET"]}}],"collection":[{"href":"https:\/\/www.acrartex.com\/no\/wp-json\/wp\/v2\/product"}],"about":[{"href":"https:\/\/www.acrartex.com\/no\/wp-json\/wp\/v2\/types\/product"}],"wp:featuredmedia":[{"embeddable":true,"href":"https:\/\/www.acrartex.com\/no\/wp-json\/wp\/v2\/media\/151198"}],"wp:attachment":[{"href":"https:\/\/www.acrartex.com\/no\/wp-json\/wp\/v2\/media?parent=151178"}],"wp:term":[{"taxonomy":"product_brand","embeddable":true,"href":"https:\/\/www.acrartex.com\/no\/wp-json\/wp\/v2\/product_brand?post=151178"},{"taxonomy":"product_cat","embeddable":true,"href":"https:\/\/www.acrartex.com\/no\/wp-json\/wp\/v2\/product_cat?post=151178"},{"taxonomy":"product_tag","embeddable":true,"href":"https:\/\/www.acrartex.com\/no\/wp-json\/wp\/v2\/product_tag?post=151178"}],"curies":[{"name":"wp","href":"https:\/\/api.w.org\/{rel}","templated":true}]}}