{"id":151021,"date":"2021-03-16T08:08:46","date_gmt":"2021-03-16T13:08:46","guid":{"rendered":"https:\/\/www.acrartex.com\/products\/elt-3000hm\/"},"modified":"2021-03-16T08:08:46","modified_gmt":"2021-03-16T13:08:46","slug":"elt-3000hm","status":"publish","type":"product","link":"https:\/\/www.acrartex.com\/no\/products\/elt-3000hm\/","title":{"rendered":"ELT 3000HM"},"content":{"rendered":"<p>Med flyets NAV-data s\u00f8ml\u00f8st integrert, overf\u00f8res breddegrad\/lengdegrad automatisk hvert 50. sekund i 24 timer p\u00e5 n\u00f8dfrekvensen 406 MHz. Dette gj\u00f8r at n\u00f8detatene kan finne den n\u00f8yaktige flyposisjonen innen f\u00e5 minutter etter at fyrt\u00e5rnet aktiveres.  ARTEX ELT 3000 er utviklet for \u00e5 redusere st\u00f8rrelsen og vekten p\u00e5 ELT systemet i en enkel \u00e5 installere pakke. For \u00e5 forenkle installasjonen bruker ARTEX ELT 3000 en enkelt RF-utgang som kobles til en trippelb\u00e5ndsantenne, noe som reduserer installasjonen til en enkelt koaksialkabel. <\/p>\n<p>&nbsp;<\/p>\n<p>Den enkle inngangsantennen og elimineringen av et eksternt NAV-grensesnitt reduserer installasjonskostnadene betraktelig. ARTEX ELT 3000 er kompatibel med ARTEX sitt eksklusive system for online satellittbekreftelsestesting, 406Test.com. Dette eksklusive systemet gir resultater fra beacon-testing i sanntid gjennom de samme satellittene som brukes av s\u00f8k og redning, noe som sikrer at ELT systemet fungerer som det skal. Det er en grunn til at ARTEX ELT-er er valget til flere flyprodusenter enn noen andre; de \u200b\u200bstoler p\u00e5 ARTEX for \u00e5 bygge produkter av h\u00f8yeste kvalitet, vel vitende om at de brukes til \u00e5 redde liv. Slik fungerer ARTEX ELT 3000 ARTEX ELT 3000 kan aktiveres manuelt (via cockpitfjernbryter) eller automatisk (G-Switch registrerer et st\u00f8t p\u00e5 2,3 G eller st\u00f8rre), og varsler n\u00e6rmeste s\u00f8k- og redningstjeneste om en n\u00f8dsituasjon. 406 MHz-signalet, som inneholder flyets GPS koordinater, overf\u00f8res til Cospas-Sarsat satellittene og videresendes til kontrollsenteret, hvor det umiddelbart rutes til n\u00e6rmeste s\u00f8k- og redningstjeneste.     <\/p>\n<p>&nbsp;<\/p>\n<p>Fyrt\u00e5rnet vil gi f\u00f8rstehjelpere den n\u00f8yaktige posisjonen innenfor 100 meter. Til slutt hjelper 121,5\/243 MHz-m\u00e5ls\u00f8kingssignalene s\u00f8k- og redningsstyrker med \u00e5 finne stedet for n\u00f8dsituasjonen. Enkel installasjon ARTEX ELT 3000 gir en rask og enkel ettermonteringsmulighet med fleksible installasjonsalternativer, for eksempel en to- eller femtr\u00e5ds fjernbryter som ikke krever flystr\u00f8m. Fordi det er en ELT med \u00e9n utgang, bruker ELT 3000 samme RF-utgang og bare \u00e9n koaksialkabel for \u00e5 overf\u00f8re b\u00e5de 406 MHz- og 121,5\/243 MHz-signaler. Det innebygde navigasjonsgrensesnittet reduserer behovet for \u00e5 montere et sekund\u00e6rt eksternt grensesnitt, noe som reduserer installasjonskostnadene betraktelig. Det er to monteringsbrett tilgjengelig. Det ene gir minst mulig fotavtrykk, mens det andre matcher eldre ARTEX B- og C-serie ELT installasjoner, noe som gir ytterligere reduksjon av ingeni\u00f8rkostnader.      <\/p>\n<p>&nbsp;<\/p>\n<p><u>Produktfunksjoner  <\/u><\/p>\n<ul>\n<li>Den minste 406 MHz ELT som er tilgjengelig og den letteste ELT -en i transportkvalitet med ARINC\/ GPS RS232-grensesnitt<\/li>\n<li>Automatisk fast Emergency Locator Transmitter<\/li>\n<li>Trippelfrekvens n\u00f8dsignal, digitale 406 MHz og analoge 121,5\/243 MHz m\u00e5ls\u00f8kende signaler<\/li>\n<li>Automatisk aktivering via intern G-bryter Tri-band-antenne med enkeltkontakt og kabel til sender<\/li>\n<li>Enkel vedlikehold og installasjon<\/li>\n<li>Mange fjernkontrollbrytere i cockpiten tilgjengelig<\/li>\n<li>Kan kobles til innebygd GPS via integrert ARINC429- eller RS232-grensesnitt<\/li>\n<li>GPS data er innebygd i digital overf\u00f8ring, noe som reduserer s\u00f8keradiusen ned til 100 meter<\/li>\n<li>Verdensomspennende Cospas-Sarsat -dekning 6 \u00e5rs batterilevetid (kan byttes ut)<\/li>\n<li>Helikopterversjon med 5-akset G-bryter tilgjengelig<\/li>\n<li>Kompatibel med ARTEX 406Test.com satellittbekreftelsestestingssystem<\/li>\n<li>Oppfyller b\u00e5de FAA- og EASA-krav<\/li>\n<\/ul>\n<p>&nbsp;<\/p>\n<p>ELT -pakkeliste<\/p>\n<table style=\"border-collapse: collapse; width: 745pt; border: none;\" width=\"994\">\n<colgroup>\n<col style=\"width: 140pt;\" width=\"187\">\n<col style=\"width: 219pt;\" width=\"292\">\n<col style=\"width: 197pt;\" width=\"263\">\n<col style=\"width: 189pt;\" width=\"252\"> <\/colgroup>\n<tbody>\n<tr style=\"height: 20.0pt;\">\n<td class=\"xl66\" style=\"border: none; height: 20.0pt; width: 140pt; text-align: center; vertical-align: middle; padding-top: 1px; padding-right: 1px; padding-left: 1px;\" width=\"187\" height=\"27\"><\/td>\n<td class=\"xl68\" style=\"border: 0.5pt solid gray; background: #3c404a; width: 219pt; text-align: center; vertical-align: middle; padding-top: 1px; padding-right: 1px; padding-left: 1px;\" width=\"292\"><span style=\"font-size: 11pt;\"><span style=\"color: #b0e40a;\"><span style=\"font-weight: bold;\"><span style=\"font-style: normal;\"><span style=\"text-decoration: none;\"><span style=\"font-family: Calibri,sans-serif;\">Antenne<\/span><\/span><\/span><\/span><\/span><\/span><\/td>\n<td class=\"xl68\" style=\"border: 0.5pt solid gray; background: #3c404a; border-left: none; width: 197pt; text-align: center; vertical-align: middle; padding-top: 1px; padding-right: 1px; padding-left: 1px;\" width=\"263\"><span style=\"font-size: 11pt;\"><span style=\"color: #b0e40a;\"><span style=\"font-weight: bold;\"><span style=\"font-style: normal;\"><span style=\"text-decoration: none;\"><span style=\"font-family: Calibri,sans-serif;\">Fjernbryter og tilbeh\u00f8r<\/span><\/span><\/span><\/span><\/span><\/span><\/td>\n<td class=\"xl67\" style=\"border: none; background: #3c404a; border-left: none; width: 189pt; text-align: center; vertical-align: middle; border-width: 0.5pt; border-style: solid; border-color: gray windowtext gray gray; padding-top: 1px; padding-right: 1px; padding-left: 1px;\" width=\"252\"><span style=\"font-size: 11pt;\"><span style=\"color: #b0e40a;\"><span style=\"font-weight: bold;\"><span style=\"font-style: normal;\"><span style=\"text-decoration: none;\"><span style=\"font-family: Calibri,sans-serif;\">H\u00e5ndb\u00f8ker\/Godkjenninger\/Nedlastinger<\/span><\/span><\/span><\/span><\/span><\/span><\/td>\n<\/tr>\n<tr style=\"height: 20.0pt;\">\n<td class=\"xl70\" style=\"border: 0.5pt solid gray; background: #b0e40a; height: 20.0pt; text-align: center; vertical-align: middle; padding-top: 1px; padding-right: 1px; padding-left: 1px;\" height=\"27\"><span style=\"font-size: 11pt;\"><span style=\"font-weight: 400;\"><span style=\"font-style: normal;\"><span style=\"text-decoration: none;\"><span style=\"font-family: Calibri,sans-serif;\">ELT 3000HM 8231<\/span><\/span><\/span><\/span><\/span><\/td>\n<td class=\"xl69\" style=\"border: none; padding-top: 1px; padding-right: 1px; padding-left: 1px; vertical-align: bottom;\"><span style=\"font-size: 11pt;\"><span style=\"font-weight: 400;\"><span style=\"font-style: normal;\"><span style=\"text-decoration: none;\"><span style=\"font-family: Calibri,sans-serif;\"> <\/span><\/span><\/span><\/span><\/span><\/td>\n<td class=\"xl66\" style=\"border: none; text-align: center; vertical-align: middle; padding-top: 1px; padding-right: 1px; padding-left: 1px;\"><\/td>\n<td class=\"xl66\" style=\"border: none; text-align: center; vertical-align: middle; padding-top: 1px; padding-right: 1px; padding-left: 1px;\"><a href=\"https:\/\/www.dropbox.com\/s\/ba7lq6uzc9ww7t6\/8231b.pdf?dl=1\"><span style=\"font-size: 11pt;\"><span style=\"font-weight: 400;\"><span style=\"font-style: normal;\"><span style=\"text-decoration: none;\"><span style=\"font-family: Calibri,sans-serif;\">Pakkeliste<\/span><\/span><\/span><\/span><\/span><\/a><\/td>\n<\/tr>\n<tr style=\"height: 20.0pt;\">\n<td class=\"xl70\" style=\"border: 0.5pt solid gray; background: #b0e40a; height: 20.0pt; border-top: none; text-align: center; vertical-align: middle; padding-top: 1px; padding-right: 1px; padding-left: 1px;\" height=\"27\"><span style=\"font-size: 11pt;\"><span style=\"font-weight: 400;\"><span style=\"font-style: normal;\"><span style=\"text-decoration: none;\"><span style=\"font-family: Calibri,sans-serif;\">ELT 3000HM 8232<\/span><\/span><\/span><\/span><\/span><\/td>\n<td class=\"xl66\" style=\"border: none; text-align: center; vertical-align: middle; padding-top: 1px; padding-right: 1px; padding-left: 1px;\"><\/td>\n<td class=\"xl66\" style=\"border: none; text-align: center; vertical-align: middle; padding-top: 1px; padding-right: 1px; padding-left: 1px;\"><\/td>\n<td class=\"xl66\" style=\"border: none; text-align: center; vertical-align: middle; padding-top: 1px; padding-right: 1px; padding-left: 1px;\"><a href=\"https:\/\/www.dropbox.com\/s\/ugsb53vzphp6mvo\/8232b.pdf?dl=1\"><span style=\"font-size: 11pt;\"><span style=\"font-weight: 400;\"><span style=\"font-style: normal;\"><span style=\"text-decoration: none;\"><span style=\"font-family: Calibri,sans-serif;\">Pakkeliste<\/span><\/span><\/span><\/span><\/span><\/a><\/td>\n<\/tr>\n<tr style=\"height: 20.0pt;\">\n<td class=\"xl70\" style=\"border: 0.5pt solid gray; background: #b0e40a; height: 20.0pt; border-top: none; text-align: center; vertical-align: middle; padding-top: 1px; padding-right: 1px; padding-left: 1px;\" height=\"27\"><span style=\"font-size: 11pt;\"><span style=\"font-weight: 400;\"><span style=\"font-style: normal;\"><span style=\"text-decoration: none;\"><span style=\"font-family: Calibri,sans-serif;\">ELT 3000HM 8233<\/span><\/span><\/span><\/span><\/span><\/td>\n<td class=\"xl66\" style=\"border: none; text-align: center; vertical-align: middle; padding-top: 1px; padding-right: 1px; padding-left: 1px;\"><span style=\"font-size: 11pt;\"><span style=\"font-weight: 400;\"><span style=\"font-style: normal;\"><span style=\"text-decoration: none;\"><span style=\"font-family: Calibri,sans-serif;\">110-338 (Hvit) og 110-338-01 (Svart)<\/span><\/span><\/span><\/span><\/span><\/td>\n<td class=\"xl66\" style=\"border: none; text-align: center; vertical-align: middle; padding-top: 1px; padding-right: 1px; padding-left: 1px;\"><span style=\"font-size: 11pt;\"><span style=\"font-weight: 400;\"><span style=\"font-style: normal;\"><span style=\"text-decoration: none;\"><span style=\"font-family: Calibri,sans-serif;\">8304<\/span><\/span><\/span><\/span><\/span><\/td>\n<td class=\"xl66\" style=\"border: none; text-align: center; vertical-align: middle; padding-top: 1px; padding-right: 1px; padding-left: 1px;\"><a href=\"https:\/\/www.dropbox.com\/s\/1ranamkvy04fr97\/8233b.pdf?dl=1\"><span style=\"font-size: 11pt;\"><span style=\"font-weight: 400;\"><span style=\"font-style: normal;\"><span style=\"text-decoration: none;\"><span style=\"font-family: Calibri,sans-serif;\">Pakkeliste<\/span><\/span><\/span><\/span><\/span><\/a><\/td>\n<\/tr>\n<\/tbody>\n<\/table>\n<p>&nbsp;<\/p>\n<p>Tagger: ARTEX , ARTEX ELT , ARTEX ELT 3000, Emergency Locator Transmitter , ELT 3000, 406 MHz, Flyn\u00f8d, ELT for kommersiell luftfart, ELT for transport<\/p>\n","protected":false},"excerpt":{"rendered":"<p>Den helt nye ARTEX ELT 3000HM er en integrert Emergency Locator Transmitter ( ELT ) i transportklasse for rotorfart\u00f8ymarkedet. Den kompakte formfaktoren er kombinert med det integrerte NAV-grensesnittet (ARINC429 eller RS232) som eliminerer behovet og kostnadene ved \u00e5 installere en separat NAV-grensesnittenhet, og gir betydelige reduksjoner i vekt og kostnader. <\/p>\n<p><span style=\"color: #3366ff;\"><strong>Dette produktet er utg\u00e5tt<\/strong><\/span><\/p>\n<p><a href=\"https:\/\/www.acrartex.com\/survival-products\/406test\"><img decoding=\"async\" style=\"width: 300px; height: 41px;\" src=\"https:\/\/dk2ztu5ooimmu.cloudfront.net\/ckeditor_assets\/pictures\/146\/406Test_with_desc_-_Tag.gif\" alt=\"\"><\/a><\/p>\n","protected":false},"featured_media":151025,"template":"","meta":{"_acf_changed":false,"om_disable_all_campaigns":false},"product_brand":[],"product_cat":[5571,5573],"product_tag":[5577,5575,5579,5581],"class_list":{"0":"post-151021","1":"product","2":"type-product","3":"status-publish","4":"has-post-thumbnail","6":"product_cat-luftfart","7":"product_cat-rotocraft-no","8":"product_tag-406-no","9":"product_tag-elt-no","10":"product_tag-elt-3000-no","11":"product_tag-nodlokaliseringssender","12":"pa_aircraft-type-rotocraft-no","13":"pa_product-arv-no","15":"first","16":"instock","17":"taxable","18":"shipping-taxable","19":"product-type-simple"},"acf":[],"_links":{"self":[{"href":"https:\/\/www.acrartex.com\/no\/wp-json\/wp\/v2\/product\/151021","targetHints":{"allow":["GET"]}}],"collection":[{"href":"https:\/\/www.acrartex.com\/no\/wp-json\/wp\/v2\/product"}],"about":[{"href":"https:\/\/www.acrartex.com\/no\/wp-json\/wp\/v2\/types\/product"}],"wp:featuredmedia":[{"embeddable":true,"href":"https:\/\/www.acrartex.com\/no\/wp-json\/wp\/v2\/media\/151025"}],"wp:attachment":[{"href":"https:\/\/www.acrartex.com\/no\/wp-json\/wp\/v2\/media?parent=151021"}],"wp:term":[{"taxonomy":"product_brand","embeddable":true,"href":"https:\/\/www.acrartex.com\/no\/wp-json\/wp\/v2\/product_brand?post=151021"},{"taxonomy":"product_cat","embeddable":true,"href":"https:\/\/www.acrartex.com\/no\/wp-json\/wp\/v2\/product_cat?post=151021"},{"taxonomy":"product_tag","embeddable":true,"href":"https:\/\/www.acrartex.com\/no\/wp-json\/wp\/v2\/product_tag?post=151021"}],"curies":[{"name":"wp","href":"https:\/\/api.w.org\/{rel}","templated":true}]}}