{"id":148619,"date":"2021-02-26T09:20:49","date_gmt":"2021-02-26T14:20:49","guid":{"rendered":"https:\/\/www.acrartex.com\/bruk-av-konfliktmineraler\/"},"modified":"2025-07-07T08:35:49","modified_gmt":"2025-07-07T13:35:49","slug":"bruk-av-konfliktmineraler","status":"publish","type":"page","link":"https:\/\/www.acrartex.com\/no\/bruk-av-konfliktmineraler\/","title":{"rendered":"Bruk av konfliktmineraler"},"content":{"rendered":"\n<p>Securities and Exchange Commission (\u00abSEC\u00bb) har vedtatt en ny regel og et nytt skjema, som p\u00e5lagt av paragraf 1502 i Dodd-Frank Wall Street Reform and Consumer Protection Act (\u00abDodd-Frank Act\u00bb), for \u00e5 kreve at selskaper offentliggj\u00f8r sin bruk av konfliktmineraler som oppst\u00e5r i Den demokratiske republikken Kongo (\u00abDRC\u00bb) eller et tilst\u00f8tende land (sammen med DRC, \u00abdekkede land\u00bb). Paragraf 1502 i Dodd-Frank Act endrer Securities Exchange Act av 1934 for \u00e5 p\u00e5legge kommisjonen \u00e5 utstede regler som krever at visse selskaper opplyser om sin bruk av \u00abkonfliktmineraler\u00bb hvis disse mineralene er \u00abn\u00f8dvendige for funksjonaliteten eller produksjonen av et produkt\u00bb produsert av disse selskapene eller kontraktsfestet av disse selskapene for \u00e5 bli produsert. I henhold til paragraf 1502 inkluderer begrepet \u00abkonfliktmineraler\u00bb tantal, tinn, gull eller wolfram. Kongressen vedtok paragraf 1502 p\u00e5 grunn av bekymringer om at utnyttelse og handel med konfliktmineraler av v\u00e6pnede grupper bidrar til \u00e5 finansiere konflikt i DRC-regionen og bidrar til en humanit\u00e6r krise. Selv om ACR Electronics , Inc. ( ACR ), et privateid selskap, ikke er underlagt reglene og rapporteringskravene for konfliktmineraler, forst\u00e5r vi at noen av kundene v\u00e5re kan v\u00e6re det. ACR er forpliktet til \u00e5 st\u00f8tte kundenes samsvarsarbeid med deres rapporteringskrav for konfliktmineraler. For \u00e5 overholde intensjonen bak kravene for konfliktmineraler, innhenter ACR materialer fra leverand\u00f8rer som har utf\u00f8rt sin due diligence med sine produkter og tilh\u00f8rende forsyningskjeder. ACR innhenter elektronisk materiale fra OEM-franchise- eller lisensierte distribut\u00f8rer, som ikke har direkte kontakt med smelteverk. ACR krever rimelig due diligence i samsvar med Responsible Minerals Initiative (RMI), tidligere Conflict-Free Sourcing Initiative (CFSI), fra godkjente leverand\u00f8rer av materialer til v\u00e5re produkter. ACR kan derfor erkl\u00e6re at produktene v\u00e5re, s\u00e5 vidt vi vet, ikke inneholder konfliktmineraler. Vi vil fortsette \u00e5 samarbeide med v\u00e5re leverand\u00f8rer for \u00e5 sikre at vi er i stand til \u00e5 identifisere tilstedev\u00e6relsen av konfliktmineraler i v\u00e5r forsyningskjede, og at representasjonene i denne samsvarserkl\u00e6ringen for konfliktmineraler forblir n\u00f8yaktige. Hvis bedriften din har sp\u00f8rsm\u00e5l knyttet til denne samsvarserkl\u00e6ringen for konfliktmineraler, kan du kontakte ACR kvalitetsavdeling.           <\/p>\n","protected":false},"excerpt":{"rendered":"<p>Securities and Exchange Commission (\u00abSEC\u00bb) har vedtatt en ny regel og et nytt skjema, som p\u00e5lagt av paragraf 1502 i Dodd-Frank Wall Street Reform and Consumer Protection Act (\u00abDodd-Frank Act\u00bb), for \u00e5 kreve at selskaper offentliggj\u00f8r sin bruk av konfliktmineraler som oppst\u00e5r i Den demokratiske republikken Kongo (\u00abDRC\u00bb) eller et tilst\u00f8tende land (sammen med DRC, [&hellip;]<\/p>\n","protected":false},"author":2,"featured_media":0,"parent":0,"menu_order":0,"comment_status":"closed","ping_status":"closed","template":"","meta":{"_acf_changed":false,"om_disable_all_campaigns":false,"footnotes":""},"class_list":["post-148619","page","type-page","status-publish","hentry"],"acf":[],"_links":{"self":[{"href":"https:\/\/www.acrartex.com\/no\/wp-json\/wp\/v2\/pages\/148619","targetHints":{"allow":["GET"]}}],"collection":[{"href":"https:\/\/www.acrartex.com\/no\/wp-json\/wp\/v2\/pages"}],"about":[{"href":"https:\/\/www.acrartex.com\/no\/wp-json\/wp\/v2\/types\/page"}],"author":[{"embeddable":true,"href":"https:\/\/www.acrartex.com\/no\/wp-json\/wp\/v2\/users\/2"}],"replies":[{"embeddable":true,"href":"https:\/\/www.acrartex.com\/no\/wp-json\/wp\/v2\/comments?post=148619"}],"version-history":[{"count":1,"href":"https:\/\/www.acrartex.com\/no\/wp-json\/wp\/v2\/pages\/148619\/revisions"}],"predecessor-version":[{"id":148624,"href":"https:\/\/www.acrartex.com\/no\/wp-json\/wp\/v2\/pages\/148619\/revisions\/148624"}],"wp:attachment":[{"href":"https:\/\/www.acrartex.com\/no\/wp-json\/wp\/v2\/media?parent=148619"}],"curies":[{"name":"wp","href":"https:\/\/api.w.org\/{rel}","templated":true}]}}