{"id":148265,"date":"2022-02-23T14:22:43","date_gmt":"2022-02-23T19:22:43","guid":{"rendered":"https:\/\/www.acrartex.com\/hvordan-en-epirb-plb-eller-elt-redning-fungerer\/"},"modified":"2025-07-07T08:24:20","modified_gmt":"2025-07-07T13:24:20","slug":"hvordan-en-epirb-plb-eller-elt-redning-fungerer","status":"publish","type":"page","link":"https:\/\/www.acrartex.com\/no\/hvordan-en-epirb-plb-eller-elt-redning-fungerer\/","title":{"rendered":"Hvordan en EPIRB , PLB eller ELT -redning fungerer"},"content":{"rendered":"\n<p>Det finnes tre typer radiosendere som fungerer direkte med det internasjonale s\u00f8k- og redningssatellittsystemet <a href=\"https:\/\/www.cospas-sarsat.int\/en\/\">Cospas-Sarsat<\/a> , hver med et unikt design for den aktuelle applikasjonen: n\u00f8dsendere ( <a href=\"https:\/\/www.acrartex.com\/product-category\/aviation\/\">ELT-er<\/a> ) som brukes av luftfartsmilj\u00f8et, n\u00f8dradiosendere ( <a href=\"https:\/\/www.acrartex.com\/products\/globalfix-v4-epirb-emergency-positioning-indicading-radio-beacon\/\">EPIRB-er<\/a> ) som brukes i maritime milj\u00f8er, og personlige radiosendere ( <a href=\"https:\/\/www.acrartex.com\/products\/resqlink-400\/\">PLB-er<\/a> ) som brukes av enkeltpersoner i en rekke utend\u00f8rsaktiviteter.<\/p>\n\n<p>N\u00e5r de aktiveres, sender ELT-er, EPIRB-er og PLB-er et unikt n\u00f8dsignal p\u00e5 406 MHz-frekvensen til s\u00f8k- og redningssatellittene. Hver beacon er programmert med og sender en unik digital kode kalt en HEX ID eller unik ID. HEX ID-en identifiserer typen beacon, og s\u00f8k og redning bruker HEX ID-en til \u00e5 identifisere beacon-registreringsinformasjonen som er oppgitt av beacon-eieren. Denne informasjonen kan inkludere: hvem beacon-eieren er, typen fly eller fart\u00f8y beaconen er tilknyttet (for ELT-er og EPIRB-er), n\u00f8dkontaktpunkter, flyplaner, flyteplaner og reiseplaner og mye mer.     <\/p>\n\n<p>Etter at satellitten mottar et n\u00f8dsignal, videresender den signalet til bakkestasjoner som kalles lokale brukerterminaler (LUT-er). LUT-en behandler dataene, beregner plasseringen av n\u00f8dsignalet og sender en dekodet varslingsmelding til det tilknyttede nasjonale kontrollsenteret (MCC). Dette skjer nesten umiddelbart etter at det f\u00f8rste n\u00f8dsignalet er mottatt.  <\/p>\n\n<p>Mission-kontrollsenteret utf\u00f8rer deretter automatisk matching og sammensl\u00e5ing av varslingsmeldinger med andre mottatte meldinger, sorterer dataene geografisk og sender en n\u00f8dmelding til n\u00e6rmeste passende SAR-myndighet, for eksempel et nasjonalt redningskoordineringssenter (RCC), et utenlandsk SAR-kontaktpunkt (SPOC) og en annen MCC hvis fyren for eksempel er registrert i et annet land. RCC unders\u00f8ker fyrvarslingsvarselet og sender ut redningsressurser for \u00e5 finne partene i n\u00f8d hvis n\u00f8den anses som autentisk. Dette kan skje mye raskere n\u00e5r fyren er riktig registrert.  <\/p>\n\n<figure class=\"wp-block-video aligncenter\"><video height=\"1080\" style=\"aspect-ratio: 1920 \/ 1080;\" width=\"1920\" autoplay=\"\" loop=\"\" muted=\"\" src=\"https:\/\/www.acrartex.com\/wp-content\/uploads\/2022\/02\/ACR-How-Does-it-Work-15-sec.mp4\" playsinline=\"\"><\/video><\/figure>\n\n<h2 class=\"wp-block-heading\" id=\"h-rescue-overview\">Oversikt over redning<\/h2>\n\n<ol class=\"wp-block-list\"><li>406 MHz n\u00f8danrop er aktivert<\/li><li>S\u00f8k- og redningssatellitter (SAR) sender n\u00f8dsignaler ned til jorden. Bakkestasjoner kalt lokale brukerterminaler (LUT).<\/li><li>Bakkestasjoner videresender n\u00f8dmeldinger til kontrollsentrene (MCC)<\/li><li>MCC varsler n\u00e6rmeste redningssentraler (RCC)<\/li><li>RCC ringer n\u00f8dkontakter og sender ut n\u00e6rmeste redningsteam<\/li><li>SAR-team ankommer stedet og redder overlevende<\/li><\/ol>\n\n<h2 class=\"wp-block-heading\" id=\"h-lives-saved-since-1982\">Liv reddet siden 1982<\/h2>\n\n<ul class=\"wp-block-list\"><li>Verdensomspennende \u2013 <strong>Over 48 000<\/strong> mennesker reddet<\/li><li>USA \u2013 <strong>9 753<\/strong> mennesker reddet<\/li><\/ul>\n\n<figure class=\"wp-block-embed is-type-video is-provider-youtube wp-block-embed-youtube wp-embed-aspect-16-9 wp-has-aspect-ratio\"><div class=\"wp-block-embed__wrapper\">\n<iframe loading=\"lazy\" title=\"Cospas-Sarsat - How it Works\" width=\"500\" height=\"281\" src=\"https:\/\/www.youtube.com\/embed\/8jHOvWZTNjI?start=3&#038;feature=oembed\" frameborder=\"0\" allow=\"accelerometer; autoplay; clipboard-write; encrypted-media; gyroscope; picture-in-picture; web-share\" referrerpolicy=\"strict-origin-when-cross-origin\" allowfullscreen><\/iframe>\n<\/div><\/figure>\n\n<p><\/p>\n","protected":false},"excerpt":{"rendered":"<p>Det finnes tre typer radiosendere som fungerer direkte med det internasjonale s\u00f8k- og redningssatellittsystemet Cospas-Sarsat , hver med et unikt design for den aktuelle applikasjonen: n\u00f8dsendere ( ELT-er ) som brukes av luftfartsmilj\u00f8et, n\u00f8dradiosendere ( EPIRB-er ) som brukes i maritime milj\u00f8er, og personlige radiosendere ( PLB-er ) som brukes av enkeltpersoner i en rekke [&hellip;]<\/p>\n","protected":false},"author":5,"featured_media":0,"parent":0,"menu_order":0,"comment_status":"closed","ping_status":"closed","template":"","meta":{"_acf_changed":false,"om_disable_all_campaigns":false,"footnotes":""},"class_list":["post-148265","page","type-page","status-publish","hentry"],"acf":[],"_links":{"self":[{"href":"https:\/\/www.acrartex.com\/no\/wp-json\/wp\/v2\/pages\/148265","targetHints":{"allow":["GET"]}}],"collection":[{"href":"https:\/\/www.acrartex.com\/no\/wp-json\/wp\/v2\/pages"}],"about":[{"href":"https:\/\/www.acrartex.com\/no\/wp-json\/wp\/v2\/types\/page"}],"author":[{"embeddable":true,"href":"https:\/\/www.acrartex.com\/no\/wp-json\/wp\/v2\/users\/5"}],"replies":[{"embeddable":true,"href":"https:\/\/www.acrartex.com\/no\/wp-json\/wp\/v2\/comments?post=148265"}],"version-history":[{"count":1,"href":"https:\/\/www.acrartex.com\/no\/wp-json\/wp\/v2\/pages\/148265\/revisions"}],"predecessor-version":[{"id":148266,"href":"https:\/\/www.acrartex.com\/no\/wp-json\/wp\/v2\/pages\/148265\/revisions\/148266"}],"wp:attachment":[{"href":"https:\/\/www.acrartex.com\/no\/wp-json\/wp\/v2\/media?parent=148265"}],"curies":[{"name":"wp","href":"https:\/\/api.w.org\/{rel}","templated":true}]}}