{"id":148180,"date":"2025-04-30T14:37:08","date_gmt":"2025-04-30T19:37:08","guid":{"rendered":"https:\/\/www.acrartex.com\/acr-dashbord-retur-for-kreditt\/"},"modified":"2025-07-07T08:21:52","modified_gmt":"2025-07-07T13:21:52","slug":"acr-dashbord-retur-for-kreditt","status":"publish","type":"page","link":"https:\/\/www.acrartex.com\/no\/acr-dashbord-retur-for-kreditt\/","title":{"rendered":"ACR -dashbord \u2013 Retur for kreditt"},"content":{"rendered":"\n<ul class=\"wp-block-list\">\n<li>Det at du sender inn en returforesp\u00f8rsel autoriserer ikke automatisk retur av varen. N\u00e5r foresp\u00f8rselen din er sendt inn, vil din dedikerte kundeservicemedarbeider gjennomg\u00e5 informasjonen og be om forh\u00e5ndsgodkjenning for \u00e5 starte returprosessen. Du kan bare returnere varen etter at du har mottatt offisiell returdokumentasjon og instruksjoner.  <\/li>\n<\/ul>\n\n<ul class=\"wp-block-list\">\n<li>For \u00e5 sikre at pakken din blir sendt til riktig avdeling, skriv tydelig RMA-nummeret ditt etterfulgt av <strong>\u00ab\u2013 Kreditt\u00bb<\/strong> p\u00e5 utsiden av esken. Pakker mottatt uten RMA-nummer kan bli satt i karantene og ilegges et h\u00e5ndteringsgebyr. <\/li>\n<\/ul>\n\n<ul class=\"wp-block-list\">\n<li>Alle returer for kreditt er underlagt inspeksjon av ACR . Basert p\u00e5 \u00e5rsaken til returen og resultatet av inspeksjonen, kan det p\u00e5l\u00f8pe et gebyr p\u00e5 opptil 20 % for restocking. <\/li>\n<\/ul>\n\n<ul class=\"wp-block-list\">\n<li>For trinnvise instruksjoner om hvordan du sender inn en returforesp\u00f8rsel fra bestillingen din i dashbordet, se oppl\u00e6ringsmateriellet som er medf\u00f8lgende.<\/li>\n<\/ul>\n\n<ul class=\"wp-block-list\">\n<li>Hvis du trenger hjelp, kan du kontakte oss p\u00e5 cs.dashboard@acrarex.com og inkludere all relevant informasjon for \u00e5 sikre rask st\u00f8tte.<\/li>\n<\/ul>\n","protected":false},"excerpt":{"rendered":"","protected":false},"author":23,"featured_media":0,"parent":0,"menu_order":0,"comment_status":"closed","ping_status":"closed","template":"","meta":{"_acf_changed":false,"om_disable_all_campaigns":false,"footnotes":""},"class_list":["post-148180","page","type-page","status-publish","hentry"],"acf":[],"_links":{"self":[{"href":"https:\/\/www.acrartex.com\/no\/wp-json\/wp\/v2\/pages\/148180","targetHints":{"allow":["GET"]}}],"collection":[{"href":"https:\/\/www.acrartex.com\/no\/wp-json\/wp\/v2\/pages"}],"about":[{"href":"https:\/\/www.acrartex.com\/no\/wp-json\/wp\/v2\/types\/page"}],"author":[{"embeddable":true,"href":"https:\/\/www.acrartex.com\/no\/wp-json\/wp\/v2\/users\/23"}],"replies":[{"embeddable":true,"href":"https:\/\/www.acrartex.com\/no\/wp-json\/wp\/v2\/comments?post=148180"}],"version-history":[{"count":1,"href":"https:\/\/www.acrartex.com\/no\/wp-json\/wp\/v2\/pages\/148180\/revisions"}],"predecessor-version":[{"id":148181,"href":"https:\/\/www.acrartex.com\/no\/wp-json\/wp\/v2\/pages\/148180\/revisions\/148181"}],"wp:attachment":[{"href":"https:\/\/www.acrartex.com\/no\/wp-json\/wp\/v2\/media?parent=148180"}],"curies":[{"name":"wp","href":"https:\/\/api.w.org\/{rel}","templated":true}]}}