{"id":147229,"date":"2025-04-30T15:07:49","date_gmt":"2025-04-30T20:07:49","guid":{"rendered":"https:\/\/www.acrartex.com\/acr-dashbord-ofte-stilte-sporsmal\/"},"modified":"2025-07-07T07:00:22","modified_gmt":"2025-07-07T12:00:22","slug":"acr-dashbord-ofte-stilte-sporsmal","status":"publish","type":"page","link":"https:\/\/www.acrartex.com\/no\/acr-dashbord-ofte-stilte-sporsmal\/","title":{"rendered":"ACR dashbord \u2013 ofte stilte sp\u00f8rsm\u00e5l"},"content":{"rendered":"\n<p><strong>Sp\u00f8rsm\u00e5l:<\/strong> Hva om jeg glemmer passordet mitt?<\/p>\n\n<p><strong>A:<\/strong> Send en e-post til teamet v\u00e5rt p\u00e5 <a href=\"mailto:cs.dashboard@acrartex.com\">cs.dashboard@acrartex.com<\/a> , s\u00e5 sender vi deg passordet ditt.<\/p>\n\n<div style=\"height:20px\" aria-hidden=\"true\" class=\"wp-block-spacer\"><\/div>\n\n<p><strong>Sp\u00f8rsm\u00e5l:<\/strong> Jeg er \u00e9n bruker av kontoen min, men jeg vil gjerne legge til flere personer fra bedriften min for \u00e5 f\u00e5 tilgang.<\/p>\n\n<p><strong>A:<\/strong> Vi kan opprette et brukernavn og passord for gruppen som alle kan dele. Send en e-post til kundeserviceteamet v\u00e5rt p\u00e5 <a href=\"mailto:cs.dashboard@acrartex.com\">cs.dashboard@acrartex.com<\/a> med foresp\u00f8rselen din, s\u00e5 f\u00f8lger vi opp med den nye informasjonen din. <\/p>\n\n<p>Q: Hvem kontakter jeg hvis jeg har problemer med kundeportalen?<\/p>\n\n<p>A: Vi har et dedikert kundeserviceteam som er klare til \u00e5 hjelpe deg. Send en e-post til cs.dashboard@acrartex.com med en beskrivelse av problemet ditt eller sp\u00f8rsm\u00e5l du m\u00e5tte ha. En av v\u00e5re agenter vil svare innen 2 arbeidstimer etter at de har mottatt e-posten din.    <\/p>\n\n<p>Q: Hvem kontakter jeg hvis jeg har sp\u00f8rsm\u00e5l ang\u00e5ende fakturaen min?<\/p>\n\n<p>A: Hvis du har sp\u00f8rsm\u00e5l ang\u00e5ende fakturaen eller kontoutskriften din, kan du sende en e-post til <strong><a>ar@acrartex.com<\/a><\/strong> . Et medlem av \u00f8konomiteamet v\u00e5rt vil gjennomg\u00e5 foresp\u00f8rselen din og f\u00f8lge opp direkte med deg. <\/p>\n\n<p>Hvis du har sp\u00f8rsm\u00e5l eller bekymringer knyttet til kredittkortbetalinger gjort via kundeportalen, kan du kontakte <strong><a>cs.dashboard@acrartex.com<\/a><\/strong> . En kundeservicemedarbeider vil hjelpe deg. <\/p>\n\n<p><\/p>\n","protected":false},"excerpt":{"rendered":"<p>Sp\u00f8rsm\u00e5l: Hva om jeg glemmer passordet mitt? A: Send en e-post til teamet v\u00e5rt p\u00e5 cs.dashboard@acrartex.com , s\u00e5 sender vi deg passordet ditt. Sp\u00f8rsm\u00e5l: Jeg er \u00e9n bruker av kontoen min, men jeg vil gjerne legge til flere personer fra bedriften min for \u00e5 f\u00e5 tilgang. A: Vi kan opprette et brukernavn og passord for [&hellip;]<\/p>\n","protected":false},"author":23,"featured_media":0,"parent":0,"menu_order":0,"comment_status":"closed","ping_status":"closed","template":"","meta":{"_acf_changed":false,"om_disable_all_campaigns":false,"footnotes":""},"class_list":["post-147229","page","type-page","status-publish","hentry"],"acf":[],"_links":{"self":[{"href":"https:\/\/www.acrartex.com\/no\/wp-json\/wp\/v2\/pages\/147229","targetHints":{"allow":["GET"]}}],"collection":[{"href":"https:\/\/www.acrartex.com\/no\/wp-json\/wp\/v2\/pages"}],"about":[{"href":"https:\/\/www.acrartex.com\/no\/wp-json\/wp\/v2\/types\/page"}],"author":[{"embeddable":true,"href":"https:\/\/www.acrartex.com\/no\/wp-json\/wp\/v2\/users\/23"}],"replies":[{"embeddable":true,"href":"https:\/\/www.acrartex.com\/no\/wp-json\/wp\/v2\/comments?post=147229"}],"version-history":[{"count":1,"href":"https:\/\/www.acrartex.com\/no\/wp-json\/wp\/v2\/pages\/147229\/revisions"}],"predecessor-version":[{"id":147230,"href":"https:\/\/www.acrartex.com\/no\/wp-json\/wp\/v2\/pages\/147229\/revisions\/147230"}],"wp:attachment":[{"href":"https:\/\/www.acrartex.com\/no\/wp-json\/wp\/v2\/media?parent=147229"}],"curies":[{"name":"wp","href":"https:\/\/api.w.org\/{rel}","templated":true}]}}